{"id":660,"date":"2021-08-27T12:27:17","date_gmt":"2021-08-27T09:27:17","guid":{"rendered":"http:\/\/jchelsinki.fi\/tjasnter-och-verksamhet\/mikve\/"},"modified":"2023-08-09T12:01:10","modified_gmt":"2023-08-09T09:01:10","slug":"mikve","status":"publish","type":"page","link":"https:\/\/jchelsinki.fi\/sv\/tjasnter-och-verksamhet\/mikve\/","title":{"rendered":"Mikve"},"content":{"rendered":"\n<p class=\"has-medium-font-size\">F\u00f6rsamlingens mikve \u00e4r den enda fungerande mikven i Finland. Den byggdes om helt och h\u00e5llet 2014. Mikven finns i&nbsp;f\u00f6rsamlinscentrets lokaler.<\/p>\n\n\n\n<figure class=\"wp-block-image size-full\"><img loading=\"lazy\" decoding=\"async\" width=\"1200\" height=\"803\" src=\"https:\/\/jchelsinki-fi.hel8.wp-cloud.dev\/wp-content\/uploads\/2021\/09\/mikve.jpg\" alt=\"\" class=\"wp-image-658\" srcset=\"https:\/\/jchelsinki.fi\/wp-content\/uploads\/2021\/09\/mikve.jpg 1200w, https:\/\/jchelsinki.fi\/wp-content\/uploads\/2021\/09\/mikve-500x335.jpg 500w, https:\/\/jchelsinki.fi\/wp-content\/uploads\/2021\/09\/mikve-768x514.jpg 768w\" sizes=\"auto, (max-width: 1200px) 100vw, 1200px\" \/><figcaption class=\"wp-element-caption\">Mikve fr\u00e5n Helsingfors judiska f\u00f6rsamling 2014<\/figcaption><\/figure>\n\n\n<style>.wp-block-kadence-advancedheading.kt-adv-heading660_16d8c1-4f, .wp-block-kadence-advancedheading.kt-adv-heading660_16d8c1-4f[data-kb-block=\"kb-adv-heading660_16d8c1-4f\"]{font-style:normal;}.wp-block-kadence-advancedheading.kt-adv-heading660_16d8c1-4f mark.kt-highlight, .wp-block-kadence-advancedheading.kt-adv-heading660_16d8c1-4f[data-kb-block=\"kb-adv-heading660_16d8c1-4f\"] mark.kt-highlight{font-style:normal;color:#f76a0c;-webkit-box-decoration-break:clone;box-decoration-break:clone;padding-top:0px;padding-right:0px;padding-bottom:0px;padding-left:0px;}.wp-block-kadence-advancedheading.kt-adv-heading660_16d8c1-4f img.kb-inline-image, .wp-block-kadence-advancedheading.kt-adv-heading660_16d8c1-4f[data-kb-block=\"kb-adv-heading660_16d8c1-4f\"] img.kb-inline-image{width:150px;vertical-align:baseline;}<\/style>\n<h2 class=\"kt-adv-heading660_16d8c1-4f wp-block-kadence-advancedheading\" data-kb-block=\"kb-adv-heading660_16d8c1-4f\">F\u00f6r kvinnor<\/h2>\n\n\n\n<p>F\u00f6rsamlingens medlemmar kan anv\u00e4nda mikven gratis. \u00c4ven Tallinns \u00a0judiska f\u00f6rsamlingens medlemmar kan\u00a0anv\u00e4nda mikven gratis. Anda judiska icke-medlemmar erl\u00e4gger en\u00a0avgift. V\u00e4nligen kontakta v\u00e5r balanit.\u00a0<\/p>\n\n\n\n<p>Epost:&nbsp;<a href=\"mailto:mikve@jchelsinki.fi\">mikve@jchelsinki.fi<\/a><\/p>\n\n\n<style>.wp-block-kadence-advancedheading.kt-adv-heading660_2ed9fd-02, .wp-block-kadence-advancedheading.kt-adv-heading660_2ed9fd-02[data-kb-block=\"kb-adv-heading660_2ed9fd-02\"]{font-style:normal;}.wp-block-kadence-advancedheading.kt-adv-heading660_2ed9fd-02 mark.kt-highlight, .wp-block-kadence-advancedheading.kt-adv-heading660_2ed9fd-02[data-kb-block=\"kb-adv-heading660_2ed9fd-02\"] mark.kt-highlight{font-style:normal;color:#f76a0c;-webkit-box-decoration-break:clone;box-decoration-break:clone;padding-top:0px;padding-right:0px;padding-bottom:0px;padding-left:0px;}.wp-block-kadence-advancedheading.kt-adv-heading660_2ed9fd-02 img.kb-inline-image, .wp-block-kadence-advancedheading.kt-adv-heading660_2ed9fd-02[data-kb-block=\"kb-adv-heading660_2ed9fd-02\"] img.kb-inline-image{width:150px;vertical-align:baseline;}<\/style>\n<h2 class=\"kt-adv-heading660_2ed9fd-02 wp-block-kadence-advancedheading\" data-kb-block=\"kb-adv-heading660_2ed9fd-02\">Andra fr\u00e5gor g\u00e4llande mikve<\/h2>\n\n\n\n<p>Om ni beh\u00f6ver till\u00e4ggsinformation ang\u00e5ende&nbsp;mikve&nbsp;i Helsingfors v\u00e4nligen kontakta oss per epost:&nbsp;<a href=\"mailto:mikve@jchelsinki.fi\">mikve@jchelsinki.fi<\/a>&nbsp;<\/p>\n","protected":false},"excerpt":{"rendered":"<p>F\u00f6rsamlingens mikve \u00e4r den enda fungerande mikven i Finland. Den byggdes om helt och h\u00e5llet 2014. Mikven finns i&nbsp;f\u00f6rsamlinscentrets lokaler. F\u00f6r kvinnor F\u00f6rsamlingens medlemmar kan anv\u00e4nda mikven gratis. \u00c4ven Tallinns \u00a0judiska f\u00f6rsamlingens medlemmar kan\u00a0anv\u00e4nda mikven gratis. Anda judiska icke-medlemmar erl\u00e4gger en\u00a0avgift. V\u00e4nligen kontakta v\u00e5r balanit.\u00a0 Epost:&nbsp;mikve@jchelsinki.fi Andra fr\u00e5gor g\u00e4llande mikve Om ni beh\u00f6ver till\u00e4ggsinformation ang\u00e5ende&nbsp;mikve&nbsp;i&#8230;<\/p>\n","protected":false},"author":1,"featured_media":658,"parent":614,"menu_order":0,"comment_status":"closed","ping_status":"closed","template":"","meta":{"inline_featured_image":false,"_kad_blocks_custom_css":"","_kad_blocks_head_custom_js":"","_kad_blocks_body_custom_js":"","_kad_blocks_footer_custom_js":"","_kad_post_transparent":"","_kad_post_title":"","_kad_post_layout":"","_kad_post_sidebar_id":"","_kad_post_content_style":"","_kad_post_vertical_padding":"","_kad_post_feature":"hide","_kad_post_feature_position":"","_kad_post_header":false,"_kad_post_footer":false,"_kad_post_classname":"","footnotes":""},"class_list":["post-660","page","type-page","status-publish","has-post-thumbnail","hentry"],"yoast_head":"<!-- This site is optimized with the Yoast SEO plugin v27.3 - https:\/\/yoast.com\/product\/yoast-seo-wordpress\/ -->\n<title>Mikve - Judiska F\u00f6rsamlingen i Helsingfors<\/title>\n<meta name=\"description\" content=\"F\u00f6rsamlingens mikve \u00e4r den enda fungerande mikven i Finland. Den byggdes om helt och h\u00e5llet 2014. Mikven finns i f\u00f6rsamlinscentrets lokaler.\" \/>\n<meta name=\"robots\" content=\"index, follow, max-snippet:-1, max-image-preview:large, max-video-preview:-1\" \/>\n<link rel=\"canonical\" href=\"https:\/\/jchelsinki.fi\/sv\/tjasnter-och-verksamhet\/mikve\/\" \/>\n<meta property=\"og:locale\" content=\"sv_SE\" \/>\n<meta property=\"og:type\" content=\"article\" \/>\n<meta property=\"og:title\" content=\"Mikve - Judiska F\u00f6rsamlingen i Helsingfors\" \/>\n<meta property=\"og:description\" content=\"F\u00f6rsamlingens mikve \u00e4r den enda fungerande mikven i Finland. Den byggdes om helt och h\u00e5llet 2014. Mikven finns i f\u00f6rsamlinscentrets lokaler.\" \/>\n<meta property=\"og:url\" content=\"https:\/\/jchelsinki.fi\/sv\/tjasnter-och-verksamhet\/mikve\/\" \/>\n<meta property=\"og:site_name\" content=\"Judiska F\u00f6rsamlingen i Helsingfors\" \/>\n<meta property=\"article:modified_time\" content=\"2023-08-09T09:01:10+00:00\" \/>\n<meta property=\"og:image\" content=\"https:\/\/jchelsinki.fi\/wp-content\/uploads\/2021\/09\/mikve.jpg\" \/>\n\t<meta property=\"og:image:width\" content=\"1200\" \/>\n\t<meta property=\"og:image:height\" content=\"803\" \/>\n\t<meta property=\"og:image:type\" content=\"image\/jpeg\" \/>\n<meta name=\"twitter:card\" content=\"summary_large_image\" \/>\n<meta name=\"twitter:label1\" content=\"Ber\u00e4knad l\u00e4stid\" \/>\n\t<meta name=\"twitter:data1\" content=\"1 minut\" \/>\n<script type=\"application\/ld+json\" class=\"yoast-schema-graph\">{\"@context\":\"https:\\\/\\\/schema.org\",\"@graph\":[{\"@type\":\"WebPage\",\"@id\":\"https:\\\/\\\/jchelsinki.fi\\\/sv\\\/tjasnter-och-verksamhet\\\/mikve\\\/\",\"url\":\"https:\\\/\\\/jchelsinki.fi\\\/sv\\\/tjasnter-och-verksamhet\\\/mikve\\\/\",\"name\":\"Mikve - Judiska F\u00f6rsamlingen i Helsingfors\",\"isPartOf\":{\"@id\":\"https:\\\/\\\/jchelsinki.fi\\\/sv\\\/#website\"},\"primaryImageOfPage\":{\"@id\":\"https:\\\/\\\/jchelsinki.fi\\\/sv\\\/tjasnter-och-verksamhet\\\/mikve\\\/#primaryimage\"},\"image\":{\"@id\":\"https:\\\/\\\/jchelsinki.fi\\\/sv\\\/tjasnter-och-verksamhet\\\/mikve\\\/#primaryimage\"},\"thumbnailUrl\":\"https:\\\/\\\/jchelsinki.fi\\\/wp-content\\\/uploads\\\/2021\\\/09\\\/mikve.jpg\",\"datePublished\":\"2021-08-27T09:27:17+00:00\",\"dateModified\":\"2023-08-09T09:01:10+00:00\",\"description\":\"F\u00f6rsamlingens mikve \u00e4r den enda fungerande mikven i Finland. Den byggdes om helt och h\u00e5llet 2014. Mikven finns i f\u00f6rsamlinscentrets lokaler.\",\"breadcrumb\":{\"@id\":\"https:\\\/\\\/jchelsinki.fi\\\/sv\\\/tjasnter-och-verksamhet\\\/mikve\\\/#breadcrumb\"},\"inLanguage\":\"sv-SE\",\"potentialAction\":[{\"@type\":\"ReadAction\",\"target\":[\"https:\\\/\\\/jchelsinki.fi\\\/sv\\\/tjasnter-och-verksamhet\\\/mikve\\\/\"]}]},{\"@type\":\"ImageObject\",\"inLanguage\":\"sv-SE\",\"@id\":\"https:\\\/\\\/jchelsinki.fi\\\/sv\\\/tjasnter-och-verksamhet\\\/mikve\\\/#primaryimage\",\"url\":\"https:\\\/\\\/jchelsinki.fi\\\/wp-content\\\/uploads\\\/2021\\\/09\\\/mikve.jpg\",\"contentUrl\":\"https:\\\/\\\/jchelsinki.fi\\\/wp-content\\\/uploads\\\/2021\\\/09\\\/mikve.jpg\",\"width\":1200,\"height\":803},{\"@type\":\"BreadcrumbList\",\"@id\":\"https:\\\/\\\/jchelsinki.fi\\\/sv\\\/tjasnter-och-verksamhet\\\/mikve\\\/#breadcrumb\",\"itemListElement\":[{\"@type\":\"ListItem\",\"position\":1,\"name\":\"Etusivu\",\"item\":\"https:\\\/\\\/jchelsinki.fi\\\/sv\\\/\"},{\"@type\":\"ListItem\",\"position\":2,\"name\":\"Tj\u00e4snter och verksamhet\",\"item\":\"https:\\\/\\\/jchelsinki.fi\\\/sv\\\/tjasnter-och-verksamhet\\\/\"},{\"@type\":\"ListItem\",\"position\":3,\"name\":\"Mikve\"}]},{\"@type\":\"WebSite\",\"@id\":\"https:\\\/\\\/jchelsinki.fi\\\/sv\\\/#website\",\"url\":\"https:\\\/\\\/jchelsinki.fi\\\/sv\\\/\",\"name\":\"Judiska F\u00f6rsamlingen i Helsingfors\",\"description\":\"Olet Suomen aktiivisimman juutalaisen yhteis\u00f6n sivustolla.\",\"potentialAction\":[{\"@type\":\"SearchAction\",\"target\":{\"@type\":\"EntryPoint\",\"urlTemplate\":\"https:\\\/\\\/jchelsinki.fi\\\/sv\\\/?s={search_term_string}\"},\"query-input\":{\"@type\":\"PropertyValueSpecification\",\"valueRequired\":true,\"valueName\":\"search_term_string\"}}],\"inLanguage\":\"sv-SE\"}]}<\/script>\n<!-- \/ Yoast SEO plugin. -->","yoast_head_json":{"title":"Mikve - Judiska F\u00f6rsamlingen i Helsingfors","description":"F\u00f6rsamlingens mikve \u00e4r den enda fungerande mikven i Finland. Den byggdes om helt och h\u00e5llet 2014. Mikven finns i f\u00f6rsamlinscentrets lokaler.","robots":{"index":"index","follow":"follow","max-snippet":"max-snippet:-1","max-image-preview":"max-image-preview:large","max-video-preview":"max-video-preview:-1"},"canonical":"https:\/\/jchelsinki.fi\/sv\/tjasnter-och-verksamhet\/mikve\/","og_locale":"sv_SE","og_type":"article","og_title":"Mikve - Judiska F\u00f6rsamlingen i Helsingfors","og_description":"F\u00f6rsamlingens mikve \u00e4r den enda fungerande mikven i Finland. Den byggdes om helt och h\u00e5llet 2014. Mikven finns i f\u00f6rsamlinscentrets lokaler.","og_url":"https:\/\/jchelsinki.fi\/sv\/tjasnter-och-verksamhet\/mikve\/","og_site_name":"Judiska F\u00f6rsamlingen i Helsingfors","article_modified_time":"2023-08-09T09:01:10+00:00","og_image":[{"width":1200,"height":803,"url":"https:\/\/jchelsinki.fi\/wp-content\/uploads\/2021\/09\/mikve.jpg","type":"image\/jpeg"}],"twitter_card":"summary_large_image","twitter_misc":{"Ber\u00e4knad l\u00e4stid":"1 minut"},"schema":{"@context":"https:\/\/schema.org","@graph":[{"@type":"WebPage","@id":"https:\/\/jchelsinki.fi\/sv\/tjasnter-och-verksamhet\/mikve\/","url":"https:\/\/jchelsinki.fi\/sv\/tjasnter-och-verksamhet\/mikve\/","name":"Mikve - Judiska F\u00f6rsamlingen i Helsingfors","isPartOf":{"@id":"https:\/\/jchelsinki.fi\/sv\/#website"},"primaryImageOfPage":{"@id":"https:\/\/jchelsinki.fi\/sv\/tjasnter-och-verksamhet\/mikve\/#primaryimage"},"image":{"@id":"https:\/\/jchelsinki.fi\/sv\/tjasnter-och-verksamhet\/mikve\/#primaryimage"},"thumbnailUrl":"https:\/\/jchelsinki.fi\/wp-content\/uploads\/2021\/09\/mikve.jpg","datePublished":"2021-08-27T09:27:17+00:00","dateModified":"2023-08-09T09:01:10+00:00","description":"F\u00f6rsamlingens mikve \u00e4r den enda fungerande mikven i Finland. Den byggdes om helt och h\u00e5llet 2014. Mikven finns i f\u00f6rsamlinscentrets lokaler.","breadcrumb":{"@id":"https:\/\/jchelsinki.fi\/sv\/tjasnter-och-verksamhet\/mikve\/#breadcrumb"},"inLanguage":"sv-SE","potentialAction":[{"@type":"ReadAction","target":["https:\/\/jchelsinki.fi\/sv\/tjasnter-och-verksamhet\/mikve\/"]}]},{"@type":"ImageObject","inLanguage":"sv-SE","@id":"https:\/\/jchelsinki.fi\/sv\/tjasnter-och-verksamhet\/mikve\/#primaryimage","url":"https:\/\/jchelsinki.fi\/wp-content\/uploads\/2021\/09\/mikve.jpg","contentUrl":"https:\/\/jchelsinki.fi\/wp-content\/uploads\/2021\/09\/mikve.jpg","width":1200,"height":803},{"@type":"BreadcrumbList","@id":"https:\/\/jchelsinki.fi\/sv\/tjasnter-och-verksamhet\/mikve\/#breadcrumb","itemListElement":[{"@type":"ListItem","position":1,"name":"Etusivu","item":"https:\/\/jchelsinki.fi\/sv\/"},{"@type":"ListItem","position":2,"name":"Tj\u00e4snter och verksamhet","item":"https:\/\/jchelsinki.fi\/sv\/tjasnter-och-verksamhet\/"},{"@type":"ListItem","position":3,"name":"Mikve"}]},{"@type":"WebSite","@id":"https:\/\/jchelsinki.fi\/sv\/#website","url":"https:\/\/jchelsinki.fi\/sv\/","name":"Judiska F\u00f6rsamlingen i Helsingfors","description":"Olet Suomen aktiivisimman juutalaisen yhteis\u00f6n sivustolla.","potentialAction":[{"@type":"SearchAction","target":{"@type":"EntryPoint","urlTemplate":"https:\/\/jchelsinki.fi\/sv\/?s={search_term_string}"},"query-input":{"@type":"PropertyValueSpecification","valueRequired":true,"valueName":"search_term_string"}}],"inLanguage":"sv-SE"}]}},"taxonomy_info":[],"featured_image_src_large":["https:\/\/jchelsinki.fi\/wp-content\/uploads\/2021\/09\/mikve.jpg",1188,795,false],"author_info":{"display_name":"jch_admin","author_link":"https:\/\/jchelsinki.fi\/sv\/uutiset\/author\/jch_admin\/"},"comment_info":0,"_links":{"self":[{"href":"https:\/\/jchelsinki.fi\/sv\/wp-json\/wp\/v2\/pages\/660","targetHints":{"allow":["GET"]}}],"collection":[{"href":"https:\/\/jchelsinki.fi\/sv\/wp-json\/wp\/v2\/pages"}],"about":[{"href":"https:\/\/jchelsinki.fi\/sv\/wp-json\/wp\/v2\/types\/page"}],"author":[{"embeddable":true,"href":"https:\/\/jchelsinki.fi\/sv\/wp-json\/wp\/v2\/users\/1"}],"replies":[{"embeddable":true,"href":"https:\/\/jchelsinki.fi\/sv\/wp-json\/wp\/v2\/comments?post=660"}],"version-history":[{"count":3,"href":"https:\/\/jchelsinki.fi\/sv\/wp-json\/wp\/v2\/pages\/660\/revisions"}],"predecessor-version":[{"id":1152,"href":"https:\/\/jchelsinki.fi\/sv\/wp-json\/wp\/v2\/pages\/660\/revisions\/1152"}],"up":[{"embeddable":true,"href":"https:\/\/jchelsinki.fi\/sv\/wp-json\/wp\/v2\/pages\/614"}],"wp:featuredmedia":[{"embeddable":true,"href":"https:\/\/jchelsinki.fi\/sv\/wp-json\/wp\/v2\/media\/658"}],"wp:attachment":[{"href":"https:\/\/jchelsinki.fi\/sv\/wp-json\/wp\/v2\/media?parent=660"}],"curies":[{"name":"wp","href":"https:\/\/api.w.org\/{rel}","templated":true}]}}