{"id":654,"date":"2021-08-27T12:26:57","date_gmt":"2021-08-27T09:26:57","guid":{"rendered":"http:\/\/jchelsinki.fi\/tjasnter-och-verksamhet\/juutalaiset-hautausmaat\/"},"modified":"2021-10-08T15:52:38","modified_gmt":"2021-10-08T12:52:38","slug":"judiska-begravningplatser","status":"publish","type":"page","link":"https:\/\/jchelsinki.fi\/sv\/tjasnter-och-verksamhet\/judiska-begravningplatser\/","title":{"rendered":"Judiska begravningplatser"},"content":{"rendered":"\n<figure class=\"wp-block-image size-full\"><img loading=\"lazy\" decoding=\"async\" width=\"1200\" height=\"713\" src=\"https:\/\/jchelsinki-fi.hel8.wp-cloud.dev\/wp-content\/uploads\/2021\/09\/helsingin_juutalaisen_seurakunnan_hautauskappeli.jpg\" alt=\"\" class=\"wp-image-655\" srcset=\"https:\/\/jchelsinki.fi\/wp-content\/uploads\/2021\/09\/helsingin_juutalaisen_seurakunnan_hautauskappeli.jpg 1200w, https:\/\/jchelsinki.fi\/wp-content\/uploads\/2021\/09\/helsingin_juutalaisen_seurakunnan_hautauskappeli-500x297.jpg 500w, https:\/\/jchelsinki.fi\/wp-content\/uploads\/2021\/09\/helsingin_juutalaisen_seurakunnan_hautauskappeli-768x456.jpg 768w\" sizes=\"auto, (max-width: 1200px) 100vw, 1200px\" \/><figcaption>Helsingfors judiska f\u00f6rsamlings begravningskapell. Foto: Ofer Amir.<\/figcaption><\/figure>\n\n\n\n<p>Det finns tv\u00e5 judiska begravningsplatser i Helsingfors. Den \u00e4ldre \u00f6ppnades bredvid Finska Gardets begravningsplats (link\u00a0<a href=\"http:\/\/sv.wikipedia.org\/wiki\/Sandudds_begravningsplats\">http:\/\/sv.wikipedia.org\/wiki\/Sandudds_begravningsplats<\/a>) under 1840-talet. Nya begravningsplatsen \u00f6ppnades mera s\u00f6derut i Sandudd i Helsingfors 1895. Begravningsplatsets kapell byggdes 1951 och ritades av K. R. Lindgren.\u00a0<\/p>\n\n\n\n<p>Helsingfors judiska f\u00f6rsamlings begravningss\u00e4llskap Chewre Kadisha tar hand om alla arangemang i samband med en&nbsp;begravning&nbsp;p\u00e5 begravningsplatsen. Ceremonin \u00e4r enligt sed&nbsp;och praxis i ortodox judendom.&nbsp;<\/p>\n\n\n\n<p>F\u00f6r till\u00e4ggsinformation ang\u00e5ende de judiska begravningsplatserna (inklusive fr\u00e5gor som har att g\u00f6ra med familjeforskning) i Finland, v\u00e4nligen kontakta judiska f\u00f6rsamlingens kansli:<br>Tel.&nbsp;<a href=\"tel:%2B358%209%C2%A0586%200310\">+358 9&nbsp;586 0310<\/a><br>Epost:&nbsp;<a href=\"mailto:srk@jchelsinki.fi\">srk@jchelsinki.fi<\/a><\/p>\n","protected":false},"excerpt":{"rendered":"<p>Det finns tv\u00e5 judiska begravningsplatser i Helsingfors. Den \u00e4ldre \u00f6ppnades bredvid Finska Gardets begravningsplats (link\u00a0http:\/\/sv.wikipedia.org\/wiki\/Sandudds_begravningsplats) under 1840-talet. Nya begravningsplatsen \u00f6ppnades mera s\u00f6derut i Sandudd i Helsingfors 1895. Begravningsplatsets kapell byggdes 1951 och ritades av K. R. Lindgren.\u00a0 Helsingfors judiska f\u00f6rsamlings begravningss\u00e4llskap Chewre Kadisha tar hand om alla arangemang i samband med en&nbsp;begravning&nbsp;p\u00e5 begravningsplatsen. Ceremonin \u00e4r&#8230;<\/p>\n","protected":false},"author":1,"featured_media":655,"parent":614,"menu_order":0,"comment_status":"closed","ping_status":"closed","template":"","meta":{"inline_featured_image":false,"_kad_blocks_custom_css":"","_kad_blocks_head_custom_js":"","_kad_blocks_body_custom_js":"","_kad_blocks_footer_custom_js":"","_kad_post_transparent":"","_kad_post_title":"","_kad_post_layout":"","_kad_post_sidebar_id":"","_kad_post_content_style":"","_kad_post_vertical_padding":"","_kad_post_feature":"hide","_kad_post_feature_position":"","_kad_post_header":false,"_kad_post_footer":false,"_kad_post_classname":"","footnotes":""},"class_list":["post-654","page","type-page","status-publish","has-post-thumbnail","hentry"],"yoast_head":"<!-- This site is optimized with the Yoast SEO plugin v27.3 - https:\/\/yoast.com\/product\/yoast-seo-wordpress\/ -->\n<title>Judiska begravningplatser - Judiska F\u00f6rsamlingen i Helsingfors<\/title>\n<meta name=\"description\" content=\"Det finns tv\u00e5 judiska begravningsplatser i Helsingfors. Den \u00e4ldre \u00f6ppnades bredvid Finska Gardets begravningsplats under 1840-talet.\" \/>\n<meta name=\"robots\" content=\"index, follow, max-snippet:-1, max-image-preview:large, max-video-preview:-1\" \/>\n<link rel=\"canonical\" href=\"https:\/\/jchelsinki.fi\/sv\/tjasnter-och-verksamhet\/judiska-begravningplatser\/\" \/>\n<meta property=\"og:locale\" content=\"sv_SE\" \/>\n<meta property=\"og:type\" content=\"article\" \/>\n<meta property=\"og:title\" content=\"Judiska begravningplatser - Judiska F\u00f6rsamlingen i Helsingfors\" \/>\n<meta property=\"og:description\" content=\"Det finns tv\u00e5 judiska begravningsplatser i Helsingfors. Den \u00e4ldre \u00f6ppnades bredvid Finska Gardets begravningsplats under 1840-talet.\" \/>\n<meta property=\"og:url\" content=\"https:\/\/jchelsinki.fi\/sv\/tjasnter-och-verksamhet\/judiska-begravningplatser\/\" \/>\n<meta property=\"og:site_name\" content=\"Judiska F\u00f6rsamlingen i Helsingfors\" \/>\n<meta property=\"article:modified_time\" content=\"2021-10-08T12:52:38+00:00\" \/>\n<meta property=\"og:image\" content=\"https:\/\/jchelsinki.fi\/wp-content\/uploads\/2021\/09\/helsingin_juutalaisen_seurakunnan_hautauskappeli.jpg\" \/>\n\t<meta property=\"og:image:width\" content=\"1200\" \/>\n\t<meta property=\"og:image:height\" content=\"713\" \/>\n\t<meta property=\"og:image:type\" content=\"image\/jpeg\" \/>\n<meta name=\"twitter:card\" content=\"summary_large_image\" \/>\n<meta name=\"twitter:label1\" content=\"Ber\u00e4knad l\u00e4stid\" \/>\n\t<meta name=\"twitter:data1\" content=\"1 minut\" \/>\n<script type=\"application\/ld+json\" class=\"yoast-schema-graph\">{\"@context\":\"https:\\\/\\\/schema.org\",\"@graph\":[{\"@type\":\"WebPage\",\"@id\":\"https:\\\/\\\/jchelsinki.fi\\\/sv\\\/tjasnter-och-verksamhet\\\/judiska-begravningplatser\\\/\",\"url\":\"https:\\\/\\\/jchelsinki.fi\\\/sv\\\/tjasnter-och-verksamhet\\\/judiska-begravningplatser\\\/\",\"name\":\"Judiska begravningplatser - Judiska F\u00f6rsamlingen i Helsingfors\",\"isPartOf\":{\"@id\":\"https:\\\/\\\/jchelsinki.fi\\\/sv\\\/#website\"},\"primaryImageOfPage\":{\"@id\":\"https:\\\/\\\/jchelsinki.fi\\\/sv\\\/tjasnter-och-verksamhet\\\/judiska-begravningplatser\\\/#primaryimage\"},\"image\":{\"@id\":\"https:\\\/\\\/jchelsinki.fi\\\/sv\\\/tjasnter-och-verksamhet\\\/judiska-begravningplatser\\\/#primaryimage\"},\"thumbnailUrl\":\"https:\\\/\\\/jchelsinki.fi\\\/wp-content\\\/uploads\\\/2021\\\/09\\\/helsingin_juutalaisen_seurakunnan_hautauskappeli.jpg\",\"datePublished\":\"2021-08-27T09:26:57+00:00\",\"dateModified\":\"2021-10-08T12:52:38+00:00\",\"description\":\"Det finns tv\u00e5 judiska begravningsplatser i Helsingfors. Den \u00e4ldre \u00f6ppnades bredvid Finska Gardets begravningsplats under 1840-talet.\",\"breadcrumb\":{\"@id\":\"https:\\\/\\\/jchelsinki.fi\\\/sv\\\/tjasnter-och-verksamhet\\\/judiska-begravningplatser\\\/#breadcrumb\"},\"inLanguage\":\"sv-SE\",\"potentialAction\":[{\"@type\":\"ReadAction\",\"target\":[\"https:\\\/\\\/jchelsinki.fi\\\/sv\\\/tjasnter-och-verksamhet\\\/judiska-begravningplatser\\\/\"]}]},{\"@type\":\"ImageObject\",\"inLanguage\":\"sv-SE\",\"@id\":\"https:\\\/\\\/jchelsinki.fi\\\/sv\\\/tjasnter-och-verksamhet\\\/judiska-begravningplatser\\\/#primaryimage\",\"url\":\"https:\\\/\\\/jchelsinki.fi\\\/wp-content\\\/uploads\\\/2021\\\/09\\\/helsingin_juutalaisen_seurakunnan_hautauskappeli.jpg\",\"contentUrl\":\"https:\\\/\\\/jchelsinki.fi\\\/wp-content\\\/uploads\\\/2021\\\/09\\\/helsingin_juutalaisen_seurakunnan_hautauskappeli.jpg\",\"width\":1200,\"height\":713},{\"@type\":\"BreadcrumbList\",\"@id\":\"https:\\\/\\\/jchelsinki.fi\\\/sv\\\/tjasnter-och-verksamhet\\\/judiska-begravningplatser\\\/#breadcrumb\",\"itemListElement\":[{\"@type\":\"ListItem\",\"position\":1,\"name\":\"Etusivu\",\"item\":\"https:\\\/\\\/jchelsinki.fi\\\/sv\\\/\"},{\"@type\":\"ListItem\",\"position\":2,\"name\":\"Tj\u00e4snter och verksamhet\",\"item\":\"https:\\\/\\\/jchelsinki.fi\\\/sv\\\/tjasnter-och-verksamhet\\\/\"},{\"@type\":\"ListItem\",\"position\":3,\"name\":\"Judiska begravningplatser\"}]},{\"@type\":\"WebSite\",\"@id\":\"https:\\\/\\\/jchelsinki.fi\\\/sv\\\/#website\",\"url\":\"https:\\\/\\\/jchelsinki.fi\\\/sv\\\/\",\"name\":\"Judiska F\u00f6rsamlingen i Helsingfors\",\"description\":\"Olet Suomen aktiivisimman juutalaisen yhteis\u00f6n sivustolla.\",\"potentialAction\":[{\"@type\":\"SearchAction\",\"target\":{\"@type\":\"EntryPoint\",\"urlTemplate\":\"https:\\\/\\\/jchelsinki.fi\\\/sv\\\/?s={search_term_string}\"},\"query-input\":{\"@type\":\"PropertyValueSpecification\",\"valueRequired\":true,\"valueName\":\"search_term_string\"}}],\"inLanguage\":\"sv-SE\"}]}<\/script>\n<!-- \/ Yoast SEO plugin. -->","yoast_head_json":{"title":"Judiska begravningplatser - Judiska F\u00f6rsamlingen i Helsingfors","description":"Det finns tv\u00e5 judiska begravningsplatser i Helsingfors. Den \u00e4ldre \u00f6ppnades bredvid Finska Gardets begravningsplats under 1840-talet.","robots":{"index":"index","follow":"follow","max-snippet":"max-snippet:-1","max-image-preview":"max-image-preview:large","max-video-preview":"max-video-preview:-1"},"canonical":"https:\/\/jchelsinki.fi\/sv\/tjasnter-och-verksamhet\/judiska-begravningplatser\/","og_locale":"sv_SE","og_type":"article","og_title":"Judiska begravningplatser - Judiska F\u00f6rsamlingen i Helsingfors","og_description":"Det finns tv\u00e5 judiska begravningsplatser i Helsingfors. Den \u00e4ldre \u00f6ppnades bredvid Finska Gardets begravningsplats under 1840-talet.","og_url":"https:\/\/jchelsinki.fi\/sv\/tjasnter-och-verksamhet\/judiska-begravningplatser\/","og_site_name":"Judiska F\u00f6rsamlingen i Helsingfors","article_modified_time":"2021-10-08T12:52:38+00:00","og_image":[{"width":1200,"height":713,"url":"https:\/\/jchelsinki.fi\/wp-content\/uploads\/2021\/09\/helsingin_juutalaisen_seurakunnan_hautauskappeli.jpg","type":"image\/jpeg"}],"twitter_card":"summary_large_image","twitter_misc":{"Ber\u00e4knad l\u00e4stid":"1 minut"},"schema":{"@context":"https:\/\/schema.org","@graph":[{"@type":"WebPage","@id":"https:\/\/jchelsinki.fi\/sv\/tjasnter-och-verksamhet\/judiska-begravningplatser\/","url":"https:\/\/jchelsinki.fi\/sv\/tjasnter-och-verksamhet\/judiska-begravningplatser\/","name":"Judiska begravningplatser - Judiska F\u00f6rsamlingen i Helsingfors","isPartOf":{"@id":"https:\/\/jchelsinki.fi\/sv\/#website"},"primaryImageOfPage":{"@id":"https:\/\/jchelsinki.fi\/sv\/tjasnter-och-verksamhet\/judiska-begravningplatser\/#primaryimage"},"image":{"@id":"https:\/\/jchelsinki.fi\/sv\/tjasnter-och-verksamhet\/judiska-begravningplatser\/#primaryimage"},"thumbnailUrl":"https:\/\/jchelsinki.fi\/wp-content\/uploads\/2021\/09\/helsingin_juutalaisen_seurakunnan_hautauskappeli.jpg","datePublished":"2021-08-27T09:26:57+00:00","dateModified":"2021-10-08T12:52:38+00:00","description":"Det finns tv\u00e5 judiska begravningsplatser i Helsingfors. Den \u00e4ldre \u00f6ppnades bredvid Finska Gardets begravningsplats under 1840-talet.","breadcrumb":{"@id":"https:\/\/jchelsinki.fi\/sv\/tjasnter-och-verksamhet\/judiska-begravningplatser\/#breadcrumb"},"inLanguage":"sv-SE","potentialAction":[{"@type":"ReadAction","target":["https:\/\/jchelsinki.fi\/sv\/tjasnter-och-verksamhet\/judiska-begravningplatser\/"]}]},{"@type":"ImageObject","inLanguage":"sv-SE","@id":"https:\/\/jchelsinki.fi\/sv\/tjasnter-och-verksamhet\/judiska-begravningplatser\/#primaryimage","url":"https:\/\/jchelsinki.fi\/wp-content\/uploads\/2021\/09\/helsingin_juutalaisen_seurakunnan_hautauskappeli.jpg","contentUrl":"https:\/\/jchelsinki.fi\/wp-content\/uploads\/2021\/09\/helsingin_juutalaisen_seurakunnan_hautauskappeli.jpg","width":1200,"height":713},{"@type":"BreadcrumbList","@id":"https:\/\/jchelsinki.fi\/sv\/tjasnter-och-verksamhet\/judiska-begravningplatser\/#breadcrumb","itemListElement":[{"@type":"ListItem","position":1,"name":"Etusivu","item":"https:\/\/jchelsinki.fi\/sv\/"},{"@type":"ListItem","position":2,"name":"Tj\u00e4snter och verksamhet","item":"https:\/\/jchelsinki.fi\/sv\/tjasnter-och-verksamhet\/"},{"@type":"ListItem","position":3,"name":"Judiska begravningplatser"}]},{"@type":"WebSite","@id":"https:\/\/jchelsinki.fi\/sv\/#website","url":"https:\/\/jchelsinki.fi\/sv\/","name":"Judiska F\u00f6rsamlingen i Helsingfors","description":"Olet Suomen aktiivisimman juutalaisen yhteis\u00f6n sivustolla.","potentialAction":[{"@type":"SearchAction","target":{"@type":"EntryPoint","urlTemplate":"https:\/\/jchelsinki.fi\/sv\/?s={search_term_string}"},"query-input":{"@type":"PropertyValueSpecification","valueRequired":true,"valueName":"search_term_string"}}],"inLanguage":"sv-SE"}]}},"taxonomy_info":[],"featured_image_src_large":["https:\/\/jchelsinki.fi\/wp-content\/uploads\/2021\/09\/helsingin_juutalaisen_seurakunnan_hautauskappeli.jpg",1188,706,false],"author_info":{"display_name":"jch_admin","author_link":"https:\/\/jchelsinki.fi\/sv\/uutiset\/author\/jch_admin\/"},"comment_info":0,"_links":{"self":[{"href":"https:\/\/jchelsinki.fi\/sv\/wp-json\/wp\/v2\/pages\/654","targetHints":{"allow":["GET"]}}],"collection":[{"href":"https:\/\/jchelsinki.fi\/sv\/wp-json\/wp\/v2\/pages"}],"about":[{"href":"https:\/\/jchelsinki.fi\/sv\/wp-json\/wp\/v2\/types\/page"}],"author":[{"embeddable":true,"href":"https:\/\/jchelsinki.fi\/sv\/wp-json\/wp\/v2\/users\/1"}],"replies":[{"embeddable":true,"href":"https:\/\/jchelsinki.fi\/sv\/wp-json\/wp\/v2\/comments?post=654"}],"version-history":[{"count":3,"href":"https:\/\/jchelsinki.fi\/sv\/wp-json\/wp\/v2\/pages\/654\/revisions"}],"predecessor-version":[{"id":860,"href":"https:\/\/jchelsinki.fi\/sv\/wp-json\/wp\/v2\/pages\/654\/revisions\/860"}],"up":[{"embeddable":true,"href":"https:\/\/jchelsinki.fi\/sv\/wp-json\/wp\/v2\/pages\/614"}],"wp:featuredmedia":[{"embeddable":true,"href":"https:\/\/jchelsinki.fi\/sv\/wp-json\/wp\/v2\/media\/655"}],"wp:attachment":[{"href":"https:\/\/jchelsinki.fi\/sv\/wp-json\/wp\/v2\/media?parent=654"}],"curies":[{"name":"wp","href":"https:\/\/api.w.org\/{rel}","templated":true}]}}