{"id":652,"date":"2021-08-26T15:42:59","date_gmt":"2021-08-26T12:42:59","guid":{"rendered":"http:\/\/jchelsinki.fi\/tjasnter-och-verksamhet\/sosiaalitoiminta\/"},"modified":"2021-09-17T18:18:42","modified_gmt":"2021-09-17T15:18:42","slug":"socialverksamhet","status":"publish","type":"page","link":"https:\/\/jchelsinki.fi\/sv\/tjasnter-och-verksamhet\/socialverksamhet\/","title":{"rendered":"Socialverksamhet"},"content":{"rendered":"\n<p>F\u00f6rsamlingens socialn\u00e4mnd\u00a0ansvarar f\u00f6r det\u00a0sociala arbetet. Medlemmr i\u00a0n\u00e4mnden \u00e4r f\u00f6rvaltningsr\u00e5dets f\u00f6rman f\u00f6r sociala \u00e4renden, f\u00f6rsamlingens servicehandledare\u00a0och representanter\u00a0fr\u00e5n v\u00e4lg\u00f6renhetsorganisationerna Judiska Fruntimmers V\u00e4lg\u00f6renhetsf\u00f6reningen, Gemilus Hasodim och Bicur Cholim.<\/p>\n\n\n\n<p>F\u00f6rsamlingens servicehandledare&nbsp;tj\u00e4nstg\u00f6r och r\u00e5dgiver alla f\u00f6rsamlingsmedlemmar som beh\u00f6ver hj\u00e4lp i fr\u00e5gor som har att g\u00f6ra med inkomst- och socialbidrag.<\/p>\n","protected":false},"excerpt":{"rendered":"<p>F\u00f6rsamlingens socialn\u00e4mnd\u00a0ansvarar f\u00f6r det\u00a0sociala arbetet. Medlemmr i\u00a0n\u00e4mnden \u00e4r f\u00f6rvaltningsr\u00e5dets f\u00f6rman f\u00f6r sociala \u00e4renden, f\u00f6rsamlingens servicehandledare\u00a0och representanter\u00a0fr\u00e5n v\u00e4lg\u00f6renhetsorganisationerna Judiska Fruntimmers V\u00e4lg\u00f6renhetsf\u00f6reningen, Gemilus Hasodim och Bicur Cholim. F\u00f6rsamlingens servicehandledare&nbsp;tj\u00e4nstg\u00f6r och r\u00e5dgiver alla f\u00f6rsamlingsmedlemmar som beh\u00f6ver hj\u00e4lp i fr\u00e5gor som har att g\u00f6ra med inkomst- och socialbidrag.<\/p>\n","protected":false},"author":1,"featured_media":0,"parent":614,"menu_order":0,"comment_status":"closed","ping_status":"closed","template":"","meta":{"inline_featured_image":false,"_kad_blocks_custom_css":"","_kad_blocks_head_custom_js":"","_kad_blocks_body_custom_js":"","_kad_blocks_footer_custom_js":"","_kad_post_transparent":"","_kad_post_title":"","_kad_post_layout":"","_kad_post_sidebar_id":"","_kad_post_content_style":"","_kad_post_vertical_padding":"","_kad_post_feature":"","_kad_post_feature_position":"","_kad_post_header":false,"_kad_post_footer":false,"_kad_post_classname":"","footnotes":""},"class_list":["post-652","page","type-page","status-publish","hentry"],"yoast_head":"<!-- This site is optimized with the Yoast SEO plugin v27.3 - https:\/\/yoast.com\/product\/yoast-seo-wordpress\/ -->\n<title>Socialverksamhet - Judiska F\u00f6rsamlingen i Helsingfors<\/title>\n<meta name=\"description\" content=\"F\u00f6rsamlingens socialn\u00e4mnd\u00a0ansvarar f\u00f6r det\u00a0sociala arbetet.\" \/>\n<meta name=\"robots\" content=\"index, follow, max-snippet:-1, max-image-preview:large, max-video-preview:-1\" \/>\n<link rel=\"canonical\" href=\"https:\/\/jchelsinki.fi\/sv\/tjasnter-och-verksamhet\/socialverksamhet\/\" \/>\n<meta property=\"og:locale\" content=\"sv_SE\" \/>\n<meta property=\"og:type\" content=\"article\" \/>\n<meta property=\"og:title\" content=\"Socialverksamhet - Judiska F\u00f6rsamlingen i Helsingfors\" \/>\n<meta property=\"og:description\" content=\"F\u00f6rsamlingens socialn\u00e4mnd\u00a0ansvarar f\u00f6r det\u00a0sociala arbetet.\" \/>\n<meta property=\"og:url\" content=\"https:\/\/jchelsinki.fi\/sv\/tjasnter-och-verksamhet\/socialverksamhet\/\" \/>\n<meta property=\"og:site_name\" content=\"Judiska F\u00f6rsamlingen i Helsingfors\" \/>\n<meta property=\"article:modified_time\" content=\"2021-09-17T15:18:42+00:00\" \/>\n<meta name=\"twitter:card\" content=\"summary_large_image\" \/>\n<meta name=\"twitter:label1\" content=\"Ber\u00e4knad l\u00e4stid\" \/>\n\t<meta name=\"twitter:data1\" content=\"1 minut\" \/>\n<script type=\"application\/ld+json\" class=\"yoast-schema-graph\">{\"@context\":\"https:\\\/\\\/schema.org\",\"@graph\":[{\"@type\":\"WebPage\",\"@id\":\"https:\\\/\\\/jchelsinki.fi\\\/sv\\\/tjasnter-och-verksamhet\\\/socialverksamhet\\\/\",\"url\":\"https:\\\/\\\/jchelsinki.fi\\\/sv\\\/tjasnter-och-verksamhet\\\/socialverksamhet\\\/\",\"name\":\"Socialverksamhet - Judiska F\u00f6rsamlingen i Helsingfors\",\"isPartOf\":{\"@id\":\"https:\\\/\\\/jchelsinki.fi\\\/sv\\\/#website\"},\"datePublished\":\"2021-08-26T12:42:59+00:00\",\"dateModified\":\"2021-09-17T15:18:42+00:00\",\"description\":\"F\u00f6rsamlingens socialn\u00e4mnd\u00a0ansvarar f\u00f6r det\u00a0sociala arbetet.\",\"breadcrumb\":{\"@id\":\"https:\\\/\\\/jchelsinki.fi\\\/sv\\\/tjasnter-och-verksamhet\\\/socialverksamhet\\\/#breadcrumb\"},\"inLanguage\":\"sv-SE\",\"potentialAction\":[{\"@type\":\"ReadAction\",\"target\":[\"https:\\\/\\\/jchelsinki.fi\\\/sv\\\/tjasnter-och-verksamhet\\\/socialverksamhet\\\/\"]}]},{\"@type\":\"BreadcrumbList\",\"@id\":\"https:\\\/\\\/jchelsinki.fi\\\/sv\\\/tjasnter-och-verksamhet\\\/socialverksamhet\\\/#breadcrumb\",\"itemListElement\":[{\"@type\":\"ListItem\",\"position\":1,\"name\":\"Etusivu\",\"item\":\"https:\\\/\\\/jchelsinki.fi\\\/sv\\\/\"},{\"@type\":\"ListItem\",\"position\":2,\"name\":\"Tj\u00e4snter och verksamhet\",\"item\":\"https:\\\/\\\/jchelsinki.fi\\\/sv\\\/tjasnter-och-verksamhet\\\/\"},{\"@type\":\"ListItem\",\"position\":3,\"name\":\"Socialverksamhet\"}]},{\"@type\":\"WebSite\",\"@id\":\"https:\\\/\\\/jchelsinki.fi\\\/sv\\\/#website\",\"url\":\"https:\\\/\\\/jchelsinki.fi\\\/sv\\\/\",\"name\":\"Judiska F\u00f6rsamlingen i Helsingfors\",\"description\":\"Olet Suomen aktiivisimman juutalaisen yhteis\u00f6n sivustolla.\",\"potentialAction\":[{\"@type\":\"SearchAction\",\"target\":{\"@type\":\"EntryPoint\",\"urlTemplate\":\"https:\\\/\\\/jchelsinki.fi\\\/sv\\\/?s={search_term_string}\"},\"query-input\":{\"@type\":\"PropertyValueSpecification\",\"valueRequired\":true,\"valueName\":\"search_term_string\"}}],\"inLanguage\":\"sv-SE\"}]}<\/script>\n<!-- \/ Yoast SEO plugin. -->","yoast_head_json":{"title":"Socialverksamhet - Judiska F\u00f6rsamlingen i Helsingfors","description":"F\u00f6rsamlingens socialn\u00e4mnd\u00a0ansvarar f\u00f6r det\u00a0sociala arbetet.","robots":{"index":"index","follow":"follow","max-snippet":"max-snippet:-1","max-image-preview":"max-image-preview:large","max-video-preview":"max-video-preview:-1"},"canonical":"https:\/\/jchelsinki.fi\/sv\/tjasnter-och-verksamhet\/socialverksamhet\/","og_locale":"sv_SE","og_type":"article","og_title":"Socialverksamhet - Judiska F\u00f6rsamlingen i Helsingfors","og_description":"F\u00f6rsamlingens socialn\u00e4mnd\u00a0ansvarar f\u00f6r det\u00a0sociala arbetet.","og_url":"https:\/\/jchelsinki.fi\/sv\/tjasnter-och-verksamhet\/socialverksamhet\/","og_site_name":"Judiska F\u00f6rsamlingen i Helsingfors","article_modified_time":"2021-09-17T15:18:42+00:00","twitter_card":"summary_large_image","twitter_misc":{"Ber\u00e4knad l\u00e4stid":"1 minut"},"schema":{"@context":"https:\/\/schema.org","@graph":[{"@type":"WebPage","@id":"https:\/\/jchelsinki.fi\/sv\/tjasnter-och-verksamhet\/socialverksamhet\/","url":"https:\/\/jchelsinki.fi\/sv\/tjasnter-och-verksamhet\/socialverksamhet\/","name":"Socialverksamhet - Judiska F\u00f6rsamlingen i Helsingfors","isPartOf":{"@id":"https:\/\/jchelsinki.fi\/sv\/#website"},"datePublished":"2021-08-26T12:42:59+00:00","dateModified":"2021-09-17T15:18:42+00:00","description":"F\u00f6rsamlingens socialn\u00e4mnd\u00a0ansvarar f\u00f6r det\u00a0sociala arbetet.","breadcrumb":{"@id":"https:\/\/jchelsinki.fi\/sv\/tjasnter-och-verksamhet\/socialverksamhet\/#breadcrumb"},"inLanguage":"sv-SE","potentialAction":[{"@type":"ReadAction","target":["https:\/\/jchelsinki.fi\/sv\/tjasnter-och-verksamhet\/socialverksamhet\/"]}]},{"@type":"BreadcrumbList","@id":"https:\/\/jchelsinki.fi\/sv\/tjasnter-och-verksamhet\/socialverksamhet\/#breadcrumb","itemListElement":[{"@type":"ListItem","position":1,"name":"Etusivu","item":"https:\/\/jchelsinki.fi\/sv\/"},{"@type":"ListItem","position":2,"name":"Tj\u00e4snter och verksamhet","item":"https:\/\/jchelsinki.fi\/sv\/tjasnter-och-verksamhet\/"},{"@type":"ListItem","position":3,"name":"Socialverksamhet"}]},{"@type":"WebSite","@id":"https:\/\/jchelsinki.fi\/sv\/#website","url":"https:\/\/jchelsinki.fi\/sv\/","name":"Judiska F\u00f6rsamlingen i Helsingfors","description":"Olet Suomen aktiivisimman juutalaisen yhteis\u00f6n sivustolla.","potentialAction":[{"@type":"SearchAction","target":{"@type":"EntryPoint","urlTemplate":"https:\/\/jchelsinki.fi\/sv\/?s={search_term_string}"},"query-input":{"@type":"PropertyValueSpecification","valueRequired":true,"valueName":"search_term_string"}}],"inLanguage":"sv-SE"}]}},"taxonomy_info":[],"featured_image_src_large":false,"author_info":{"display_name":"jch_admin","author_link":"https:\/\/jchelsinki.fi\/sv\/uutiset\/author\/jch_admin\/"},"comment_info":0,"_links":{"self":[{"href":"https:\/\/jchelsinki.fi\/sv\/wp-json\/wp\/v2\/pages\/652","targetHints":{"allow":["GET"]}}],"collection":[{"href":"https:\/\/jchelsinki.fi\/sv\/wp-json\/wp\/v2\/pages"}],"about":[{"href":"https:\/\/jchelsinki.fi\/sv\/wp-json\/wp\/v2\/types\/page"}],"author":[{"embeddable":true,"href":"https:\/\/jchelsinki.fi\/sv\/wp-json\/wp\/v2\/users\/1"}],"replies":[{"embeddable":true,"href":"https:\/\/jchelsinki.fi\/sv\/wp-json\/wp\/v2\/comments?post=652"}],"version-history":[{"count":1,"href":"https:\/\/jchelsinki.fi\/sv\/wp-json\/wp\/v2\/pages\/652\/revisions"}],"predecessor-version":[{"id":653,"href":"https:\/\/jchelsinki.fi\/sv\/wp-json\/wp\/v2\/pages\/652\/revisions\/653"}],"up":[{"embeddable":true,"href":"https:\/\/jchelsinki.fi\/sv\/wp-json\/wp\/v2\/pages\/614"}],"wp:attachment":[{"href":"https:\/\/jchelsinki.fi\/sv\/wp-json\/wp\/v2\/media?parent=652"}],"curies":[{"name":"wp","href":"https:\/\/api.w.org\/{rel}","templated":true}]}}