{"id":642,"date":"2021-08-26T15:42:39","date_gmt":"2021-08-26T12:42:39","guid":{"rendered":"http:\/\/jchelsinki.fi\/tjasnter-och-verksamhet\/juutalainen-kasvatus\/"},"modified":"2021-09-17T18:14:22","modified_gmt":"2021-09-17T15:14:22","slug":"judisk-undervisning","status":"publish","type":"page","link":"https:\/\/jchelsinki.fi\/sv\/tjasnter-och-verksamhet\/judisk-undervisning\/","title":{"rendered":"Judisk undervisning"},"content":{"rendered":"\n<h2 class=\"wp-block-heading\">Daghemmet Gan Jeladim<\/h2>\n\n\n\n<p>Gan Jeladim \u00e4r det enda judiska daghemmet i Finland och det&nbsp;fungerar i&nbsp;Helsingfors Judiska F\u00f6rsamlings lokaler. Vi har fyra grupper i v\u00e5rt daghem f\u00f6r barn&nbsp;3-7 \u00e5r, inklusive en&nbsp;f\u00f6rskoleklass. Daghemmet rymmer 42 barn och \u00e4r mycket&nbsp;popul\u00e4rt. Barnen l\u00e4r sig p\u00e5 ett naturligt s\u00e4tt inom ramen&nbsp;f\u00f6r den&nbsp;dagliga verksamheten judisk&nbsp;religion, seder&nbsp;och traditioner&nbsp;samt det hebreiska spr\u00e5ket. Varje dag serveras&nbsp;barnen smaklig&nbsp;kosher-mat:&nbsp;frukost, lunch och mellanm\u00e5l&nbsp;som tillverkas i v\u00e5rt eget kosher k\u00f6k. F\u00f6rsamlingens g\u00e5rd har en v\u00e4lutrustad ny lekplats som barnen utnyttjar dagligen.<\/p>\n\n\n\n<h2 class=\"wp-block-heading\">Helsingfors Judiska Samskola<\/h2>\n\n\n\n<p>Finlands f\u00f6rsta judiska skola b\u00f6rjade sin verksamhet redan 1893. Den h\u00e4r&nbsp;Judiska skolan verkade bara i&nbsp;sju \u00e5r, man var tvungen att&nbsp;redan \u00e5r 1900 st\u00e4nga skolan p\u00e5 grund av finansiella sv\u00e5righeter. Trots att de finska judarna beviljades&nbsp;civila r\u00e4ttigheter \u00e5r 1918 och d\u00e4rmed \u00f6ppnades alla l\u00e4roanstalter&nbsp;f\u00f6r dem, s\u00e5g man en egen allm\u00e4nbildande judisk skola som en n\u00f6dv\u00e4ndighet. P\u00e5 aktiva f\u00f6r\u00e4ldrars initiativ grundades en egen skola, Judiska Samskolan i Helsingfors, vars verksamhet&nbsp;startade 15.11.1918. Skolans undervisningsspr\u00e5k byttes till finska 1936 och samtidigt byttes skolans namn till Helsingin juutalainen yhteiskoulu (Helsingfors Judiska Samskola).&nbsp;1977 byttes namnet till Juutalainen koulu (Judiska skolan) efter att&nbsp;grundskolsreformen i Finland tr\u00e4tt&nbsp;i kraft.<\/p>\n\n\n\n<p>Skolan har idag \u00e5tertagit&nbsp;sitt ursprungliga namn och heter nu&nbsp;Helsingin Juutalainen Yhteiskoulu. Det \u00e4r en privat skola som uppr\u00e4tth\u00e5lls av Helsingfors Judiska F\u00f6rsamling och&nbsp;erbjuder grundskoleundervisning.&nbsp;&nbsp;Skolan leds&nbsp;av en styrelse som f\u00f6rsamlingens fullm\u00e4ktige v\u00e4ljer p\u00e5&nbsp;en tre\u00e5rs period. Kostnaderna f\u00f6r skolan&nbsp;t\u00e4cks till 60% med ett&nbsp;samh\u00e4lleligt&nbsp;st\u00f6d, den resterande delen st\u00e5r&nbsp;judiska f\u00f6rsamlingen f\u00f6r. Undervisningen&nbsp;\u00e4r avgiftsfri&nbsp;f\u00f6rutom eventuella resekostnader.<\/p>\n\n\n\n<p>Ut\u00f6ver grundskoleundervisningen har skolan som ett specialuppdrag undervisning&nbsp;i judisk religion och tradition samt hebreiska. De fyra l\u00e4gsta klassernas religionsundervisning innefattar \u00e4ven bibelns historia. Fr\u00e5n och med \u00e5rskurs 6&nbsp;ing\u00e5r i historieundervisningen \u00e4ven judisk historia. Hebreiska studeras fr\u00e5n \u00e5rskurs 1.&nbsp;\u00c5r 2005 inf\u00f6rde skolan det suggestopedagogiska Tal Am-programmet i sin l\u00e4roplan. Hebreiska undervisas i tv\u00e5 olika&nbsp;grupper&nbsp;&nbsp;baserat p\u00e5 huruvida hebreiska \u00e4r ett&nbsp;hemspr\u00e5k eller ett&nbsp;fr\u00e4mmande spr\u00e5k. Programmet har gett goda resultat i&nbsp;\u00e5rskurs&nbsp;1-4.<\/p>\n\n\n\n<p>Skolans centrala v\u00e4rden \u00e4r judendom, m\u00e4nsklighet, internationalitet och &#8221;att&nbsp;l\u00e4ra sig att l\u00e4ra sig&#8221;. Undervisningen i judendom&nbsp;innefattar&nbsp;all den undervisning, ledning och attitydfostran&nbsp;som str\u00e4var&nbsp;till att uppfostra&nbsp;eleverna&nbsp;till judar som \u00e4r positivt inst\u00e4llda till&nbsp;sin judendom och som k\u00e4nner samh\u00f6righet med sin f\u00f6rsamling och sitt folk. F\u00f6r att uppn\u00e5 det h\u00e4r m\u00e5let anv\u00e4nds i undervisningen \u00e5 ena sidan de sk. judiska \u00e4mnen (religion, judisk historia och hebreiska) och &nbsp;\u00e5 andra sidan inkluderas i skoldagens vardag och fest olika judiska&nbsp;traditioner och aktiviteter.&nbsp;Detta skapar en skolomgivning d\u00e4r skoleleverna i praktiken f\u00f6ljer en&nbsp;judisk livstil. \u00c4ven i andra \u00e4mnen po\u00e4ngteras judiska teman.<\/p>\n\n\n\n<p>Skolan hade p\u00e5 mitten av 1970-talet 50 elever. Under 2000-talet \u00f6kade elevantalet till 113 \u2013 cirka 90 procent av f\u00f6rsamlingens barn i skol\u00e5ldern. \u00d6kningen i skolans elevantal har p\u00e5verkats av inflyttningen av ryska och israeliska judar till Finland och speciellt till huvudstadsregionen. Som hemspr\u00e5k talar eleverna \u00e4ven ett flertal andra spr\u00e5k ut\u00f6ver finska och svenska. Eleverna kommer till skolan fr\u00e5n huvudstadsregionen och \u00f6vriga&nbsp;Nyland. Majoriteten av eleverna \u00e4r dock fr\u00e5n Helsingfors.<\/p>\n\n\n\n<p>Kontaktuppgifter: Malmgatan 26, 00100 Helsingfors Finlnd, +358 9 586 0310,&nbsp;<a href=\"http:\/\/hjyk.fi\/\">http:\/\/hjyk.fi<\/a><\/p>\n\n\n\n<h2 class=\"wp-block-heading\">S\u00f6ndagsskola<\/h2>\n\n\n\n<p>S\u00f6ndagsskolan \u00e4r avsedd f\u00f6r alla de barn och ungdomar, som inte g\u00e5r i judiska skolan men som beh\u00f6ver undervisning i judisk religion. S\u00f6ndagsskolan \u00e4r riktad till&nbsp;barn i 10-11 \u00e5rs \u00e5ldern och hela familjen bjuds med till en del av aktiviteterna och undervisningen. Om barnet inte g\u00e5r i judiska skolan f\u00f6ruts\u00e4tter f\u00f6rsmlingen att barnet deltar i S\u00f6ndagsskolan f\u00f6re&nbsp;sj\u00e4lva Bnei-mitsva undervisningen b\u00f6rjar f\u00f6r att kunna fira sin bat\/bar-mitsva ceremoni i Helsingfors synagoga.<\/p>\n\n\n\n<p>Till\u00e4gsinformation f\u00e5s fr\u00e5n f\u00f6rsamlingens kansli:<br><a href=\"mailto:srk@jchelsinki.fi\">srk@jchelsinki.fi<\/a><br>+358 09 586 0310<\/p>\n\n\n\n<h2 class=\"wp-block-heading\">Bnei mitsva -undervisning<\/h2>\n\n\n\n<p>Bnei mitsva \u2013\u00e5ldern \u00e4r en mycket&nbsp;viktig och speciell tid i judendomen, i barnets liv och i f\u00f6r\u00e4ldrarnas liv. Enligt judisk lag \u00e4r&nbsp;pojkar bar mitsva n\u00e4r de fyller 13 \u00e5r och flickor bat mitsva n\u00e4r de fyller 12 \u00e5r (pluralis bnei mitsva).&nbsp;Bar\/bat mitsva inneb\u00e4r att ta ansvar f\u00f6r&nbsp;sina egna g\u00e4rningar, mitsvot.&nbsp;<\/p>\n\n\n\n<p>I den h\u00e4r&nbsp;\u00e5ldern blir barnet myndigt eller fullvuxet i en andlig mening. Att vara andligt vuxen&nbsp;betyder f\u00f6rm\u00e5gan att f\u00f6rst\u00e5 livets sv\u00e5righeter och betydelse. I den h\u00e4r&nbsp;\u00e5ldern sker&nbsp;ocks\u00e5 en&nbsp;fysisk utveckling och tillv\u00e4xt, och de h\u00e4r&nbsp;f\u00f6r\u00e4ndringarna och ett \u00f6kat ansvarstagande sker&nbsp;inte \u00f6ver&nbsp;en natt. Processen \u00e4r tv\u00e4rtom l\u00e5ng. D\u00e4rf\u00f6r&nbsp;\u00e4r bnei mitsva-programmet viktigt&nbsp;f\u00f6r hela familjen.<\/p>\n\n\n\n<p>Bl.a. f\u00f6ljande omr\u00e5den ing\u00e5r i bnei mitsva -undervisningen:<\/p>\n\n\n\n<ol class=\"wp-block-list\"><li><strong>Jag och min v\u00e4n<\/strong><br>Undervisning i grupp, interaktivt med andra.<\/li><li><strong>Jag och min familj<\/strong><br>En undervisningperiod f\u00f6r Bnei mitsva -undgomen och dess familj, om hur man kan k\u00e4nna judisk andlighet och f\u00f6rst\u00e5 familjens centralala roll i judendomen.<\/li><li><strong>Jag sj\u00e4lv<\/strong><br>Ett personligt program och en f\u00f6rberedelse till ceremonin och inl\u00e4rning av speciella mitsvot skilt f\u00f6r pojkar och flickor. Som till\u00e4gg diskussioner med familjen om andra \u00f6nskade rubriker.<\/li><li><strong>Jag och min f\u00f6rsamling<\/strong><br>Frivilligt arbete med bes\u00f6k till Sara-hemmet, f\u00f6rberedelser inf\u00f6r helger mm. De\u00a0ungdomar\u00a0som under tidigare \u00e5r\u00a0genomg\u00e5tt Bnei mitsva programmet\u00a0hj\u00e4lper till att ordna och organisera\u00a0aktiviteterna.<\/li><li><strong>Jag och mitt barn<\/strong><br>M\u00f6ten enbart med f\u00f6r\u00e4ldrarna.<\/li><li><strong>L\u00e4gren<\/strong><br>Ungdomarna har en\u00a0m\u00f6jlighet\u00a0att anv\u00e4nda det som de l\u00e4rt sig under kursen i verkliga livet. Uppleva\u00a0den judiska gruppens styrka och anda.<\/li><\/ol>\n\n\n\n<p>Bnei mitsva \u2013programmet inneh\u00e5ller \u00e4ven privat undervisning och gruppm\u00f6ten och som sagt; \u00e4ven l\u00e4ger. Familjens och hemmets st\u00f6d och samarbete \u00e4r ytterst viktigt under programmets lopp. Programmet \u00e4r planerat och utf\u00f6rs i samarbete med judiska f\u00f6rsamlingen och judiska samskolan.<\/p>\n\n\n\n<p>F\u00f6r att&nbsp;fira sin bnei mitsva ceremoni i Helsingfors synagoga f\u00f6ruts\u00e4tts&nbsp;deltagande i f\u00f6rsamlingens bnei mitsva-undervisning.<\/p>\n\n\n\n<p>Kontaktuppgifter:&nbsp;<a href=\"mailto:srk@jchelsinki.fi\">srk@jchelsinki.fi<\/a>, +358 9 5860310<\/p>\n","protected":false},"excerpt":{"rendered":"<p>Daghemmet Gan Jeladim Gan Jeladim \u00e4r det enda judiska daghemmet i Finland och det&nbsp;fungerar i&nbsp;Helsingfors Judiska F\u00f6rsamlings lokaler. Vi har fyra grupper i v\u00e5rt daghem f\u00f6r barn&nbsp;3-7 \u00e5r, inklusive en&nbsp;f\u00f6rskoleklass. Daghemmet rymmer 42 barn och \u00e4r mycket&nbsp;popul\u00e4rt. Barnen l\u00e4r sig p\u00e5 ett naturligt s\u00e4tt inom ramen&nbsp;f\u00f6r den&nbsp;dagliga verksamheten judisk&nbsp;religion, seder&nbsp;och traditioner&nbsp;samt det hebreiska spr\u00e5ket. Varje&#8230;<\/p>\n","protected":false},"author":1,"featured_media":643,"parent":614,"menu_order":0,"comment_status":"closed","ping_status":"closed","template":"","meta":{"inline_featured_image":false,"_kad_blocks_custom_css":"","_kad_blocks_head_custom_js":"","_kad_blocks_body_custom_js":"","_kad_blocks_footer_custom_js":"","_kad_post_transparent":"","_kad_post_title":"","_kad_post_layout":"","_kad_post_sidebar_id":"","_kad_post_content_style":"","_kad_post_vertical_padding":"","_kad_post_feature":"","_kad_post_feature_position":"","_kad_post_header":false,"_kad_post_footer":false,"_kad_post_classname":"","footnotes":""},"class_list":["post-642","page","type-page","status-publish","has-post-thumbnail","hentry"],"yoast_head":"<!-- This site is optimized with the Yoast SEO plugin v27.3 - https:\/\/yoast.com\/product\/yoast-seo-wordpress\/ -->\n<title>Judisk undervisning - Judiska F\u00f6rsamlingen i Helsingfors<\/title>\n<meta name=\"robots\" content=\"index, follow, max-snippet:-1, max-image-preview:large, max-video-preview:-1\" \/>\n<link rel=\"canonical\" href=\"https:\/\/jchelsinki.fi\/sv\/tjasnter-och-verksamhet\/judisk-undervisning\/\" \/>\n<meta property=\"og:locale\" content=\"sv_SE\" \/>\n<meta property=\"og:type\" content=\"article\" \/>\n<meta property=\"og:title\" content=\"Judisk undervisning - Judiska F\u00f6rsamlingen i Helsingfors\" \/>\n<meta property=\"og:description\" content=\"Daghemmet Gan Jeladim Gan Jeladim \u00e4r det enda judiska daghemmet i Finland och det&nbsp;fungerar i&nbsp;Helsingfors Judiska F\u00f6rsamlings lokaler. Vi har fyra grupper i v\u00e5rt daghem f\u00f6r barn&nbsp;3-7 \u00e5r, inklusive en&nbsp;f\u00f6rskoleklass. Daghemmet rymmer 42 barn och \u00e4r mycket&nbsp;popul\u00e4rt. Barnen l\u00e4r sig p\u00e5 ett naturligt s\u00e4tt inom ramen&nbsp;f\u00f6r den&nbsp;dagliga verksamheten judisk&nbsp;religion, seder&nbsp;och traditioner&nbsp;samt det hebreiska spr\u00e5ket. Varje...\" \/>\n<meta property=\"og:url\" content=\"https:\/\/jchelsinki.fi\/sv\/tjasnter-och-verksamhet\/judisk-undervisning\/\" \/>\n<meta property=\"og:site_name\" content=\"Judiska F\u00f6rsamlingen i Helsingfors\" \/>\n<meta property=\"article:modified_time\" content=\"2021-09-17T15:14:22+00:00\" \/>\n<meta property=\"og:image\" content=\"https:\/\/jchelsinki.fi\/wp-content\/uploads\/2021\/09\/juutalainen_kasvatus_kuva.jpg\" \/>\n\t<meta property=\"og:image:width\" content=\"1200\" \/>\n\t<meta property=\"og:image:height\" content=\"454\" \/>\n\t<meta property=\"og:image:type\" content=\"image\/jpeg\" \/>\n<meta name=\"twitter:card\" content=\"summary_large_image\" \/>\n<meta name=\"twitter:label1\" content=\"Ber\u00e4knad l\u00e4stid\" \/>\n\t<meta name=\"twitter:data1\" content=\"4 minuter\" \/>\n<script type=\"application\/ld+json\" class=\"yoast-schema-graph\">{\"@context\":\"https:\\\/\\\/schema.org\",\"@graph\":[{\"@type\":\"WebPage\",\"@id\":\"https:\\\/\\\/jchelsinki.fi\\\/sv\\\/tjasnter-och-verksamhet\\\/judisk-undervisning\\\/\",\"url\":\"https:\\\/\\\/jchelsinki.fi\\\/sv\\\/tjasnter-och-verksamhet\\\/judisk-undervisning\\\/\",\"name\":\"Judisk undervisning - Judiska F\u00f6rsamlingen i Helsingfors\",\"isPartOf\":{\"@id\":\"https:\\\/\\\/jchelsinki.fi\\\/sv\\\/#website\"},\"primaryImageOfPage\":{\"@id\":\"https:\\\/\\\/jchelsinki.fi\\\/sv\\\/tjasnter-och-verksamhet\\\/judisk-undervisning\\\/#primaryimage\"},\"image\":{\"@id\":\"https:\\\/\\\/jchelsinki.fi\\\/sv\\\/tjasnter-och-verksamhet\\\/judisk-undervisning\\\/#primaryimage\"},\"thumbnailUrl\":\"https:\\\/\\\/jchelsinki.fi\\\/wp-content\\\/uploads\\\/2021\\\/09\\\/juutalainen_kasvatus_kuva.jpg\",\"datePublished\":\"2021-08-26T12:42:39+00:00\",\"dateModified\":\"2021-09-17T15:14:22+00:00\",\"breadcrumb\":{\"@id\":\"https:\\\/\\\/jchelsinki.fi\\\/sv\\\/tjasnter-och-verksamhet\\\/judisk-undervisning\\\/#breadcrumb\"},\"inLanguage\":\"sv-SE\",\"potentialAction\":[{\"@type\":\"ReadAction\",\"target\":[\"https:\\\/\\\/jchelsinki.fi\\\/sv\\\/tjasnter-och-verksamhet\\\/judisk-undervisning\\\/\"]}]},{\"@type\":\"ImageObject\",\"inLanguage\":\"sv-SE\",\"@id\":\"https:\\\/\\\/jchelsinki.fi\\\/sv\\\/tjasnter-och-verksamhet\\\/judisk-undervisning\\\/#primaryimage\",\"url\":\"https:\\\/\\\/jchelsinki.fi\\\/wp-content\\\/uploads\\\/2021\\\/09\\\/juutalainen_kasvatus_kuva.jpg\",\"contentUrl\":\"https:\\\/\\\/jchelsinki.fi\\\/wp-content\\\/uploads\\\/2021\\\/09\\\/juutalainen_kasvatus_kuva.jpg\",\"width\":1200,\"height\":454},{\"@type\":\"BreadcrumbList\",\"@id\":\"https:\\\/\\\/jchelsinki.fi\\\/sv\\\/tjasnter-och-verksamhet\\\/judisk-undervisning\\\/#breadcrumb\",\"itemListElement\":[{\"@type\":\"ListItem\",\"position\":1,\"name\":\"Etusivu\",\"item\":\"https:\\\/\\\/jchelsinki.fi\\\/sv\\\/\"},{\"@type\":\"ListItem\",\"position\":2,\"name\":\"Tj\u00e4snter och verksamhet\",\"item\":\"https:\\\/\\\/jchelsinki.fi\\\/sv\\\/tjasnter-och-verksamhet\\\/\"},{\"@type\":\"ListItem\",\"position\":3,\"name\":\"Judisk undervisning\"}]},{\"@type\":\"WebSite\",\"@id\":\"https:\\\/\\\/jchelsinki.fi\\\/sv\\\/#website\",\"url\":\"https:\\\/\\\/jchelsinki.fi\\\/sv\\\/\",\"name\":\"Judiska F\u00f6rsamlingen i Helsingfors\",\"description\":\"Olet Suomen aktiivisimman juutalaisen yhteis\u00f6n sivustolla.\",\"potentialAction\":[{\"@type\":\"SearchAction\",\"target\":{\"@type\":\"EntryPoint\",\"urlTemplate\":\"https:\\\/\\\/jchelsinki.fi\\\/sv\\\/?s={search_term_string}\"},\"query-input\":{\"@type\":\"PropertyValueSpecification\",\"valueRequired\":true,\"valueName\":\"search_term_string\"}}],\"inLanguage\":\"sv-SE\"}]}<\/script>\n<!-- \/ Yoast SEO plugin. -->","yoast_head_json":{"title":"Judisk undervisning - Judiska F\u00f6rsamlingen i Helsingfors","robots":{"index":"index","follow":"follow","max-snippet":"max-snippet:-1","max-image-preview":"max-image-preview:large","max-video-preview":"max-video-preview:-1"},"canonical":"https:\/\/jchelsinki.fi\/sv\/tjasnter-och-verksamhet\/judisk-undervisning\/","og_locale":"sv_SE","og_type":"article","og_title":"Judisk undervisning - Judiska F\u00f6rsamlingen i Helsingfors","og_description":"Daghemmet Gan Jeladim Gan Jeladim \u00e4r det enda judiska daghemmet i Finland och det&nbsp;fungerar i&nbsp;Helsingfors Judiska F\u00f6rsamlings lokaler. Vi har fyra grupper i v\u00e5rt daghem f\u00f6r barn&nbsp;3-7 \u00e5r, inklusive en&nbsp;f\u00f6rskoleklass. Daghemmet rymmer 42 barn och \u00e4r mycket&nbsp;popul\u00e4rt. Barnen l\u00e4r sig p\u00e5 ett naturligt s\u00e4tt inom ramen&nbsp;f\u00f6r den&nbsp;dagliga verksamheten judisk&nbsp;religion, seder&nbsp;och traditioner&nbsp;samt det hebreiska spr\u00e5ket. Varje...","og_url":"https:\/\/jchelsinki.fi\/sv\/tjasnter-och-verksamhet\/judisk-undervisning\/","og_site_name":"Judiska F\u00f6rsamlingen i Helsingfors","article_modified_time":"2021-09-17T15:14:22+00:00","og_image":[{"width":1200,"height":454,"url":"https:\/\/jchelsinki.fi\/wp-content\/uploads\/2021\/09\/juutalainen_kasvatus_kuva.jpg","type":"image\/jpeg"}],"twitter_card":"summary_large_image","twitter_misc":{"Ber\u00e4knad l\u00e4stid":"4 minuter"},"schema":{"@context":"https:\/\/schema.org","@graph":[{"@type":"WebPage","@id":"https:\/\/jchelsinki.fi\/sv\/tjasnter-och-verksamhet\/judisk-undervisning\/","url":"https:\/\/jchelsinki.fi\/sv\/tjasnter-och-verksamhet\/judisk-undervisning\/","name":"Judisk undervisning - Judiska F\u00f6rsamlingen i Helsingfors","isPartOf":{"@id":"https:\/\/jchelsinki.fi\/sv\/#website"},"primaryImageOfPage":{"@id":"https:\/\/jchelsinki.fi\/sv\/tjasnter-och-verksamhet\/judisk-undervisning\/#primaryimage"},"image":{"@id":"https:\/\/jchelsinki.fi\/sv\/tjasnter-och-verksamhet\/judisk-undervisning\/#primaryimage"},"thumbnailUrl":"https:\/\/jchelsinki.fi\/wp-content\/uploads\/2021\/09\/juutalainen_kasvatus_kuva.jpg","datePublished":"2021-08-26T12:42:39+00:00","dateModified":"2021-09-17T15:14:22+00:00","breadcrumb":{"@id":"https:\/\/jchelsinki.fi\/sv\/tjasnter-och-verksamhet\/judisk-undervisning\/#breadcrumb"},"inLanguage":"sv-SE","potentialAction":[{"@type":"ReadAction","target":["https:\/\/jchelsinki.fi\/sv\/tjasnter-och-verksamhet\/judisk-undervisning\/"]}]},{"@type":"ImageObject","inLanguage":"sv-SE","@id":"https:\/\/jchelsinki.fi\/sv\/tjasnter-och-verksamhet\/judisk-undervisning\/#primaryimage","url":"https:\/\/jchelsinki.fi\/wp-content\/uploads\/2021\/09\/juutalainen_kasvatus_kuva.jpg","contentUrl":"https:\/\/jchelsinki.fi\/wp-content\/uploads\/2021\/09\/juutalainen_kasvatus_kuva.jpg","width":1200,"height":454},{"@type":"BreadcrumbList","@id":"https:\/\/jchelsinki.fi\/sv\/tjasnter-och-verksamhet\/judisk-undervisning\/#breadcrumb","itemListElement":[{"@type":"ListItem","position":1,"name":"Etusivu","item":"https:\/\/jchelsinki.fi\/sv\/"},{"@type":"ListItem","position":2,"name":"Tj\u00e4snter och verksamhet","item":"https:\/\/jchelsinki.fi\/sv\/tjasnter-och-verksamhet\/"},{"@type":"ListItem","position":3,"name":"Judisk undervisning"}]},{"@type":"WebSite","@id":"https:\/\/jchelsinki.fi\/sv\/#website","url":"https:\/\/jchelsinki.fi\/sv\/","name":"Judiska F\u00f6rsamlingen i Helsingfors","description":"Olet Suomen aktiivisimman juutalaisen yhteis\u00f6n sivustolla.","potentialAction":[{"@type":"SearchAction","target":{"@type":"EntryPoint","urlTemplate":"https:\/\/jchelsinki.fi\/sv\/?s={search_term_string}"},"query-input":{"@type":"PropertyValueSpecification","valueRequired":true,"valueName":"search_term_string"}}],"inLanguage":"sv-SE"}]}},"taxonomy_info":[],"featured_image_src_large":["https:\/\/jchelsinki.fi\/wp-content\/uploads\/2021\/09\/juutalainen_kasvatus_kuva.jpg",1188,449,false],"author_info":{"display_name":"jch_admin","author_link":"https:\/\/jchelsinki.fi\/sv\/uutiset\/author\/jch_admin\/"},"comment_info":0,"_links":{"self":[{"href":"https:\/\/jchelsinki.fi\/sv\/wp-json\/wp\/v2\/pages\/642","targetHints":{"allow":["GET"]}}],"collection":[{"href":"https:\/\/jchelsinki.fi\/sv\/wp-json\/wp\/v2\/pages"}],"about":[{"href":"https:\/\/jchelsinki.fi\/sv\/wp-json\/wp\/v2\/types\/page"}],"author":[{"embeddable":true,"href":"https:\/\/jchelsinki.fi\/sv\/wp-json\/wp\/v2\/users\/1"}],"replies":[{"embeddable":true,"href":"https:\/\/jchelsinki.fi\/sv\/wp-json\/wp\/v2\/comments?post=642"}],"version-history":[{"count":2,"href":"https:\/\/jchelsinki.fi\/sv\/wp-json\/wp\/v2\/pages\/642\/revisions"}],"predecessor-version":[{"id":649,"href":"https:\/\/jchelsinki.fi\/sv\/wp-json\/wp\/v2\/pages\/642\/revisions\/649"}],"up":[{"embeddable":true,"href":"https:\/\/jchelsinki.fi\/sv\/wp-json\/wp\/v2\/pages\/614"}],"wp:featuredmedia":[{"embeddable":true,"href":"https:\/\/jchelsinki.fi\/sv\/wp-json\/wp\/v2\/media\/643"}],"wp:attachment":[{"href":"https:\/\/jchelsinki.fi\/sv\/wp-json\/wp\/v2\/media?parent=642"}],"curies":[{"name":"wp","href":"https:\/\/api.w.org\/{rel}","templated":true}]}}