{"id":638,"date":"2021-08-27T12:26:15","date_gmt":"2021-08-27T09:26:15","guid":{"rendered":"http:\/\/jchelsinki.fi\/tjasnter-och-verksamhet\/kulttuuritoiminta\/"},"modified":"2023-08-09T11:57:05","modified_gmt":"2023-08-09T08:57:05","slug":"kulturaktiviteter","status":"publish","type":"page","link":"https:\/\/jchelsinki.fi\/sv\/tjasnter-och-verksamhet\/kulturaktiviteter\/","title":{"rendered":"Kulturaktiviteter"},"content":{"rendered":"\n<h2 class=\"wp-block-heading\"><strong>Chug ivri \u2013 hebreiska klubben<\/strong><\/h2>\n\n\n\n<p>Chug ivri grundades ursprungligen redan p\u00e5 1920-talet och \u00e4r en klubb f\u00f6r&nbsp;fullvuxna som vill studera hebreiska. Idag&nbsp;h\u00e5lls lektionerna i&nbsp;f\u00f6rsamlingen&nbsp;p\u00e5 tisdagskv\u00e4llar. Undervisningen sker p\u00e5 tre olika niv\u00e5er (nyb\u00f6rjare &#8211; mellanniv\u00e5 &#8211; l\u00e4ngre hunna).<\/p>\n\n\n\n<p>Chug ivri har under flera somrar organiserat en tv\u00e5 veckors resa till en kibbuts i Negev-\u00f6knen&nbsp;i Israel. Under resan kan deltagarna p\u00e5 hebreiska&nbsp;bekanta sig med det vardagliga livet i Israel.<\/p>\n\n\n\n<p>Till\u00e4ggsinformation:&nbsp;<a href=\"mailto:srk@jchelsinki.fi\">srk@jchelsinki.fi<\/a><\/p>\n\n\n<style>.wp-block-kadence-advancedheading.kt-adv-heading638_1369f7-74, .wp-block-kadence-advancedheading.kt-adv-heading638_1369f7-74[data-kb-block=\"kb-adv-heading638_1369f7-74\"]{font-style:normal;}.wp-block-kadence-advancedheading.kt-adv-heading638_1369f7-74 mark.kt-highlight, .wp-block-kadence-advancedheading.kt-adv-heading638_1369f7-74[data-kb-block=\"kb-adv-heading638_1369f7-74\"] mark.kt-highlight{font-style:normal;color:#f76a0c;-webkit-box-decoration-break:clone;box-decoration-break:clone;padding-top:0px;padding-right:0px;padding-bottom:0px;padding-left:0px;}.wp-block-kadence-advancedheading.kt-adv-heading638_1369f7-74 img.kb-inline-image, .wp-block-kadence-advancedheading.kt-adv-heading638_1369f7-74[data-kb-block=\"kb-adv-heading638_1369f7-74\"] img.kb-inline-image{width:150px;vertical-align:baseline;}<\/style>\n<h2 class=\"kt-adv-heading638_1369f7-74 wp-block-kadence-advancedheading\" data-kb-block=\"kb-adv-heading638_1369f7-74\"><\/h2>\n\n\n\n<p><\/p>\n\n\n\n<h2 class=\"wp-block-heading\"><strong>Hakehila-tidskriften<\/strong><\/h2>\n\n\n\n<p>Hakehila \u00e4r Helsingfors Judiska F\u00f6rsamlings publikation som utkommer fyra&nbsp;g\u00e5nger om \u00e5ret. I tidskriften publiceras&nbsp;en m\u00e4ngd artiklar om&nbsp;judisk kultur, religion, historia samt om det judiska&nbsp;livet s\u00e5v\u00e4l i Finland som i hela v\u00e4rlden. Kontaktuppgifterna f\u00f6r Hakehilas redaktion \u00e4r:<\/p>\n\n\n\n<p>Malmgatan 26, 00100 Helsingfors<br><a href=\"mailto:hakehila@jchelsinki.fi\">hakehila@jchelsinki.fi<\/a><br>Tel..+358 (0) 9 586 0310<\/p>\n\n\n\n<p>Priset f\u00f6r ett \u00e5rs prenumeration i Finland \u00e4r 45&nbsp;EUR och till utlandet 77&nbsp;EUR. (12.8.20)<\/p>\n\n\n\n<h2 class=\"wp-block-heading\"><strong>Idishe vort<\/strong><\/h2>\n\n\n\n<p>Idishe vort \u00e4r en f\u00f6rening som grundades&nbsp;\u00e5r 2000. Idishe Vort organiserar&nbsp;undervisning i jiddish och driver&nbsp;\u00e4ven en diskussionscirkel som kallas f\u00f6r shmues-kraiz f\u00f6r dem som talar jiddish som modersm\u00e5l eller som vill f\u00f6rdjupa sina spr\u00e5kkunskaper.&nbsp;&nbsp;<\/p>\n\n\n\n<p>Idishe vort uppr\u00e4tth\u00e5ller \u00e4ven den&nbsp;jiddishspr\u00e5kiga teaterkulturen&nbsp;i Finland. \u00c5r 2006 spelade gruppen Sholem-Aleikhems pj\u00e4s&nbsp;Mazl-tov!, som senast har visats i Helsingfors f\u00f6r hundra \u00e5r sedan.&nbsp; 2014 visades&nbsp;den klassiska jiddish-pj\u00e4sen Der dibuk.<\/p>\n\n\n\n<h2 class=\"wp-block-heading\"><strong>Judaica-aktiviteter<\/strong><\/h2>\n\n\n\n<p>F\u00f6rsamlingens judaica grupp planerar och organiserar f\u00f6rel\u00e4sningstillf\u00e4llen&nbsp;med teman som&nbsp;judisk kultur och liknande.<\/p>\n\n\n\n<h2 class=\"wp-block-heading\"><strong>Biblioteket<\/strong><\/h2>\n\n\n\n<p>Bibilioteket grundades 1922 via&nbsp;en insamling bland f\u00f6rsamlingsmedlemmar f\u00f6r att samla in b\u00f6cker p\u00e5 jiddish. Totalt samlade man in&nbsp;80 b\u00f6cker. Jiddish&nbsp;som ett litteraturspr\u00e5k var dock inte vanligt bland medlemmarna och d\u00e4rf\u00f6r var snart majoriteten av bibliotekets b\u00f6cker&nbsp;p\u00e5&nbsp;andra spr\u00e5k. Samlingen v\u00e4xte \u00e5r f\u00f6r \u00e5r. Under andra v\u00e4rldskriget m\u00e5ste man evakuera Viborgs judiska f\u00f6rsamlings bibiliotek och det flyttades dels till Helsingfors judiska f\u00f6rsamlings bibliotek. Senare donerades ca 500 b\u00f6cker till den nyetablerade staten Israel och ca 300 b\u00f6cker var man tvungen att f\u00f6rst\u00f6ra p\u00e5 grund av vattenskador.&nbsp;&nbsp;I dag&nbsp;har biblioteket ca 3500 b\u00f6cker p\u00e5 nio olika spr\u00e5k.<\/p>\n\n\n\n<p>Judisk litteratur finns v\u00e4l representerad&nbsp;\u00e4ven i finska offentliga bibliotek. I&nbsp;v\u00e5rt eget&nbsp;bibliotek \u00e4r den samlad som en helhet, som&nbsp;omfattar en stor del av den judiska och hebreiska litteraturen i Finland och \u00e4ven&nbsp;en omfattande DVD-kollektion. En snabbt v\u00e4xande del av bibliotekets inneh\u00e5ll \u00e4r modern hebreisk litteratur. Bibliotek \u00e4r p\u00e5 hebreiska sifria och&nbsp;det&nbsp;h\u00e4nvisar&nbsp;till den aktiva grupp&nbsp;som samlas p\u00e5 tisdagar varje vecka i&nbsp;biblioteket f\u00f6r att umg\u00e5s p\u00e5 hebreiska kring ett&nbsp;tema &#8211; eller bara f\u00f6r att trivas.<\/p>\n\n\n\n<p>Judiska f\u00f6rsamlingens bibliotek \u00e4r \u00f6ppet&nbsp;under skol\u00e5ret p\u00e5 tisdagar&nbsp;kl 16 \u2013 20. Bibliotekt \u00e4r st\u00e4ngt p\u00e5 judiska och finska helger. Mer info om \u00f6ppetider&nbsp;och nyheter&nbsp;i f\u00f6rsamlingens Hakehila-tidskrift&nbsp;och per epost.&nbsp;<\/p>\n\n\n\n<p>Helsingfors judiska f\u00f6rsamling v\u00e4lkomnar dig hj\u00e4rtligt!<\/p>\n\n\n\n<p>Till\u00e4ggsinformation:&nbsp;<a href=\"mailto:srk@jchelsinki.fi\">srk@jchelsinki.fi<\/a>&nbsp;<\/p>\n\n\n\n<p>Tel..+358 (0) 9 586 0310<\/p>\n\n\n\n<blockquote class=\"wp-block-quote is-style-default is-layout-flow wp-block-quote-is-layout-flow\">\n<p><em><em>Ingen kan f\u00f6rutse vad som h\u00e4nder n\u00e4r d\u00f6rren \u00f6ppnas! Biblioteket p\u00e5 15 m2 har fyra d\u00f6rrar, en ledde in till den sk. Gordins garderob,&nbsp;som var m\u00f6rk, liten och bekymmerligt dammig. D\u00e4r hittade jag gamla dokument, damm, otroliga f\u00f6rem\u00e5l s\u00e5som sm\u00e5 saker relaterade med min sl\u00e4kt, och l\u00e4nge sedan borgl\u00f6mda b\u00f6cker p\u00e5 v\u00e4g tilll sin slutliga grav. *S\u00e5 \u00e4r det: heliga b\u00f6cker begravs med stor respekt som dom borde enligt m\u00e4nsklighetets minne. I dag finns det&nbsp;en liten l\u00e4sh\u00f6rna f\u00f6r barn i den gamla garderoben, d\u00e4r man kan rita med krita, sjunga, ibland \u00e4ven Avinu malkeinu, l\u00e4sa&nbsp;eller trivas i v\u00e5rt egna bibliotek.<\/em><\/em><\/p>\n<cite><meta charset=\"utf-8\">Ber\u00e4ttas&nbsp;av bibliotekarien<\/cite><\/blockquote>\n\n\n\n<h2 class=\"wp-block-heading\"><strong>De finska judarnas arkiv<\/strong><\/h2>\n\n\n\n<p>De finska judarnas arkiv som finns&nbsp;i Riksarkivet kan anv\u00e4ndas s\u00e5v\u00e4l av inhemska som utl\u00e4ndska forskare. Forskningstillst\u00e5nd b\u00f6r dock erh\u00e5llas fr\u00e5n judiska f\u00f6rsamlingens i Helsingfors kansli.<\/p>\n\n\n\n<p>Kontaktuppgifter: 09 5860310,&nbsp;<a href=\"mailto:srk@jchelsinki.fi\">srk@jchelsinki.fi<\/a><\/p>\n\n\n\n<p>Address: Riksarkivet, Fredsgatan 17, 00170 Helsingfors. Tel. 09&nbsp;228&nbsp;521.<\/p>\n\n\n\n<h2 class=\"wp-block-heading\"><strong>Den virtuala utst\u00e4llningen&nbsp;Fenno Judaica<\/strong><\/h2>\n\n\n\n<p>Fenno-Judaica \u2013utst\u00e4llningen&nbsp;&nbsp;presenterar judarnas&nbsp;historia och kultur i \u00f6ver hundra \u00e5r i Finland med material fr\u00e5n det finsk-judiska arkivet. Utst\u00e4llningens&nbsp;\u00e4ldsta&nbsp;dokument \u00e4r fr\u00e5n \u00e5r 1850. Fenno judaicas hemsidor \u00e4r <a href=\"http:\/\/fennojudaica.jchelsinki.fi\">h\u00e4r<\/a>.<\/p>\n","protected":false},"excerpt":{"rendered":"<p>Chug ivri \u2013 hebreiska klubben Chug ivri grundades ursprungligen redan p\u00e5 1920-talet och \u00e4r en klubb f\u00f6r&nbsp;fullvuxna som vill studera hebreiska. Idag&nbsp;h\u00e5lls lektionerna i&nbsp;f\u00f6rsamlingen&nbsp;p\u00e5 tisdagskv\u00e4llar. Undervisningen sker p\u00e5 tre olika niv\u00e5er (nyb\u00f6rjare &#8211; mellanniv\u00e5 &#8211; l\u00e4ngre hunna). Chug ivri har under flera somrar organiserat en tv\u00e5 veckors resa till en kibbuts i Negev-\u00f6knen&nbsp;i Israel. Under&#8230;<\/p>\n","protected":false},"author":1,"featured_media":639,"parent":614,"menu_order":0,"comment_status":"closed","ping_status":"closed","template":"","meta":{"inline_featured_image":false,"_kad_blocks_custom_css":"","_kad_blocks_head_custom_js":"","_kad_blocks_body_custom_js":"","_kad_blocks_footer_custom_js":"","_kad_post_transparent":"","_kad_post_title":"","_kad_post_layout":"","_kad_post_sidebar_id":"","_kad_post_content_style":"","_kad_post_vertical_padding":"","_kad_post_feature":"","_kad_post_feature_position":"","_kad_post_header":false,"_kad_post_footer":false,"_kad_post_classname":"","footnotes":""},"class_list":["post-638","page","type-page","status-publish","has-post-thumbnail","hentry"],"yoast_head":"<!-- This site is optimized with the Yoast SEO plugin v27.5 - https:\/\/yoast.com\/product\/yoast-seo-wordpress\/ -->\n<title>Kulturaktiviteter - Judiska F\u00f6rsamlingen i Helsingfors<\/title>\n<meta name=\"robots\" content=\"index, follow, max-snippet:-1, max-image-preview:large, max-video-preview:-1\" \/>\n<link rel=\"canonical\" href=\"https:\/\/jchelsinki.fi\/sv\/tjasnter-och-verksamhet\/kulturaktiviteter\/\" \/>\n<meta property=\"og:locale\" content=\"sv_SE\" \/>\n<meta property=\"og:type\" content=\"article\" \/>\n<meta property=\"og:title\" content=\"Kulturaktiviteter - Judiska F\u00f6rsamlingen i Helsingfors\" \/>\n<meta property=\"og:description\" content=\"Chug ivri \u2013 hebreiska klubben Chug ivri grundades ursprungligen redan p\u00e5 1920-talet och \u00e4r en klubb f\u00f6r&nbsp;fullvuxna som vill studera hebreiska. Idag&nbsp;h\u00e5lls lektionerna i&nbsp;f\u00f6rsamlingen&nbsp;p\u00e5 tisdagskv\u00e4llar. Undervisningen sker p\u00e5 tre olika niv\u00e5er (nyb\u00f6rjare &#8211; mellanniv\u00e5 &#8211; l\u00e4ngre hunna). Chug ivri har under flera somrar organiserat en tv\u00e5 veckors resa till en kibbuts i Negev-\u00f6knen&nbsp;i Israel. Under...\" \/>\n<meta property=\"og:url\" content=\"https:\/\/jchelsinki.fi\/sv\/tjasnter-och-verksamhet\/kulturaktiviteter\/\" \/>\n<meta property=\"og:site_name\" content=\"Judiska F\u00f6rsamlingen i Helsingfors\" \/>\n<meta property=\"article:modified_time\" content=\"2023-08-09T08:57:05+00:00\" \/>\n<meta property=\"og:image\" content=\"https:\/\/jchelsinki.fi\/wp-content\/uploads\/2021\/09\/kirjasto_maalaus.jpg\" \/>\n\t<meta property=\"og:image:width\" content=\"1200\" \/>\n\t<meta property=\"og:image:height\" content=\"379\" \/>\n\t<meta property=\"og:image:type\" content=\"image\/jpeg\" \/>\n<meta name=\"twitter:card\" content=\"summary_large_image\" \/>\n<meta name=\"twitter:label1\" content=\"Ber\u00e4knad l\u00e4stid\" \/>\n\t<meta name=\"twitter:data1\" content=\"3 minuter\" \/>\n<script type=\"application\/ld+json\" class=\"yoast-schema-graph\">{\"@context\":\"https:\\\/\\\/schema.org\",\"@graph\":[{\"@type\":\"WebPage\",\"@id\":\"https:\\\/\\\/jchelsinki.fi\\\/sv\\\/tjasnter-och-verksamhet\\\/kulturaktiviteter\\\/\",\"url\":\"https:\\\/\\\/jchelsinki.fi\\\/sv\\\/tjasnter-och-verksamhet\\\/kulturaktiviteter\\\/\",\"name\":\"Kulturaktiviteter - Judiska F\u00f6rsamlingen i Helsingfors\",\"isPartOf\":{\"@id\":\"https:\\\/\\\/jchelsinki.fi\\\/sv\\\/#website\"},\"primaryImageOfPage\":{\"@id\":\"https:\\\/\\\/jchelsinki.fi\\\/sv\\\/tjasnter-och-verksamhet\\\/kulturaktiviteter\\\/#primaryimage\"},\"image\":{\"@id\":\"https:\\\/\\\/jchelsinki.fi\\\/sv\\\/tjasnter-och-verksamhet\\\/kulturaktiviteter\\\/#primaryimage\"},\"thumbnailUrl\":\"https:\\\/\\\/jchelsinki.fi\\\/wp-content\\\/uploads\\\/2021\\\/09\\\/kirjasto_maalaus.jpg\",\"datePublished\":\"2021-08-27T09:26:15+00:00\",\"dateModified\":\"2023-08-09T08:57:05+00:00\",\"breadcrumb\":{\"@id\":\"https:\\\/\\\/jchelsinki.fi\\\/sv\\\/tjasnter-och-verksamhet\\\/kulturaktiviteter\\\/#breadcrumb\"},\"inLanguage\":\"sv-SE\",\"potentialAction\":[{\"@type\":\"ReadAction\",\"target\":[\"https:\\\/\\\/jchelsinki.fi\\\/sv\\\/tjasnter-och-verksamhet\\\/kulturaktiviteter\\\/\"]}]},{\"@type\":\"ImageObject\",\"inLanguage\":\"sv-SE\",\"@id\":\"https:\\\/\\\/jchelsinki.fi\\\/sv\\\/tjasnter-och-verksamhet\\\/kulturaktiviteter\\\/#primaryimage\",\"url\":\"https:\\\/\\\/jchelsinki.fi\\\/wp-content\\\/uploads\\\/2021\\\/09\\\/kirjasto_maalaus.jpg\",\"contentUrl\":\"https:\\\/\\\/jchelsinki.fi\\\/wp-content\\\/uploads\\\/2021\\\/09\\\/kirjasto_maalaus.jpg\",\"width\":1200,\"height\":379},{\"@type\":\"BreadcrumbList\",\"@id\":\"https:\\\/\\\/jchelsinki.fi\\\/sv\\\/tjasnter-och-verksamhet\\\/kulturaktiviteter\\\/#breadcrumb\",\"itemListElement\":[{\"@type\":\"ListItem\",\"position\":1,\"name\":\"Etusivu\",\"item\":\"https:\\\/\\\/jchelsinki.fi\\\/sv\\\/\"},{\"@type\":\"ListItem\",\"position\":2,\"name\":\"Tj\u00e4snter och verksamhet\",\"item\":\"https:\\\/\\\/jchelsinki.fi\\\/sv\\\/tjasnter-och-verksamhet\\\/\"},{\"@type\":\"ListItem\",\"position\":3,\"name\":\"Kulturaktiviteter\"}]},{\"@type\":\"WebSite\",\"@id\":\"https:\\\/\\\/jchelsinki.fi\\\/sv\\\/#website\",\"url\":\"https:\\\/\\\/jchelsinki.fi\\\/sv\\\/\",\"name\":\"Judiska F\u00f6rsamlingen i Helsingfors\",\"description\":\"Olet Suomen aktiivisimman juutalaisen yhteis\u00f6n sivustolla.\",\"potentialAction\":[{\"@type\":\"SearchAction\",\"target\":{\"@type\":\"EntryPoint\",\"urlTemplate\":\"https:\\\/\\\/jchelsinki.fi\\\/sv\\\/?s={search_term_string}\"},\"query-input\":{\"@type\":\"PropertyValueSpecification\",\"valueRequired\":true,\"valueName\":\"search_term_string\"}}],\"inLanguage\":\"sv-SE\"}]}<\/script>\n<!-- \/ Yoast SEO plugin. -->","yoast_head_json":{"title":"Kulturaktiviteter - Judiska F\u00f6rsamlingen i Helsingfors","robots":{"index":"index","follow":"follow","max-snippet":"max-snippet:-1","max-image-preview":"max-image-preview:large","max-video-preview":"max-video-preview:-1"},"canonical":"https:\/\/jchelsinki.fi\/sv\/tjasnter-och-verksamhet\/kulturaktiviteter\/","og_locale":"sv_SE","og_type":"article","og_title":"Kulturaktiviteter - Judiska F\u00f6rsamlingen i Helsingfors","og_description":"Chug ivri \u2013 hebreiska klubben Chug ivri grundades ursprungligen redan p\u00e5 1920-talet och \u00e4r en klubb f\u00f6r&nbsp;fullvuxna som vill studera hebreiska. Idag&nbsp;h\u00e5lls lektionerna i&nbsp;f\u00f6rsamlingen&nbsp;p\u00e5 tisdagskv\u00e4llar. Undervisningen sker p\u00e5 tre olika niv\u00e5er (nyb\u00f6rjare &#8211; mellanniv\u00e5 &#8211; l\u00e4ngre hunna). Chug ivri har under flera somrar organiserat en tv\u00e5 veckors resa till en kibbuts i Negev-\u00f6knen&nbsp;i Israel. Under...","og_url":"https:\/\/jchelsinki.fi\/sv\/tjasnter-och-verksamhet\/kulturaktiviteter\/","og_site_name":"Judiska F\u00f6rsamlingen i Helsingfors","article_modified_time":"2023-08-09T08:57:05+00:00","og_image":[{"width":1200,"height":379,"url":"https:\/\/jchelsinki.fi\/wp-content\/uploads\/2021\/09\/kirjasto_maalaus.jpg","type":"image\/jpeg"}],"twitter_card":"summary_large_image","twitter_misc":{"Ber\u00e4knad l\u00e4stid":"3 minuter"},"schema":{"@context":"https:\/\/schema.org","@graph":[{"@type":"WebPage","@id":"https:\/\/jchelsinki.fi\/sv\/tjasnter-och-verksamhet\/kulturaktiviteter\/","url":"https:\/\/jchelsinki.fi\/sv\/tjasnter-och-verksamhet\/kulturaktiviteter\/","name":"Kulturaktiviteter - Judiska F\u00f6rsamlingen i Helsingfors","isPartOf":{"@id":"https:\/\/jchelsinki.fi\/sv\/#website"},"primaryImageOfPage":{"@id":"https:\/\/jchelsinki.fi\/sv\/tjasnter-och-verksamhet\/kulturaktiviteter\/#primaryimage"},"image":{"@id":"https:\/\/jchelsinki.fi\/sv\/tjasnter-och-verksamhet\/kulturaktiviteter\/#primaryimage"},"thumbnailUrl":"https:\/\/jchelsinki.fi\/wp-content\/uploads\/2021\/09\/kirjasto_maalaus.jpg","datePublished":"2021-08-27T09:26:15+00:00","dateModified":"2023-08-09T08:57:05+00:00","breadcrumb":{"@id":"https:\/\/jchelsinki.fi\/sv\/tjasnter-och-verksamhet\/kulturaktiviteter\/#breadcrumb"},"inLanguage":"sv-SE","potentialAction":[{"@type":"ReadAction","target":["https:\/\/jchelsinki.fi\/sv\/tjasnter-och-verksamhet\/kulturaktiviteter\/"]}]},{"@type":"ImageObject","inLanguage":"sv-SE","@id":"https:\/\/jchelsinki.fi\/sv\/tjasnter-och-verksamhet\/kulturaktiviteter\/#primaryimage","url":"https:\/\/jchelsinki.fi\/wp-content\/uploads\/2021\/09\/kirjasto_maalaus.jpg","contentUrl":"https:\/\/jchelsinki.fi\/wp-content\/uploads\/2021\/09\/kirjasto_maalaus.jpg","width":1200,"height":379},{"@type":"BreadcrumbList","@id":"https:\/\/jchelsinki.fi\/sv\/tjasnter-och-verksamhet\/kulturaktiviteter\/#breadcrumb","itemListElement":[{"@type":"ListItem","position":1,"name":"Etusivu","item":"https:\/\/jchelsinki.fi\/sv\/"},{"@type":"ListItem","position":2,"name":"Tj\u00e4snter och verksamhet","item":"https:\/\/jchelsinki.fi\/sv\/tjasnter-och-verksamhet\/"},{"@type":"ListItem","position":3,"name":"Kulturaktiviteter"}]},{"@type":"WebSite","@id":"https:\/\/jchelsinki.fi\/sv\/#website","url":"https:\/\/jchelsinki.fi\/sv\/","name":"Judiska F\u00f6rsamlingen i Helsingfors","description":"Olet Suomen aktiivisimman juutalaisen yhteis\u00f6n sivustolla.","potentialAction":[{"@type":"SearchAction","target":{"@type":"EntryPoint","urlTemplate":"https:\/\/jchelsinki.fi\/sv\/?s={search_term_string}"},"query-input":{"@type":"PropertyValueSpecification","valueRequired":true,"valueName":"search_term_string"}}],"inLanguage":"sv-SE"}]}},"taxonomy_info":[],"featured_image_src_large":["https:\/\/jchelsinki.fi\/wp-content\/uploads\/2021\/09\/kirjasto_maalaus.jpg",1188,375,false],"author_info":{"display_name":"jch_admin","author_link":"https:\/\/jchelsinki.fi\/sv\/uutiset\/author\/jch_admin\/"},"comment_info":0,"_links":{"self":[{"href":"https:\/\/jchelsinki.fi\/sv\/wp-json\/wp\/v2\/pages\/638","targetHints":{"allow":["GET"]}}],"collection":[{"href":"https:\/\/jchelsinki.fi\/sv\/wp-json\/wp\/v2\/pages"}],"about":[{"href":"https:\/\/jchelsinki.fi\/sv\/wp-json\/wp\/v2\/types\/page"}],"author":[{"embeddable":true,"href":"https:\/\/jchelsinki.fi\/sv\/wp-json\/wp\/v2\/users\/1"}],"replies":[{"embeddable":true,"href":"https:\/\/jchelsinki.fi\/sv\/wp-json\/wp\/v2\/comments?post=638"}],"version-history":[{"count":2,"href":"https:\/\/jchelsinki.fi\/sv\/wp-json\/wp\/v2\/pages\/638\/revisions"}],"predecessor-version":[{"id":1151,"href":"https:\/\/jchelsinki.fi\/sv\/wp-json\/wp\/v2\/pages\/638\/revisions\/1151"}],"up":[{"embeddable":true,"href":"https:\/\/jchelsinki.fi\/sv\/wp-json\/wp\/v2\/pages\/614"}],"wp:featuredmedia":[{"embeddable":true,"href":"https:\/\/jchelsinki.fi\/sv\/wp-json\/wp\/v2\/media\/639"}],"wp:attachment":[{"href":"https:\/\/jchelsinki.fi\/sv\/wp-json\/wp\/v2\/media?parent=638"}],"curies":[{"name":"wp","href":"https:\/\/api.w.org\/{rel}","templated":true}]}}