{"id":632,"date":"2021-08-26T15:36:44","date_gmt":"2021-08-26T12:36:44","guid":{"rendered":"http:\/\/jchelsinki.fi\/om-oss\/jasenyys\/"},"modified":"2021-10-08T15:50:26","modified_gmt":"2021-10-08T12:50:26","slug":"medlemskap","status":"publish","type":"page","link":"https:\/\/jchelsinki.fi\/sv\/om-oss\/medlemskap\/","title":{"rendered":"Medlemskap"},"content":{"rendered":"\n<p class=\"has-medium-font-size\">Alla som \u00e4r enligt sin trosbek\u00e4nnelse&nbsp;\u00e4r judar och bor i Finland, kan ans\u00f6ka om medlemskap i Helsingfors judiska f\u00f6rsamling.<\/p>\n\n\n\n<p>Krav f\u00f6r medlemskap \u00e4r \u00e4ven att personen inte samtidigt \u00e4r medlem i n\u00e5gon annan religi\u00f6s &nbsp;f\u00f6rsamling eller religi\u00f6st samfund.<\/p>\n\n\n\n<p>Till\u00e4ggsuppgifter:&nbsp;<a href=\"mailto:srk@jchelsinki\">srk@jchelsinki<\/a>, +358 (0) 9 586 0310<\/p>\n","protected":false},"excerpt":{"rendered":"<p>Alla som \u00e4r enligt sin trosbek\u00e4nnelse&nbsp;\u00e4r judar och bor i Finland, kan ans\u00f6ka om medlemskap i Helsingfors judiska f\u00f6rsamling. Krav f\u00f6r medlemskap \u00e4r \u00e4ven att personen inte samtidigt \u00e4r medlem i n\u00e5gon annan religi\u00f6s &nbsp;f\u00f6rsamling eller religi\u00f6st samfund. Till\u00e4ggsuppgifter:&nbsp;srk@jchelsinki, +358 (0) 9 586 0310<\/p>\n","protected":false},"author":1,"featured_media":0,"parent":611,"menu_order":0,"comment_status":"closed","ping_status":"closed","template":"","meta":{"inline_featured_image":false,"_kad_blocks_custom_css":"","_kad_blocks_head_custom_js":"","_kad_blocks_body_custom_js":"","_kad_blocks_footer_custom_js":"","_kad_post_transparent":"","_kad_post_title":"","_kad_post_layout":"","_kad_post_sidebar_id":"","_kad_post_content_style":"","_kad_post_vertical_padding":"","_kad_post_feature":"","_kad_post_feature_position":"","_kad_post_header":false,"_kad_post_footer":false,"_kad_post_classname":"","footnotes":""},"class_list":["post-632","page","type-page","status-publish","hentry"],"yoast_head":"<!-- This site is optimized with the Yoast SEO plugin v27.3 - https:\/\/yoast.com\/product\/yoast-seo-wordpress\/ -->\n<title>Medlemskap - Judiska F\u00f6rsamlingen i Helsingfors<\/title>\n<meta name=\"description\" content=\"Alla som \u00e4r enligt sin trosbek\u00e4nnelse&nbsp;\u00e4r judar och bor i Finland, kan ans\u00f6ka om medlemskap i Helsingfors judiska f\u00f6rsamling.\" \/>\n<meta name=\"robots\" content=\"index, follow, max-snippet:-1, max-image-preview:large, max-video-preview:-1\" \/>\n<link rel=\"canonical\" href=\"https:\/\/jchelsinki.fi\/sv\/om-oss\/medlemskap\/\" \/>\n<meta property=\"og:locale\" content=\"sv_SE\" \/>\n<meta property=\"og:type\" content=\"article\" \/>\n<meta property=\"og:title\" content=\"Medlemskap - Judiska F\u00f6rsamlingen i Helsingfors\" \/>\n<meta property=\"og:description\" content=\"Alla som \u00e4r enligt sin trosbek\u00e4nnelse&nbsp;\u00e4r judar och bor i Finland, kan ans\u00f6ka om medlemskap i Helsingfors judiska f\u00f6rsamling.\" \/>\n<meta property=\"og:url\" content=\"https:\/\/jchelsinki.fi\/sv\/om-oss\/medlemskap\/\" \/>\n<meta property=\"og:site_name\" content=\"Judiska F\u00f6rsamlingen i Helsingfors\" \/>\n<meta property=\"article:modified_time\" content=\"2021-10-08T12:50:26+00:00\" \/>\n<meta name=\"twitter:card\" content=\"summary_large_image\" \/>\n<meta name=\"twitter:label1\" content=\"Ber\u00e4knad l\u00e4stid\" \/>\n\t<meta name=\"twitter:data1\" content=\"1 minut\" \/>\n<script type=\"application\/ld+json\" class=\"yoast-schema-graph\">{\"@context\":\"https:\\\/\\\/schema.org\",\"@graph\":[{\"@type\":\"WebPage\",\"@id\":\"https:\\\/\\\/jchelsinki.fi\\\/sv\\\/om-oss\\\/medlemskap\\\/\",\"url\":\"https:\\\/\\\/jchelsinki.fi\\\/sv\\\/om-oss\\\/medlemskap\\\/\",\"name\":\"Medlemskap - Judiska F\u00f6rsamlingen i Helsingfors\",\"isPartOf\":{\"@id\":\"https:\\\/\\\/jchelsinki.fi\\\/sv\\\/#website\"},\"datePublished\":\"2021-08-26T12:36:44+00:00\",\"dateModified\":\"2021-10-08T12:50:26+00:00\",\"description\":\"Alla som \u00e4r enligt sin trosbek\u00e4nnelse&nbsp;\u00e4r judar och bor i Finland, kan ans\u00f6ka om medlemskap i Helsingfors judiska f\u00f6rsamling.\",\"breadcrumb\":{\"@id\":\"https:\\\/\\\/jchelsinki.fi\\\/sv\\\/om-oss\\\/medlemskap\\\/#breadcrumb\"},\"inLanguage\":\"sv-SE\",\"potentialAction\":[{\"@type\":\"ReadAction\",\"target\":[\"https:\\\/\\\/jchelsinki.fi\\\/sv\\\/om-oss\\\/medlemskap\\\/\"]}]},{\"@type\":\"BreadcrumbList\",\"@id\":\"https:\\\/\\\/jchelsinki.fi\\\/sv\\\/om-oss\\\/medlemskap\\\/#breadcrumb\",\"itemListElement\":[{\"@type\":\"ListItem\",\"position\":1,\"name\":\"Etusivu\",\"item\":\"https:\\\/\\\/jchelsinki.fi\\\/sv\\\/\"},{\"@type\":\"ListItem\",\"position\":2,\"name\":\"Om oss\",\"item\":\"https:\\\/\\\/jchelsinki.fi\\\/sv\\\/om-oss\\\/\"},{\"@type\":\"ListItem\",\"position\":3,\"name\":\"Medlemskap\"}]},{\"@type\":\"WebSite\",\"@id\":\"https:\\\/\\\/jchelsinki.fi\\\/sv\\\/#website\",\"url\":\"https:\\\/\\\/jchelsinki.fi\\\/sv\\\/\",\"name\":\"Judiska F\u00f6rsamlingen i Helsingfors\",\"description\":\"Olet Suomen aktiivisimman juutalaisen yhteis\u00f6n sivustolla.\",\"potentialAction\":[{\"@type\":\"SearchAction\",\"target\":{\"@type\":\"EntryPoint\",\"urlTemplate\":\"https:\\\/\\\/jchelsinki.fi\\\/sv\\\/?s={search_term_string}\"},\"query-input\":{\"@type\":\"PropertyValueSpecification\",\"valueRequired\":true,\"valueName\":\"search_term_string\"}}],\"inLanguage\":\"sv-SE\"}]}<\/script>\n<!-- \/ Yoast SEO plugin. -->","yoast_head_json":{"title":"Medlemskap - Judiska F\u00f6rsamlingen i Helsingfors","description":"Alla som \u00e4r enligt sin trosbek\u00e4nnelse&nbsp;\u00e4r judar och bor i Finland, kan ans\u00f6ka om medlemskap i Helsingfors judiska f\u00f6rsamling.","robots":{"index":"index","follow":"follow","max-snippet":"max-snippet:-1","max-image-preview":"max-image-preview:large","max-video-preview":"max-video-preview:-1"},"canonical":"https:\/\/jchelsinki.fi\/sv\/om-oss\/medlemskap\/","og_locale":"sv_SE","og_type":"article","og_title":"Medlemskap - Judiska F\u00f6rsamlingen i Helsingfors","og_description":"Alla som \u00e4r enligt sin trosbek\u00e4nnelse&nbsp;\u00e4r judar och bor i Finland, kan ans\u00f6ka om medlemskap i Helsingfors judiska f\u00f6rsamling.","og_url":"https:\/\/jchelsinki.fi\/sv\/om-oss\/medlemskap\/","og_site_name":"Judiska F\u00f6rsamlingen i Helsingfors","article_modified_time":"2021-10-08T12:50:26+00:00","twitter_card":"summary_large_image","twitter_misc":{"Ber\u00e4knad l\u00e4stid":"1 minut"},"schema":{"@context":"https:\/\/schema.org","@graph":[{"@type":"WebPage","@id":"https:\/\/jchelsinki.fi\/sv\/om-oss\/medlemskap\/","url":"https:\/\/jchelsinki.fi\/sv\/om-oss\/medlemskap\/","name":"Medlemskap - Judiska F\u00f6rsamlingen i Helsingfors","isPartOf":{"@id":"https:\/\/jchelsinki.fi\/sv\/#website"},"datePublished":"2021-08-26T12:36:44+00:00","dateModified":"2021-10-08T12:50:26+00:00","description":"Alla som \u00e4r enligt sin trosbek\u00e4nnelse&nbsp;\u00e4r judar och bor i Finland, kan ans\u00f6ka om medlemskap i Helsingfors judiska f\u00f6rsamling.","breadcrumb":{"@id":"https:\/\/jchelsinki.fi\/sv\/om-oss\/medlemskap\/#breadcrumb"},"inLanguage":"sv-SE","potentialAction":[{"@type":"ReadAction","target":["https:\/\/jchelsinki.fi\/sv\/om-oss\/medlemskap\/"]}]},{"@type":"BreadcrumbList","@id":"https:\/\/jchelsinki.fi\/sv\/om-oss\/medlemskap\/#breadcrumb","itemListElement":[{"@type":"ListItem","position":1,"name":"Etusivu","item":"https:\/\/jchelsinki.fi\/sv\/"},{"@type":"ListItem","position":2,"name":"Om oss","item":"https:\/\/jchelsinki.fi\/sv\/om-oss\/"},{"@type":"ListItem","position":3,"name":"Medlemskap"}]},{"@type":"WebSite","@id":"https:\/\/jchelsinki.fi\/sv\/#website","url":"https:\/\/jchelsinki.fi\/sv\/","name":"Judiska F\u00f6rsamlingen i Helsingfors","description":"Olet Suomen aktiivisimman juutalaisen yhteis\u00f6n sivustolla.","potentialAction":[{"@type":"SearchAction","target":{"@type":"EntryPoint","urlTemplate":"https:\/\/jchelsinki.fi\/sv\/?s={search_term_string}"},"query-input":{"@type":"PropertyValueSpecification","valueRequired":true,"valueName":"search_term_string"}}],"inLanguage":"sv-SE"}]}},"taxonomy_info":[],"featured_image_src_large":false,"author_info":{"display_name":"jch_admin","author_link":"https:\/\/jchelsinki.fi\/sv\/uutiset\/author\/jch_admin\/"},"comment_info":0,"_links":{"self":[{"href":"https:\/\/jchelsinki.fi\/sv\/wp-json\/wp\/v2\/pages\/632","targetHints":{"allow":["GET"]}}],"collection":[{"href":"https:\/\/jchelsinki.fi\/sv\/wp-json\/wp\/v2\/pages"}],"about":[{"href":"https:\/\/jchelsinki.fi\/sv\/wp-json\/wp\/v2\/types\/page"}],"author":[{"embeddable":true,"href":"https:\/\/jchelsinki.fi\/sv\/wp-json\/wp\/v2\/users\/1"}],"replies":[{"embeddable":true,"href":"https:\/\/jchelsinki.fi\/sv\/wp-json\/wp\/v2\/comments?post=632"}],"version-history":[{"count":2,"href":"https:\/\/jchelsinki.fi\/sv\/wp-json\/wp\/v2\/pages\/632\/revisions"}],"predecessor-version":[{"id":858,"href":"https:\/\/jchelsinki.fi\/sv\/wp-json\/wp\/v2\/pages\/632\/revisions\/858"}],"up":[{"embeddable":true,"href":"https:\/\/jchelsinki.fi\/sv\/wp-json\/wp\/v2\/pages\/611"}],"wp:attachment":[{"href":"https:\/\/jchelsinki.fi\/sv\/wp-json\/wp\/v2\/media?parent=632"}],"curies":[{"name":"wp","href":"https:\/\/api.w.org\/{rel}","templated":true}]}}