{"id":628,"date":"2021-08-26T15:37:42","date_gmt":"2021-08-26T12:37:42","guid":{"rendered":"http:\/\/jchelsinki.fi\/juutalaiset-suomessa\/"},"modified":"2021-10-08T15:50:00","modified_gmt":"2021-10-08T12:50:00","slug":"judisk-historia-i-finland","status":"publish","type":"page","link":"https:\/\/jchelsinki.fi\/sv\/om-oss\/judisk-historia-i-finland\/","title":{"rendered":"Judisk historia i Finland"},"content":{"rendered":"\n<p class=\"has-medium-font-size\">Det omr\u00e5de som \u00e4r dagens Finland var en del av det svenska riket \u00e4nda&nbsp;till 1809. Enligt Sveriges lag hade judarna p\u00e5 den tiden till\u00e5telse att bos\u00e4tta sig endast i tre&nbsp;st\u00e4der i kungariket och ingen av dem befann sig i Finland.<\/p>\n\n\n\n<p>Som en f\u00f6ljd av Sveriges nederlag i Finska kriget 1808-1809, vilket var en del av Napoleonkrigen, f\u00f6rlorade Sverige \u00e5r 1809&nbsp;kontrollen \u00f6ver Finland. Det autonoma storfurstend\u00f6met av Finland grundades inom det ryska riket. Den svenska konstitutionen och lagsystemet kvarstod dock i storfurstend\u00f6met och d\u00e4rmed f\u00f6rblev f\u00f6rbudet f\u00f6r judar att bos\u00e4tta sig i Finland i kraft.<\/p>\n\n\n<style>.wp-block-kadence-advancedheading.kt-adv-heading_13ba5c-9d, .wp-block-kadence-advancedheading.kt-adv-heading_13ba5c-9d[data-kb-block=\"kb-adv-heading_13ba5c-9d\"]{font-style:normal;}.wp-block-kadence-advancedheading.kt-adv-heading_13ba5c-9d mark.kt-highlight, .wp-block-kadence-advancedheading.kt-adv-heading_13ba5c-9d[data-kb-block=\"kb-adv-heading_13ba5c-9d\"] mark.kt-highlight{font-style:normal;color:#f76a0c;-webkit-box-decoration-break:clone;box-decoration-break:clone;padding-top:0px;padding-right:0px;padding-bottom:0px;padding-left:0px;}.wp-block-kadence-advancedheading.kt-adv-heading_13ba5c-9d img.kb-inline-image, .wp-block-kadence-advancedheading.kt-adv-heading_13ba5c-9d[data-kb-block=\"kb-adv-heading_13ba5c-9d\"] img.kb-inline-image{width:150px;vertical-align:baseline;}<\/style>\n<h2 class=\"kt-adv-heading_13ba5c-9d wp-block-kadence-advancedheading\" data-kb-block=\"kb-adv-heading_13ba5c-9d\">Judar i tsarens arm\u00e9<\/h2>\n\n\n\n<p>Judisk historia i Finland tog sin b\u00f6rjan under f\u00f6rsta delen av 1800-talet d\u00e5 judiska soldater (sk. kantonister) som tj\u00e4nade i den ryska arm\u00e9n i Finland beviljades tillst\u00e5nd av de&nbsp;ryska milit\u00e4rmyndigheterna&nbsp;att stanna i Finland efter att de avslutat sin milit\u00e4ra tj\u00e4nstg\u00f6ring. Judars vistelse i landet styrdes s\u00e5ledes av ett dekret fr\u00e5n 1858, enligt vilket ryska soldater som avslutat sin milit\u00e4ra tj\u00e4nstg\u00f6ring samt deras familjer, oavsett religionstillh\u00f6righet, till\u00e4ts tillf\u00e4lligt vistas i Finland. Yrken till\u00e5tna f\u00f6r dessa soldater definierades i ett dekret fr\u00e5n 1869 och applicerades ocks\u00e5 p\u00e5 soldater av judiskt ursprung. 1889 utf\u00e4rdades ett administrativt dekret av regeringen som uttryckligen g\u00e4llde judars vistelse i Finland.<\/p>\n\n\n\n<p>Enligt detta dekret hade&nbsp;ett antal vid namn n\u00e4mnda judar till\u00e5telse att endast tillsvidare stanna i landet och att bos\u00e4tta sig i vissa till dem angivna st\u00e4der. De fick tillf\u00e4lliga uppeh\u00e5llstillst\u00e5nd som var giltiga h\u00f6gst 6 m\u00e5nader. Yrken \u00f6ppna f\u00f6r&nbsp;judar f\u00f6rblev de samma som i dekretet fr\u00e5n 1869. I praktiken betydde det att judarna \u00e4ven i forts\u00e4ttningen till\u00e4ts tj\u00e4na sitt levebr\u00f6d genom&nbsp;f\u00f6rs\u00e4ljning av begagnade kl\u00e4der. Judarna var f\u00f6rbjudna att delta i marknader eller att ut\u00f6va sin handel utanf\u00f6r den stad d\u00e4r de bodde. Den minsta \u00f6vertr\u00e4delse av&nbsp;de h\u00e4r begr\u00e4nsningarna ledde till f\u00f6rvisning&nbsp;fr\u00e5n Finland. Barn till\u00e4ts stanna i Finland endast s\u00e5 l\u00e4nge de bodde med sina f\u00f6r\u00e4ldrar eller f\u00f6rblev ogifta. Judar som i Finland tog v\u00e4rvning i ryska arm\u00e9n var inte till\u00e5tna att \u00e5terv\u00e4nda till Finland efter avslutad v\u00e4rnplikt.<\/p>\n\n\n<style>.wp-block-kadence-advancedheading.kt-adv-heading_fa3168-5f, .wp-block-kadence-advancedheading.kt-adv-heading_fa3168-5f[data-kb-block=\"kb-adv-heading_fa3168-5f\"]{font-style:normal;}.wp-block-kadence-advancedheading.kt-adv-heading_fa3168-5f mark.kt-highlight, .wp-block-kadence-advancedheading.kt-adv-heading_fa3168-5f[data-kb-block=\"kb-adv-heading_fa3168-5f\"] mark.kt-highlight{font-style:normal;color:#f76a0c;-webkit-box-decoration-break:clone;box-decoration-break:clone;padding-top:0px;padding-right:0px;padding-bottom:0px;padding-left:0px;}.wp-block-kadence-advancedheading.kt-adv-heading_fa3168-5f img.kb-inline-image, .wp-block-kadence-advancedheading.kt-adv-heading_fa3168-5f[data-kb-block=\"kb-adv-heading_fa3168-5f\"] img.kb-inline-image{width:150px;vertical-align:baseline;}<\/style>\n<h2 class=\"kt-adv-heading_fa3168-5f wp-block-kadence-advancedheading\" data-kb-block=\"kb-adv-heading_fa3168-5f\">Finlands sj\u00e4lvst\u00e4ndighet och judarnas emancipation<\/h2>\n\n\n\n<p>Kampen f\u00f6r lika r\u00e4ttigheter f\u00f6r judarna togs upp i Finlands Lantdagar 1872. En debatt i pressen om judars emancipation som hade startat vid den tiden fortsatte under 1870- och 1880-talen. Men tillsvidare blev det ingen \u00e4ndring till det b\u00e4ttre i judarnas status i Finland. Vid slutet av 1880-talet fanns det omkring tusen judiska inv\u00e5nare i Finland. F\u00f6rst \u00e5r 1917 d\u00e5 Finland blev sj\u00e4lvst\u00e4ndigt erh\u00f6ll judarna civila r\u00e4ttigheter. Den 22 december 1917 godk\u00e4nde riksdagen en lag&nbsp;ang\u00e5ende &#8221;bek\u00e4nnare till den mosaiska tron&#8221;, och 12 januari 1918 kungjordes lagen. I enlighet med denna&nbsp;kunde judar f\u00f6r f\u00f6rsta g\u00e5ngen bli medborgare i Finland och judar som inte var finska medborgare skulle h\u00e4refter behandlas som utl\u00e4nningar i allm\u00e4nhet.<\/p>\n\n\n\n<figure class=\"wp-block-image size-full\"><img loading=\"lazy\" decoding=\"async\" width=\"1200\" height=\"743\" src=\"https:\/\/jchelsinki-fi.hel8.wp-cloud.dev\/wp-content\/uploads\/2021\/09\/judiska_skolan_i_helsingfors_c_1895.jpg\" alt=\"\" class=\"wp-image-629\" srcset=\"https:\/\/jchelsinki.fi\/wp-content\/uploads\/2021\/09\/judiska_skolan_i_helsingfors_c_1895.jpg 1200w, https:\/\/jchelsinki.fi\/wp-content\/uploads\/2021\/09\/judiska_skolan_i_helsingfors_c_1895-500x310.jpg 500w, https:\/\/jchelsinki.fi\/wp-content\/uploads\/2021\/09\/judiska_skolan_i_helsingfors_c_1895-768x476.jpg 768w\" sizes=\"auto, (max-width: 1200px) 100vw, 1200px\" \/><figcaption>Judiska skolan i Helsingfors ca 1895<\/figcaption><\/figure>\n\n\n<style>.wp-block-kadence-advancedheading.kt-adv-heading_84c5cd-a4, .wp-block-kadence-advancedheading.kt-adv-heading_84c5cd-a4[data-kb-block=\"kb-adv-heading_84c5cd-a4\"]{font-style:normal;}.wp-block-kadence-advancedheading.kt-adv-heading_84c5cd-a4 mark.kt-highlight, .wp-block-kadence-advancedheading.kt-adv-heading_84c5cd-a4[data-kb-block=\"kb-adv-heading_84c5cd-a4\"] mark.kt-highlight{font-style:normal;color:#f76a0c;-webkit-box-decoration-break:clone;box-decoration-break:clone;padding-top:0px;padding-right:0px;padding-bottom:0px;padding-left:0px;}.wp-block-kadence-advancedheading.kt-adv-heading_84c5cd-a4 img.kb-inline-image, .wp-block-kadence-advancedheading.kt-adv-heading_84c5cd-a4[data-kb-block=\"kb-adv-heading_84c5cd-a4\"] img.kb-inline-image{width:150px;vertical-align:baseline;}<\/style>\n<h2 class=\"kt-adv-heading_84c5cd-a4 wp-block-kadence-advancedheading\" data-kb-block=\"kb-adv-heading_84c5cd-a4\"><strong>Mellankrigsperioden<\/strong><\/h2>\n\n\n\n<p>Mellan de tv\u00e5 v\u00e4rldskrigen \u00f6kade den judiska populationen till omkring 2000 som ett resultat fr\u00e4mst from det sovjetiska Ryssland efter revolutionen. M\u00e5nga unga judar studerade vi universitetet och andra innehade yrken som l\u00e4kare,&nbsp;advokater och ingenj\u00f6rer. M\u00e5nga arbetade inom industri och skogsbruk men majoriteten fortsatte att arbeta i textil- och bekl\u00e4dnadsbranschen. F\u00f6runtom n\u00e5gra undantag deltog judarna inte i partipolitik eller n\u00e5gon som helst form av politiska r\u00f6relser.<\/p>\n\n\n<style>.wp-block-kadence-advancedheading.kt-adv-heading_18fd92-72, .wp-block-kadence-advancedheading.kt-adv-heading_18fd92-72[data-kb-block=\"kb-adv-heading_18fd92-72\"]{font-style:normal;}.wp-block-kadence-advancedheading.kt-adv-heading_18fd92-72 mark.kt-highlight, .wp-block-kadence-advancedheading.kt-adv-heading_18fd92-72[data-kb-block=\"kb-adv-heading_18fd92-72\"] mark.kt-highlight{font-style:normal;color:#f76a0c;-webkit-box-decoration-break:clone;box-decoration-break:clone;padding-top:0px;padding-right:0px;padding-bottom:0px;padding-left:0px;}.wp-block-kadence-advancedheading.kt-adv-heading_18fd92-72 img.kb-inline-image, .wp-block-kadence-advancedheading.kt-adv-heading_18fd92-72[data-kb-block=\"kb-adv-heading_18fd92-72\"] img.kb-inline-image{width:150px;vertical-align:baseline;}<\/style>\n<h2 class=\"kt-adv-heading_18fd92-72 wp-block-kadence-advancedheading\" data-kb-block=\"kb-adv-heading_18fd92-72\">Andra V\u00e4rldskriget och judar i Finland<\/h2>\n\n\n\n<p>Under Vinterkriget (finsk-ryska kriget 1939-1940) k\u00e4mpade de finska judarna sida vid sida med sina icke-judiska landsm\u00e4n. Under det finsk-ryska kriget 1941-44, i vilket de finska judarna ocks\u00e5 deltog, var Finland och Nazi-Tyskland allierade mot en gemensam fiende. Trots ett starkt tryck fr\u00e5n Tyskland nekade den finska regeringen att vidta n\u00e5gra som helst \u00e5tg\u00e4rder mot medborgare av judiskt ursprung. Judarna kunde s\u00e5ledes genomleva kriget med fulla medborgerliga r\u00e4ttigheter. Det finns m\u00e5nga intressanta anekdoter och historier fr\u00e5n den h\u00e4r perioden om bland annat ett judiskt t\u00e4ltsynagoga vid ryska fronten rakt under nazisternas \u00f6gon.<\/p>\n\n\n<style>.wp-block-kadence-advancedheading.kt-adv-heading_4069b7-a5, .wp-block-kadence-advancedheading.kt-adv-heading_4069b7-a5[data-kb-block=\"kb-adv-heading_4069b7-a5\"]{font-style:normal;}.wp-block-kadence-advancedheading.kt-adv-heading_4069b7-a5 mark.kt-highlight, .wp-block-kadence-advancedheading.kt-adv-heading_4069b7-a5[data-kb-block=\"kb-adv-heading_4069b7-a5\"] mark.kt-highlight{font-style:normal;color:#f76a0c;-webkit-box-decoration-break:clone;box-decoration-break:clone;padding-top:0px;padding-right:0px;padding-bottom:0px;padding-left:0px;}.wp-block-kadence-advancedheading.kt-adv-heading_4069b7-a5 img.kb-inline-image, .wp-block-kadence-advancedheading.kt-adv-heading_4069b7-a5[data-kb-block=\"kb-adv-heading_4069b7-a5\"] img.kb-inline-image{width:150px;vertical-align:baseline;}<\/style>\n<h2 class=\"kt-adv-heading_4069b7-a5 wp-block-kadence-advancedheading\" data-kb-block=\"kb-adv-heading_4069b7-a5\">Efterkrigstiden<\/h2>\n\n\n\n<p>Efter krigslutet hade den judiska population i Finland integrerats i det finska samh\u00e4llet. M\u00e5nga finsk-judiska frivilliga deltog i den israeliska statens sj\u00e4lvst\u00e4ndighetskrig och Finland donerade \u00e4ven vapen till Israel. De h\u00e4r finska frivilliga representerade det h\u00f6gsta deltagarantalet per capita fr\u00e5n vilken som helst judisk f\u00f6rsamling utanf\u00f6r Israel. De f\u00f6ljande \u00e5ren k\u00e4nnetecknas av en relativt h\u00f6g grad av aliyah. Idag utg\u00f6r de finska judarna omkring 1800, av vilka ca 1400 bor i Helsingfors och i d\u00e4romkringliggande st\u00e4der, samt omkring 200 bor i \u00c5bo. I Helsingfors och i \u00c5bo finns judiska f\u00f6rsamlingar med sina egna synagogor, azhkenazi-ortodox, byggda 1906 och 1912. Den judiska f\u00f6rsammlingen i Tammerfors st\u00e4ngde sina d\u00f6rrar 1981. F\u00f6rsamlingarna tillh\u00f6r Centralr\u00e5det f\u00f6r&nbsp;de Judiska f\u00f6rsamlingarna&nbsp;i Finland, ett konsultativt organ som handl\u00e4gger \u00e4renden av allm\u00e4n natur r\u00f6rande judar i Finland. Det h\u00e4r organet \u00e4r i sin tur medlem av Europeiska r\u00e5det f\u00f6r judisk f\u00f6rsamlingsservice samt av V\u00e4rldsjudiska kongressen. Man uppr\u00e4tth\u00e5ller \u00e4ven kontakter med andra f\u00f6rsamlingar i de nordiska l\u00e4nderna.&nbsp;<\/p>\n\n\n\n<p>Judarna har integrerats mycket v\u00e4l i det finska samh\u00e4llet. Den \u00e4ldre generationen \u00e4r s\u00e5 gott som sj\u00e4lvf\u00f6rs\u00f6rjande, medan majoriteten av den yngre generationen verkar inom en m\u00e4ngd olika yrken i ett brett f\u00e4lt. Det finns en judisk medlem&nbsp;i Finlands&nbsp;&nbsp;riksdag sedan 1979. Det finns \u00e4ven ett antal judiska forskare s\u00e5v\u00e4l som artister, ss. m\u00e5lare, musiker och f\u00f6rfattare.<\/p>\n\n\n\n<p>Bekanta dig med virtuella utst\u00e4llningen&nbsp;<a href=\"http:\/\/fennojudaica.jchelsinki.fi\/\">Fenno Judaica<\/a>.<\/p>\n","protected":false},"excerpt":{"rendered":"<p>Det omr\u00e5de som \u00e4r dagens Finland var en del av det svenska riket \u00e4nda&nbsp;till 1809. Enligt Sveriges lag hade judarna p\u00e5 den tiden till\u00e5telse att bos\u00e4tta sig endast i tre&nbsp;st\u00e4der i kungariket och ingen av dem befann sig i Finland. Som en f\u00f6ljd av Sveriges nederlag i Finska kriget 1808-1809, vilket var en del av&#8230;<\/p>\n","protected":false},"author":1,"featured_media":0,"parent":611,"menu_order":0,"comment_status":"closed","ping_status":"closed","template":"","meta":{"inline_featured_image":false,"_kad_blocks_custom_css":"","_kad_blocks_head_custom_js":"","_kad_blocks_body_custom_js":"","_kad_blocks_footer_custom_js":"","_kad_post_transparent":"","_kad_post_title":"","_kad_post_layout":"","_kad_post_sidebar_id":"","_kad_post_content_style":"","_kad_post_vertical_padding":"","_kad_post_feature":"","_kad_post_feature_position":"","_kad_post_header":false,"_kad_post_footer":false,"_kad_post_classname":"","footnotes":""},"class_list":["post-628","page","type-page","status-publish","hentry"],"yoast_head":"<!-- This site is optimized with the Yoast SEO plugin v27.3 - https:\/\/yoast.com\/product\/yoast-seo-wordpress\/ -->\n<title>Judisk historia i Finland - Judiska F\u00f6rsamlingen i Helsingfors<\/title>\n<meta name=\"description\" content=\"Det omr\u00e5de som \u00e4r dagens Finland var en del av det svenska riket \u00e4nda\u00a0till 1809. Enligt Sveriges lag hade judarna p\u00e5 den tiden till\u00e5telse att bos\u00e4tta sig endast i tre\u00a0st\u00e4der i kungariket och ingen av dem befann sig i Finland.\" \/>\n<meta name=\"robots\" content=\"index, follow, max-snippet:-1, max-image-preview:large, max-video-preview:-1\" \/>\n<link rel=\"canonical\" href=\"https:\/\/jchelsinki.fi\/sv\/om-oss\/judisk-historia-i-finland\/\" \/>\n<meta property=\"og:locale\" content=\"sv_SE\" \/>\n<meta property=\"og:type\" content=\"article\" \/>\n<meta property=\"og:title\" content=\"Judisk historia i Finland - Judiska F\u00f6rsamlingen i Helsingfors\" \/>\n<meta property=\"og:description\" content=\"Det omr\u00e5de som \u00e4r dagens Finland var en del av det svenska riket \u00e4nda\u00a0till 1809. Enligt Sveriges lag hade judarna p\u00e5 den tiden till\u00e5telse att bos\u00e4tta sig endast i tre\u00a0st\u00e4der i kungariket och ingen av dem befann sig i Finland.\" \/>\n<meta property=\"og:url\" content=\"https:\/\/jchelsinki.fi\/sv\/om-oss\/judisk-historia-i-finland\/\" \/>\n<meta property=\"og:site_name\" content=\"Judiska F\u00f6rsamlingen i Helsingfors\" \/>\n<meta property=\"article:modified_time\" content=\"2021-10-08T12:50:00+00:00\" \/>\n<meta property=\"og:image\" content=\"https:\/\/jchelsinki-fi.hel8.wp-cloud.dev\/wp-content\/uploads\/2021\/09\/judiska_skolan_i_helsingfors_c_1895.jpg\" \/>\n<meta name=\"twitter:card\" content=\"summary_large_image\" \/>\n<meta name=\"twitter:label1\" content=\"Ber\u00e4knad l\u00e4stid\" \/>\n\t<meta name=\"twitter:data1\" content=\"4 minuter\" \/>\n<script type=\"application\/ld+json\" class=\"yoast-schema-graph\">{\"@context\":\"https:\\\/\\\/schema.org\",\"@graph\":[{\"@type\":\"WebPage\",\"@id\":\"https:\\\/\\\/jchelsinki.fi\\\/sv\\\/om-oss\\\/judisk-historia-i-finland\\\/\",\"url\":\"https:\\\/\\\/jchelsinki.fi\\\/sv\\\/om-oss\\\/judisk-historia-i-finland\\\/\",\"name\":\"Judisk historia i Finland - Judiska F\u00f6rsamlingen i Helsingfors\",\"isPartOf\":{\"@id\":\"https:\\\/\\\/jchelsinki.fi\\\/sv\\\/#website\"},\"primaryImageOfPage\":{\"@id\":\"https:\\\/\\\/jchelsinki.fi\\\/sv\\\/om-oss\\\/judisk-historia-i-finland\\\/#primaryimage\"},\"image\":{\"@id\":\"https:\\\/\\\/jchelsinki.fi\\\/sv\\\/om-oss\\\/judisk-historia-i-finland\\\/#primaryimage\"},\"thumbnailUrl\":\"https:\\\/\\\/jchelsinki-fi.hel8.wp-cloud.dev\\\/wp-content\\\/uploads\\\/2021\\\/09\\\/judiska_skolan_i_helsingfors_c_1895.jpg\",\"datePublished\":\"2021-08-26T12:37:42+00:00\",\"dateModified\":\"2021-10-08T12:50:00+00:00\",\"description\":\"Det omr\u00e5de som \u00e4r dagens Finland var en del av det svenska riket \u00e4nda\u00a0till 1809. Enligt Sveriges lag hade judarna p\u00e5 den tiden till\u00e5telse att bos\u00e4tta sig endast i tre\u00a0st\u00e4der i kungariket och ingen av dem befann sig i Finland.\",\"breadcrumb\":{\"@id\":\"https:\\\/\\\/jchelsinki.fi\\\/sv\\\/om-oss\\\/judisk-historia-i-finland\\\/#breadcrumb\"},\"inLanguage\":\"sv-SE\",\"potentialAction\":[{\"@type\":\"ReadAction\",\"target\":[\"https:\\\/\\\/jchelsinki.fi\\\/sv\\\/om-oss\\\/judisk-historia-i-finland\\\/\"]}]},{\"@type\":\"ImageObject\",\"inLanguage\":\"sv-SE\",\"@id\":\"https:\\\/\\\/jchelsinki.fi\\\/sv\\\/om-oss\\\/judisk-historia-i-finland\\\/#primaryimage\",\"url\":\"https:\\\/\\\/jchelsinki-fi.hel8.wp-cloud.dev\\\/wp-content\\\/uploads\\\/2021\\\/09\\\/judiska_skolan_i_helsingfors_c_1895.jpg\",\"contentUrl\":\"https:\\\/\\\/jchelsinki-fi.hel8.wp-cloud.dev\\\/wp-content\\\/uploads\\\/2021\\\/09\\\/judiska_skolan_i_helsingfors_c_1895.jpg\"},{\"@type\":\"BreadcrumbList\",\"@id\":\"https:\\\/\\\/jchelsinki.fi\\\/sv\\\/om-oss\\\/judisk-historia-i-finland\\\/#breadcrumb\",\"itemListElement\":[{\"@type\":\"ListItem\",\"position\":1,\"name\":\"Etusivu\",\"item\":\"https:\\\/\\\/jchelsinki.fi\\\/sv\\\/\"},{\"@type\":\"ListItem\",\"position\":2,\"name\":\"Om oss\",\"item\":\"https:\\\/\\\/jchelsinki.fi\\\/sv\\\/om-oss\\\/\"},{\"@type\":\"ListItem\",\"position\":3,\"name\":\"Judisk historia i Finland\"}]},{\"@type\":\"WebSite\",\"@id\":\"https:\\\/\\\/jchelsinki.fi\\\/sv\\\/#website\",\"url\":\"https:\\\/\\\/jchelsinki.fi\\\/sv\\\/\",\"name\":\"Judiska F\u00f6rsamlingen i Helsingfors\",\"description\":\"Olet Suomen aktiivisimman juutalaisen yhteis\u00f6n sivustolla.\",\"potentialAction\":[{\"@type\":\"SearchAction\",\"target\":{\"@type\":\"EntryPoint\",\"urlTemplate\":\"https:\\\/\\\/jchelsinki.fi\\\/sv\\\/?s={search_term_string}\"},\"query-input\":{\"@type\":\"PropertyValueSpecification\",\"valueRequired\":true,\"valueName\":\"search_term_string\"}}],\"inLanguage\":\"sv-SE\"}]}<\/script>\n<!-- \/ Yoast SEO plugin. -->","yoast_head_json":{"title":"Judisk historia i Finland - Judiska F\u00f6rsamlingen i Helsingfors","description":"Det omr\u00e5de som \u00e4r dagens Finland var en del av det svenska riket \u00e4nda\u00a0till 1809. Enligt Sveriges lag hade judarna p\u00e5 den tiden till\u00e5telse att bos\u00e4tta sig endast i tre\u00a0st\u00e4der i kungariket och ingen av dem befann sig i Finland.","robots":{"index":"index","follow":"follow","max-snippet":"max-snippet:-1","max-image-preview":"max-image-preview:large","max-video-preview":"max-video-preview:-1"},"canonical":"https:\/\/jchelsinki.fi\/sv\/om-oss\/judisk-historia-i-finland\/","og_locale":"sv_SE","og_type":"article","og_title":"Judisk historia i Finland - Judiska F\u00f6rsamlingen i Helsingfors","og_description":"Det omr\u00e5de som \u00e4r dagens Finland var en del av det svenska riket \u00e4nda\u00a0till 1809. Enligt Sveriges lag hade judarna p\u00e5 den tiden till\u00e5telse att bos\u00e4tta sig endast i tre\u00a0st\u00e4der i kungariket och ingen av dem befann sig i Finland.","og_url":"https:\/\/jchelsinki.fi\/sv\/om-oss\/judisk-historia-i-finland\/","og_site_name":"Judiska F\u00f6rsamlingen i Helsingfors","article_modified_time":"2021-10-08T12:50:00+00:00","og_image":[{"url":"https:\/\/jchelsinki-fi.hel8.wp-cloud.dev\/wp-content\/uploads\/2021\/09\/judiska_skolan_i_helsingfors_c_1895.jpg","type":"","width":"","height":""}],"twitter_card":"summary_large_image","twitter_misc":{"Ber\u00e4knad l\u00e4stid":"4 minuter"},"schema":{"@context":"https:\/\/schema.org","@graph":[{"@type":"WebPage","@id":"https:\/\/jchelsinki.fi\/sv\/om-oss\/judisk-historia-i-finland\/","url":"https:\/\/jchelsinki.fi\/sv\/om-oss\/judisk-historia-i-finland\/","name":"Judisk historia i Finland - Judiska F\u00f6rsamlingen i Helsingfors","isPartOf":{"@id":"https:\/\/jchelsinki.fi\/sv\/#website"},"primaryImageOfPage":{"@id":"https:\/\/jchelsinki.fi\/sv\/om-oss\/judisk-historia-i-finland\/#primaryimage"},"image":{"@id":"https:\/\/jchelsinki.fi\/sv\/om-oss\/judisk-historia-i-finland\/#primaryimage"},"thumbnailUrl":"https:\/\/jchelsinki-fi.hel8.wp-cloud.dev\/wp-content\/uploads\/2021\/09\/judiska_skolan_i_helsingfors_c_1895.jpg","datePublished":"2021-08-26T12:37:42+00:00","dateModified":"2021-10-08T12:50:00+00:00","description":"Det omr\u00e5de som \u00e4r dagens Finland var en del av det svenska riket \u00e4nda\u00a0till 1809. Enligt Sveriges lag hade judarna p\u00e5 den tiden till\u00e5telse att bos\u00e4tta sig endast i tre\u00a0st\u00e4der i kungariket och ingen av dem befann sig i Finland.","breadcrumb":{"@id":"https:\/\/jchelsinki.fi\/sv\/om-oss\/judisk-historia-i-finland\/#breadcrumb"},"inLanguage":"sv-SE","potentialAction":[{"@type":"ReadAction","target":["https:\/\/jchelsinki.fi\/sv\/om-oss\/judisk-historia-i-finland\/"]}]},{"@type":"ImageObject","inLanguage":"sv-SE","@id":"https:\/\/jchelsinki.fi\/sv\/om-oss\/judisk-historia-i-finland\/#primaryimage","url":"https:\/\/jchelsinki-fi.hel8.wp-cloud.dev\/wp-content\/uploads\/2021\/09\/judiska_skolan_i_helsingfors_c_1895.jpg","contentUrl":"https:\/\/jchelsinki-fi.hel8.wp-cloud.dev\/wp-content\/uploads\/2021\/09\/judiska_skolan_i_helsingfors_c_1895.jpg"},{"@type":"BreadcrumbList","@id":"https:\/\/jchelsinki.fi\/sv\/om-oss\/judisk-historia-i-finland\/#breadcrumb","itemListElement":[{"@type":"ListItem","position":1,"name":"Etusivu","item":"https:\/\/jchelsinki.fi\/sv\/"},{"@type":"ListItem","position":2,"name":"Om oss","item":"https:\/\/jchelsinki.fi\/sv\/om-oss\/"},{"@type":"ListItem","position":3,"name":"Judisk historia i Finland"}]},{"@type":"WebSite","@id":"https:\/\/jchelsinki.fi\/sv\/#website","url":"https:\/\/jchelsinki.fi\/sv\/","name":"Judiska F\u00f6rsamlingen i Helsingfors","description":"Olet Suomen aktiivisimman juutalaisen yhteis\u00f6n sivustolla.","potentialAction":[{"@type":"SearchAction","target":{"@type":"EntryPoint","urlTemplate":"https:\/\/jchelsinki.fi\/sv\/?s={search_term_string}"},"query-input":{"@type":"PropertyValueSpecification","valueRequired":true,"valueName":"search_term_string"}}],"inLanguage":"sv-SE"}]}},"taxonomy_info":[],"featured_image_src_large":false,"author_info":{"display_name":"jch_admin","author_link":"https:\/\/jchelsinki.fi\/sv\/uutiset\/author\/jch_admin\/"},"comment_info":0,"_links":{"self":[{"href":"https:\/\/jchelsinki.fi\/sv\/wp-json\/wp\/v2\/pages\/628","targetHints":{"allow":["GET"]}}],"collection":[{"href":"https:\/\/jchelsinki.fi\/sv\/wp-json\/wp\/v2\/pages"}],"about":[{"href":"https:\/\/jchelsinki.fi\/sv\/wp-json\/wp\/v2\/types\/page"}],"author":[{"embeddable":true,"href":"https:\/\/jchelsinki.fi\/sv\/wp-json\/wp\/v2\/users\/1"}],"replies":[{"embeddable":true,"href":"https:\/\/jchelsinki.fi\/sv\/wp-json\/wp\/v2\/comments?post=628"}],"version-history":[{"count":2,"href":"https:\/\/jchelsinki.fi\/sv\/wp-json\/wp\/v2\/pages\/628\/revisions"}],"predecessor-version":[{"id":857,"href":"https:\/\/jchelsinki.fi\/sv\/wp-json\/wp\/v2\/pages\/628\/revisions\/857"}],"up":[{"embeddable":true,"href":"https:\/\/jchelsinki.fi\/sv\/wp-json\/wp\/v2\/pages\/611"}],"wp:attachment":[{"href":"https:\/\/jchelsinki.fi\/sv\/wp-json\/wp\/v2\/media?parent=628"}],"curies":[{"name":"wp","href":"https:\/\/api.w.org\/{rel}","templated":true}]}}