{"id":624,"date":"2021-08-26T15:35:41","date_gmt":"2021-08-26T12:35:41","guid":{"rendered":"http:\/\/jchelsinki.fi\/om-oss\/seurakunta\/"},"modified":"2021-10-08T15:49:27","modified_gmt":"2021-10-08T12:49:27","slug":"forsamlingen","status":"publish","type":"page","link":"https:\/\/jchelsinki.fi\/sv\/om-oss\/forsamlingen\/","title":{"rendered":"F\u00f6rsamlingen och dess organisation"},"content":{"rendered":"\n<p class=\"has-medium-font-size\" style=\"line-height:1.4\">F\u00f6rsamlingens uppgift \u00e4r baserad\u00a0p\u00e5 Toran eller de fem moseb\u00f6ckerna och g\u00e5r ut p\u00e5 att erbjuda sina medlemmar m\u00f6jligheten att ut\u00f6va sin religion, att erbjuda religionsundervisning, uppr\u00e4tth\u00e5lla de n\u00f6dv\u00e4ndiga enheterna s\u00e5som begravnings-, sjukv\u00e5rds-, och socialhj\u00e4lpf\u00f6reningarna, judiska skolan, daghemmet och seniortj\u00e4nster samt att\u00a0\u00f6verlag agera p\u00e5 ett s\u00e4tt som befr\u00e4mjar dess\u00a0medlemmars intressen inom judisk-religi\u00f6sa,- nationella och civilisationsfr\u00e5gor.<\/p>\n\n\n\n<p>F\u00f6r att medlemmarna helhj\u00e4rtat skall kunna ut\u00f6va sin religion&nbsp;uppr\u00e4tth\u00e5ller och organiserar f\u00f6rsamlingen bl.a. f\u00f6ljande tj\u00e4nster:<\/p>\n\n\n\n<ul class=\"wp-block-list\"><li>gudstj\u00e4nster p\u00e5 vardagar, sabbater och judiska helger,<\/li><li>f\u00f6rs\u00e4krar sig om att det finns en&nbsp;tillr\u00e4cklig m\u00e4ngd Tora-rullar och andra heliga skrifter och b\u00f6neb\u00f6cker,<\/li><li>uppr\u00e4tth\u00e5ller ett register \u00f6ver&nbsp;mohelim, godk\u00e4nda av f\u00f6rsamlingen, och erbjuder tj\u00e4nster vid omsk\u00e4relse,<\/li><li>organiserar bar- och batmitsva skolning f\u00f6r f\u00f6rsamlingens ungdomar,<\/li><li>uppr\u00e4tth\u00e5ller ett register \u00f6ver&nbsp;personer, som har vigselr\u00e4tt och erbjuder vigseltj\u00e4nster,<\/li><li>uppr\u00e4tth\u00e5ller en mikve-bass\u00e4ng f\u00f6r rituell rening,<\/li><li>ansvarar f\u00f6r anskaffning och f\u00f6rs\u00e4ljning av kosherk\u00f6tt och andra kosherlivsmedel&nbsp;<\/li><li>ansvarar f\u00f6r begravningar&nbsp;&nbsp;och uppr\u00e4tth\u00e5ller begravningsplatser.<\/li><\/ul>\n\n\n\n<p>F\u00f6r att kunna f\u00f6rverkliga de ovann\u00e4mnda uppgifterna och tj\u00e4nsterna anskaffar och uppr\u00e4tth\u00e5ller f\u00f6rsamlingen synagogor, b\u00f6nerum, begravningsplatser och \u2013kapell&nbsp;och andra n\u00f6dv\u00e4ndiga utrymmen och byggnader.<\/p>\n\n\n<style>.wp-block-kadence-advancedheading.kt-adv-heading_bd0f22-a2, .wp-block-kadence-advancedheading.kt-adv-heading_bd0f22-a2[data-kb-block=\"kb-adv-heading_bd0f22-a2\"]{font-style:normal;}.wp-block-kadence-advancedheading.kt-adv-heading_bd0f22-a2 mark.kt-highlight, .wp-block-kadence-advancedheading.kt-adv-heading_bd0f22-a2[data-kb-block=\"kb-adv-heading_bd0f22-a2\"] mark.kt-highlight{font-style:normal;color:#f76a0c;-webkit-box-decoration-break:clone;box-decoration-break:clone;padding-top:0px;padding-right:0px;padding-bottom:0px;padding-left:0px;}.wp-block-kadence-advancedheading.kt-adv-heading_bd0f22-a2 img.kb-inline-image, .wp-block-kadence-advancedheading.kt-adv-heading_bd0f22-a2[data-kb-block=\"kb-adv-heading_bd0f22-a2\"] img.kb-inline-image{width:150px;vertical-align:baseline;}<\/style>\n<h2 class=\"kt-adv-heading_bd0f22-a2 wp-block-kadence-advancedheading\" data-kb-block=\"kb-adv-heading_bd0f22-a2\">Organisationen<\/h2>\n\n\n\n<p>Till f\u00f6rsamlingens institutioner h\u00f6r&nbsp;f\u00f6rsamlingsfullm\u00e4ktige, f\u00f6rvaltningsr\u00e5det, n\u00e4mnder, styrelser och olika utskott. F\u00f6rsamlingen representeras av f\u00f6rvaltningsr\u00e5det och den&nbsp;h\u00f6gsta&nbsp;beslutsfattande makten tillh\u00f6r f\u00f6rsamlingens fullm\u00e4ktige. F\u00f6rsamlingsfullm\u00e4ktige v\u00e4ljer ocks\u00e5 f\u00f6rsamlingens rabbin.<\/p>\n\n\n\n<p>F\u00f6rsamlingens fullm\u00e4ktige best\u00e5r av 32 ledam\u00f6ter,&nbsp;vilka,&nbsp;liksom deras suppleanter,&nbsp;v\u00e4ljs i f\u00f6rsamlingsvalet f\u00f6r en tre\u00e5rsperiod. R\u00f6str\u00e4tt i f\u00f6rsamlingsvalet har alla f\u00f6rsamlingsmedlemmar som fyllt 18 \u00e5r vid b\u00f6rjan av val\u00e5ret.&nbsp;<\/p>\n\n\n\n<p>F\u00f6rvaltningsr\u00e5det best\u00e5r av ordf\u00f6rande och minst \u00e5tta \u00f6vriga&nbsp;medlemmar&nbsp;sk. f\u00f6rm\u00e4n, i enlighet med&nbsp;f\u00f6rsamlingsfullm\u00e4ktiges beslut&nbsp;inf\u00f6r varje val.<\/p>\n\n\n\n<p>F\u00f6rm\u00e4nnens ansvarsomr\u00e5den best\u00e5r av:<\/p>\n\n\n\n<ol class=\"wp-block-list\"><li>religi\u00f6sa \u00e4renden;<\/li><li>judisk-nationella \u00e4renden;<\/li><li>judisk-kulturella \u00e4renden;<\/li><li>sociala \u00e4renden;<\/li><li>ekonomisk-finansiella \u00e4renden;<\/li><li>ungdoms\u00e4renden;<\/li><li>informations\u00e4renden och<\/li><li>\u00f6vriga&nbsp;\u00e4renden<\/li><\/ol>\n\n\n\n<p>F\u00f6rmannen f\u00f6r de religi\u00f6sa \u00e4renden \u00e4r samtidigt synagogans f\u00f6rman [gabe].<\/p>\n\n\n\n<p>F\u00f6rvaltningsr\u00e5det ansvarar f\u00f6r&nbsp;f\u00f6rsamlingens administration och dess verksamhet.<\/p>\n","protected":false},"excerpt":{"rendered":"<p>F\u00f6rsamlingens uppgift \u00e4r baserad\u00a0p\u00e5 Toran eller de fem moseb\u00f6ckerna och g\u00e5r ut p\u00e5 att erbjuda sina medlemmar m\u00f6jligheten att ut\u00f6va sin religion, att erbjuda religionsundervisning, uppr\u00e4tth\u00e5lla de n\u00f6dv\u00e4ndiga enheterna s\u00e5som begravnings-, sjukv\u00e5rds-, och socialhj\u00e4lpf\u00f6reningarna, judiska skolan, daghemmet och seniortj\u00e4nster samt att\u00a0\u00f6verlag agera p\u00e5 ett s\u00e4tt som befr\u00e4mjar dess\u00a0medlemmars intressen inom judisk-religi\u00f6sa,- nationella och civilisationsfr\u00e5gor. F\u00f6r&#8230;<\/p>\n","protected":false},"author":1,"featured_media":0,"parent":611,"menu_order":0,"comment_status":"closed","ping_status":"closed","template":"","meta":{"inline_featured_image":false,"_kad_blocks_custom_css":"","_kad_blocks_head_custom_js":"","_kad_blocks_body_custom_js":"","_kad_blocks_footer_custom_js":"","_kad_post_transparent":"","_kad_post_title":"","_kad_post_layout":"","_kad_post_sidebar_id":"","_kad_post_content_style":"","_kad_post_vertical_padding":"","_kad_post_feature":"","_kad_post_feature_position":"","_kad_post_header":false,"_kad_post_footer":false,"_kad_post_classname":"","footnotes":""},"class_list":["post-624","page","type-page","status-publish","hentry"],"yoast_head":"<!-- This site is optimized with the Yoast SEO plugin v27.3 - https:\/\/yoast.com\/product\/yoast-seo-wordpress\/ -->\n<title>F\u00f6rsamlingen och dess organisation - Judiska F\u00f6rsamlingen i Helsingfors<\/title>\n<meta name=\"description\" content=\"F\u00f6rsamlingens uppgift \u00e4r baserad\u00a0p\u00e5 Toran eller de fem moseb\u00f6ckerna och g\u00e5r ut p\u00e5 att erbjuda sina medlemmar m\u00f6jligheten att ut\u00f6va sin religion.\" \/>\n<meta name=\"robots\" content=\"index, follow, max-snippet:-1, max-image-preview:large, max-video-preview:-1\" \/>\n<link rel=\"canonical\" href=\"https:\/\/jchelsinki.fi\/sv\/om-oss\/forsamlingen\/\" \/>\n<meta property=\"og:locale\" content=\"sv_SE\" \/>\n<meta property=\"og:type\" content=\"article\" \/>\n<meta property=\"og:title\" content=\"F\u00f6rsamlingen och dess organisation - Judiska F\u00f6rsamlingen i Helsingfors\" \/>\n<meta property=\"og:description\" content=\"F\u00f6rsamlingens uppgift \u00e4r baserad\u00a0p\u00e5 Toran eller de fem moseb\u00f6ckerna och g\u00e5r ut p\u00e5 att erbjuda sina medlemmar m\u00f6jligheten att ut\u00f6va sin religion.\" \/>\n<meta property=\"og:url\" content=\"https:\/\/jchelsinki.fi\/sv\/om-oss\/forsamlingen\/\" \/>\n<meta property=\"og:site_name\" content=\"Judiska F\u00f6rsamlingen i Helsingfors\" \/>\n<meta property=\"article:modified_time\" content=\"2021-10-08T12:49:27+00:00\" \/>\n<meta name=\"twitter:card\" content=\"summary_large_image\" \/>\n<meta name=\"twitter:label1\" content=\"Ber\u00e4knad l\u00e4stid\" \/>\n\t<meta name=\"twitter:data1\" content=\"2 minuter\" \/>\n<script type=\"application\/ld+json\" class=\"yoast-schema-graph\">{\"@context\":\"https:\\\/\\\/schema.org\",\"@graph\":[{\"@type\":\"WebPage\",\"@id\":\"https:\\\/\\\/jchelsinki.fi\\\/sv\\\/om-oss\\\/forsamlingen\\\/\",\"url\":\"https:\\\/\\\/jchelsinki.fi\\\/sv\\\/om-oss\\\/forsamlingen\\\/\",\"name\":\"F\u00f6rsamlingen och dess organisation - Judiska F\u00f6rsamlingen i Helsingfors\",\"isPartOf\":{\"@id\":\"https:\\\/\\\/jchelsinki.fi\\\/sv\\\/#website\"},\"datePublished\":\"2021-08-26T12:35:41+00:00\",\"dateModified\":\"2021-10-08T12:49:27+00:00\",\"description\":\"F\u00f6rsamlingens uppgift \u00e4r baserad\u00a0p\u00e5 Toran eller de fem moseb\u00f6ckerna och g\u00e5r ut p\u00e5 att erbjuda sina medlemmar m\u00f6jligheten att ut\u00f6va sin religion.\",\"breadcrumb\":{\"@id\":\"https:\\\/\\\/jchelsinki.fi\\\/sv\\\/om-oss\\\/forsamlingen\\\/#breadcrumb\"},\"inLanguage\":\"sv-SE\",\"potentialAction\":[{\"@type\":\"ReadAction\",\"target\":[\"https:\\\/\\\/jchelsinki.fi\\\/sv\\\/om-oss\\\/forsamlingen\\\/\"]}]},{\"@type\":\"BreadcrumbList\",\"@id\":\"https:\\\/\\\/jchelsinki.fi\\\/sv\\\/om-oss\\\/forsamlingen\\\/#breadcrumb\",\"itemListElement\":[{\"@type\":\"ListItem\",\"position\":1,\"name\":\"Etusivu\",\"item\":\"https:\\\/\\\/jchelsinki.fi\\\/sv\\\/\"},{\"@type\":\"ListItem\",\"position\":2,\"name\":\"Om oss\",\"item\":\"https:\\\/\\\/jchelsinki.fi\\\/sv\\\/om-oss\\\/\"},{\"@type\":\"ListItem\",\"position\":3,\"name\":\"F\u00f6rsamlingen och dess organisation\"}]},{\"@type\":\"WebSite\",\"@id\":\"https:\\\/\\\/jchelsinki.fi\\\/sv\\\/#website\",\"url\":\"https:\\\/\\\/jchelsinki.fi\\\/sv\\\/\",\"name\":\"Judiska F\u00f6rsamlingen i Helsingfors\",\"description\":\"Olet Suomen aktiivisimman juutalaisen yhteis\u00f6n sivustolla.\",\"potentialAction\":[{\"@type\":\"SearchAction\",\"target\":{\"@type\":\"EntryPoint\",\"urlTemplate\":\"https:\\\/\\\/jchelsinki.fi\\\/sv\\\/?s={search_term_string}\"},\"query-input\":{\"@type\":\"PropertyValueSpecification\",\"valueRequired\":true,\"valueName\":\"search_term_string\"}}],\"inLanguage\":\"sv-SE\"}]}<\/script>\n<!-- \/ Yoast SEO plugin. -->","yoast_head_json":{"title":"F\u00f6rsamlingen och dess organisation - Judiska F\u00f6rsamlingen i Helsingfors","description":"F\u00f6rsamlingens uppgift \u00e4r baserad\u00a0p\u00e5 Toran eller de fem moseb\u00f6ckerna och g\u00e5r ut p\u00e5 att erbjuda sina medlemmar m\u00f6jligheten att ut\u00f6va sin religion.","robots":{"index":"index","follow":"follow","max-snippet":"max-snippet:-1","max-image-preview":"max-image-preview:large","max-video-preview":"max-video-preview:-1"},"canonical":"https:\/\/jchelsinki.fi\/sv\/om-oss\/forsamlingen\/","og_locale":"sv_SE","og_type":"article","og_title":"F\u00f6rsamlingen och dess organisation - Judiska F\u00f6rsamlingen i Helsingfors","og_description":"F\u00f6rsamlingens uppgift \u00e4r baserad\u00a0p\u00e5 Toran eller de fem moseb\u00f6ckerna och g\u00e5r ut p\u00e5 att erbjuda sina medlemmar m\u00f6jligheten att ut\u00f6va sin religion.","og_url":"https:\/\/jchelsinki.fi\/sv\/om-oss\/forsamlingen\/","og_site_name":"Judiska F\u00f6rsamlingen i Helsingfors","article_modified_time":"2021-10-08T12:49:27+00:00","twitter_card":"summary_large_image","twitter_misc":{"Ber\u00e4knad l\u00e4stid":"2 minuter"},"schema":{"@context":"https:\/\/schema.org","@graph":[{"@type":"WebPage","@id":"https:\/\/jchelsinki.fi\/sv\/om-oss\/forsamlingen\/","url":"https:\/\/jchelsinki.fi\/sv\/om-oss\/forsamlingen\/","name":"F\u00f6rsamlingen och dess organisation - Judiska F\u00f6rsamlingen i Helsingfors","isPartOf":{"@id":"https:\/\/jchelsinki.fi\/sv\/#website"},"datePublished":"2021-08-26T12:35:41+00:00","dateModified":"2021-10-08T12:49:27+00:00","description":"F\u00f6rsamlingens uppgift \u00e4r baserad\u00a0p\u00e5 Toran eller de fem moseb\u00f6ckerna och g\u00e5r ut p\u00e5 att erbjuda sina medlemmar m\u00f6jligheten att ut\u00f6va sin religion.","breadcrumb":{"@id":"https:\/\/jchelsinki.fi\/sv\/om-oss\/forsamlingen\/#breadcrumb"},"inLanguage":"sv-SE","potentialAction":[{"@type":"ReadAction","target":["https:\/\/jchelsinki.fi\/sv\/om-oss\/forsamlingen\/"]}]},{"@type":"BreadcrumbList","@id":"https:\/\/jchelsinki.fi\/sv\/om-oss\/forsamlingen\/#breadcrumb","itemListElement":[{"@type":"ListItem","position":1,"name":"Etusivu","item":"https:\/\/jchelsinki.fi\/sv\/"},{"@type":"ListItem","position":2,"name":"Om oss","item":"https:\/\/jchelsinki.fi\/sv\/om-oss\/"},{"@type":"ListItem","position":3,"name":"F\u00f6rsamlingen och dess organisation"}]},{"@type":"WebSite","@id":"https:\/\/jchelsinki.fi\/sv\/#website","url":"https:\/\/jchelsinki.fi\/sv\/","name":"Judiska F\u00f6rsamlingen i Helsingfors","description":"Olet Suomen aktiivisimman juutalaisen yhteis\u00f6n sivustolla.","potentialAction":[{"@type":"SearchAction","target":{"@type":"EntryPoint","urlTemplate":"https:\/\/jchelsinki.fi\/sv\/?s={search_term_string}"},"query-input":{"@type":"PropertyValueSpecification","valueRequired":true,"valueName":"search_term_string"}}],"inLanguage":"sv-SE"}]}},"taxonomy_info":[],"featured_image_src_large":false,"author_info":{"display_name":"jch_admin","author_link":"https:\/\/jchelsinki.fi\/sv\/uutiset\/author\/jch_admin\/"},"comment_info":0,"_links":{"self":[{"href":"https:\/\/jchelsinki.fi\/sv\/wp-json\/wp\/v2\/pages\/624","targetHints":{"allow":["GET"]}}],"collection":[{"href":"https:\/\/jchelsinki.fi\/sv\/wp-json\/wp\/v2\/pages"}],"about":[{"href":"https:\/\/jchelsinki.fi\/sv\/wp-json\/wp\/v2\/types\/page"}],"author":[{"embeddable":true,"href":"https:\/\/jchelsinki.fi\/sv\/wp-json\/wp\/v2\/users\/1"}],"replies":[{"embeddable":true,"href":"https:\/\/jchelsinki.fi\/sv\/wp-json\/wp\/v2\/comments?post=624"}],"version-history":[{"count":2,"href":"https:\/\/jchelsinki.fi\/sv\/wp-json\/wp\/v2\/pages\/624\/revisions"}],"predecessor-version":[{"id":856,"href":"https:\/\/jchelsinki.fi\/sv\/wp-json\/wp\/v2\/pages\/624\/revisions\/856"}],"up":[{"embeddable":true,"href":"https:\/\/jchelsinki.fi\/sv\/wp-json\/wp\/v2\/pages\/611"}],"wp:attachment":[{"href":"https:\/\/jchelsinki.fi\/sv\/wp-json\/wp\/v2\/media?parent=624"}],"curies":[{"name":"wp","href":"https:\/\/api.w.org\/{rel}","templated":true}]}}