{"id":620,"date":"2021-08-27T12:32:12","date_gmt":"2021-08-27T09:32:12","guid":{"rendered":"http:\/\/jchelsinki.fi\/ota-yhteytta\/"},"modified":"2025-11-24T13:24:52","modified_gmt":"2025-11-24T11:24:52","slug":"kontakt","status":"publish","type":"page","link":"https:\/\/jchelsinki.fi\/sv\/kontakt\/","title":{"rendered":"Kontakt"},"content":{"rendered":"\n<p><strong>Du kan kontakta kansliet forts\u00e4ttningsvis per telefon och per epost m\u00e5-to kl 11-16. F\u00f6rsamlingsmedlemmar kan, vid behov, bes\u00f6ka kansliet. Be portvakten ringa upp oss s\u00e5 m\u00f6ter vi dig vid porten. <\/strong><\/p>\n\n\n\n<p>Fullm\u00e4ktige valde Chaya Votkin till Helsingfors judiska f\u00f6rsamlings ordf\u00f6rande p\u00e5 sitt m\u00f6te 20.5.2025. Chaya Votkins epost-adress \u00e4r <a href=\"mailto:f\u00f6rnamn.efternamn@jchelsinki.fi\">f\u00f6rnamn.efternamn@jchelsinki.fi<\/a>.<\/p>\n\n\n<style>.wp-block-kadence-advancedheading.kt-adv-heading620_930900-9f, .wp-block-kadence-advancedheading.kt-adv-heading620_930900-9f[data-kb-block=\"kb-adv-heading620_930900-9f\"]{font-style:normal;}.wp-block-kadence-advancedheading.kt-adv-heading620_930900-9f mark.kt-highlight, .wp-block-kadence-advancedheading.kt-adv-heading620_930900-9f[data-kb-block=\"kb-adv-heading620_930900-9f\"] mark.kt-highlight{font-style:normal;color:#f76a0c;-webkit-box-decoration-break:clone;box-decoration-break:clone;padding-top:0px;padding-right:0px;padding-bottom:0px;padding-left:0px;}.wp-block-kadence-advancedheading.kt-adv-heading620_930900-9f img.kb-inline-image, .wp-block-kadence-advancedheading.kt-adv-heading620_930900-9f[data-kb-block=\"kb-adv-heading620_930900-9f\"] img.kb-inline-image{width:150px;vertical-align:baseline;}<\/style>\n<h2 class=\"kt-adv-heading620_930900-9f wp-block-kadence-advancedheading\" data-kb-block=\"kb-adv-heading620_930900-9f\">Kontaktinformation<\/h2>\n\n\n\n<p>Judiska F\u00f6rsamlingen i Helsingfors<br>Malminkatu 26<br>00100 Helsinki<\/p>\n\n\n\n<p>Telefon: 09 586 0310&nbsp;<\/p>\n\n\n\n<p>E-post:&nbsp;<a href=\"mailto:srk@jchelsinki.fi\">srk@jchelsinki.fi<\/a><\/p>\n\n\n\n<p>Facebook:&nbsp;<a href=\"https:\/\/www.facebook.com\/jchelsinki.fi\">https:\/\/www.facebook.com\/jchelsinki.fi<\/a><\/p>\n\n\n\n<p>Kontorets kundtj\u00e4nsttider \u00e4r m\u00e5ndag &#8211; torsdag fr\u00e5n kl. 11.00 till 16.00. Observera att kontoret \u00e4r st\u00e4ngt p\u00e5 judiska helgdagar.<\/p>\n\n\n<style>.wp-block-kadence-advancedheading.kt-adv-heading620_f21048-79, .wp-block-kadence-advancedheading.kt-adv-heading620_f21048-79[data-kb-block=\"kb-adv-heading620_f21048-79\"]{font-style:normal;}.wp-block-kadence-advancedheading.kt-adv-heading620_f21048-79 mark.kt-highlight, .wp-block-kadence-advancedheading.kt-adv-heading620_f21048-79[data-kb-block=\"kb-adv-heading620_f21048-79\"] mark.kt-highlight{font-style:normal;color:#f76a0c;-webkit-box-decoration-break:clone;box-decoration-break:clone;padding-top:0px;padding-right:0px;padding-bottom:0px;padding-left:0px;}.wp-block-kadence-advancedheading.kt-adv-heading620_f21048-79 img.kb-inline-image, .wp-block-kadence-advancedheading.kt-adv-heading620_f21048-79[data-kb-block=\"kb-adv-heading620_f21048-79\"] img.kb-inline-image{width:150px;vertical-align:baseline;}<\/style>\n<h2 class=\"kt-adv-heading620_f21048-79 wp-block-kadence-advancedheading\" data-kb-block=\"kb-adv-heading620_f21048-79\">Att bes\u00f6ka synagogan<\/h2>\n\n\n\n<p>Om du som privat person \u00f6nskar bes\u00f6ka synagogan (detta g\u00e4ller b\u00e5de synagogaf\u00f6revisning och deltagande i gudstj\u00e4nst) ber vi dig v\u00e4nligen skicka nedanst\u00e5ende information minst en vecka i f\u00f6rv\u00e4g till <a href=\"mailto:srk@jchelsinki.fi\">srk@jchelsinki.fi<\/a> (detta g\u00e4ller inte skolgrupper). Tack s\u00e5 mycket!<\/p>\n\n\n\n<p>Synagogaf\u00f6revisningar organiseras m\u00e5-to kl 11-15 endast p\u00e5 f\u00f6rhandsbest\u00e4llning.<\/p>\n\n\n\n<p>Av eposten b\u00f6r framg\u00e5 f\u00f6ljande information f\u00f6r alla bes\u00f6kare<\/p>\n\n\n\n<ul class=\"wp-block-list\">\n<li>Namn<\/li>\n\n\n\n<li>Kopia av pass eller annat identifikationsdokument<\/li>\n\n\n\n<li>\u00d6nskad tid<\/li>\n\n\n\n<li>Orsak till \u00f6nskat bes\u00f6k<\/li>\n\n\n\n<li>Har du bes\u00f6kt en synagoga i n\u00e5got annat land i Skandinavien?<\/li>\n\n\n\n<li>\u00c4r du medlem av en judisk f\u00f6rsamling? Om ja, v\u00e4nligen ge oss kontaktuppgifterna.<\/li>\n<\/ul>\n\n\n\n<p>Den finskspr\u00e5kiga guidningen tar ca 30 minuter. Vid behov guidning \u00e4ven p\u00e5 svenska, engelska och hebreiska.<\/p>\n\n\n\n<p><strong>Intr\u00e4desavgift f.o.m. 1.9.2023:<\/strong><br>Vuxen 10 euro<br>Grupper 75 euro under kansliets \u00f6ppeth\u00e5llningstider och 100e \u00f6vriga tider. Faktureringstill\u00e4gg 5e.<\/p>\n\n\n\n<p><\/p>\n\n\n\n<p>Barn och skolornas studiebes\u00f6k kostar 25 euro\/grupp. Faktureringstill\u00e4gg 5e. Var s\u00e5 v\u00e4nlig och s\u00e4nd faktureringsuppgifter i f\u00f6rv\u00e4g.<\/p>\n\n\n\n<p>Kom ih\u00e5g att ta med dig ID-kort (pass) d\u00e5 du kommer f\u00f6r att bes\u00f6ka synagogan p\u00e5 den \u00f6verenskomna tiden. Undvik att ta med dig stora v\u00e4skor till bes\u00f6ket.<\/p>\n\n\n\n<p>Rullstolsv\u00e4nlig.<\/p>\n\n\n\n<p>Bokningar och f\u00f6rfr\u00e5gningar via f\u00f6rsamlingens kansli:&nbsp;<a href=\"mailto:srk@jchelsinki.fi\">srk@jchelsinki.fi<\/a>&nbsp;eller&nbsp;09 5860310.<\/p>\n\n\n\n<p><\/p>\n","protected":false},"excerpt":{"rendered":"<p>Du kan kontakta kansliet forts\u00e4ttningsvis per telefon och per epost m\u00e5-to kl 11-16. F\u00f6rsamlingsmedlemmar kan, vid behov, bes\u00f6ka kansliet. Be portvakten ringa upp oss s\u00e5 m\u00f6ter vi dig vid porten. Fullm\u00e4ktige valde Chaya Votkin till Helsingfors judiska f\u00f6rsamlings ordf\u00f6rande p\u00e5 sitt m\u00f6te 20.5.2025. Chaya Votkins epost-adress \u00e4r f\u00f6rnamn.efternamn@jchelsinki.fi. Kontaktinformation Judiska F\u00f6rsamlingen i HelsingforsMalminkatu 2600100 Helsinki&#8230;<\/p>\n","protected":false},"author":1,"featured_media":0,"parent":0,"menu_order":0,"comment_status":"closed","ping_status":"closed","template":"","meta":{"inline_featured_image":false,"_kad_blocks_custom_css":"","_kad_blocks_head_custom_js":"","_kad_blocks_body_custom_js":"","_kad_blocks_footer_custom_js":"","_kad_post_transparent":"","_kad_post_title":"","_kad_post_layout":"","_kad_post_sidebar_id":"","_kad_post_content_style":"","_kad_post_vertical_padding":"","_kad_post_feature":"","_kad_post_feature_position":"","_kad_post_header":false,"_kad_post_footer":false,"_kad_post_classname":"","footnotes":""},"class_list":["post-620","page","type-page","status-publish","hentry"],"yoast_head":"<!-- This site is optimized with the Yoast SEO plugin v27.3 - https:\/\/yoast.com\/product\/yoast-seo-wordpress\/ -->\n<title>Kontakt - Judiska F\u00f6rsamlingen i Helsingfors<\/title>\n<meta name=\"description\" content=\"Du kan kontakta kansliet forts\u00e4ttningsvis per telefon och per epost m\u00e5-to kl 11-16.\" \/>\n<meta name=\"robots\" content=\"index, follow, max-snippet:-1, max-image-preview:large, max-video-preview:-1\" \/>\n<link rel=\"canonical\" href=\"https:\/\/jchelsinki.fi\/sv\/kontakt\/\" \/>\n<meta property=\"og:locale\" content=\"sv_SE\" \/>\n<meta property=\"og:type\" content=\"article\" \/>\n<meta property=\"og:title\" content=\"Kontakt - Judiska F\u00f6rsamlingen i Helsingfors\" \/>\n<meta property=\"og:description\" content=\"Du kan kontakta kansliet forts\u00e4ttningsvis per telefon och per epost m\u00e5-to kl 11-16.\" \/>\n<meta property=\"og:url\" content=\"https:\/\/jchelsinki.fi\/sv\/kontakt\/\" \/>\n<meta property=\"og:site_name\" content=\"Judiska F\u00f6rsamlingen i Helsingfors\" \/>\n<meta property=\"article:modified_time\" content=\"2025-11-24T11:24:52+00:00\" \/>\n<meta name=\"twitter:card\" content=\"summary_large_image\" \/>\n<meta name=\"twitter:label1\" content=\"Ber\u00e4knad l\u00e4stid\" \/>\n\t<meta name=\"twitter:data1\" content=\"2 minuter\" \/>\n<script type=\"application\/ld+json\" class=\"yoast-schema-graph\">{\"@context\":\"https:\\\/\\\/schema.org\",\"@graph\":[{\"@type\":\"WebPage\",\"@id\":\"https:\\\/\\\/jchelsinki.fi\\\/sv\\\/kontakt\\\/\",\"url\":\"https:\\\/\\\/jchelsinki.fi\\\/sv\\\/kontakt\\\/\",\"name\":\"Kontakt - Judiska F\u00f6rsamlingen i Helsingfors\",\"isPartOf\":{\"@id\":\"https:\\\/\\\/jchelsinki.fi\\\/sv\\\/#website\"},\"datePublished\":\"2021-08-27T09:32:12+00:00\",\"dateModified\":\"2025-11-24T11:24:52+00:00\",\"description\":\"Du kan kontakta kansliet forts\u00e4ttningsvis per telefon och per epost m\u00e5-to kl 11-16.\",\"breadcrumb\":{\"@id\":\"https:\\\/\\\/jchelsinki.fi\\\/sv\\\/kontakt\\\/#breadcrumb\"},\"inLanguage\":\"sv-SE\",\"potentialAction\":[{\"@type\":\"ReadAction\",\"target\":[\"https:\\\/\\\/jchelsinki.fi\\\/sv\\\/kontakt\\\/\"]}]},{\"@type\":\"BreadcrumbList\",\"@id\":\"https:\\\/\\\/jchelsinki.fi\\\/sv\\\/kontakt\\\/#breadcrumb\",\"itemListElement\":[{\"@type\":\"ListItem\",\"position\":1,\"name\":\"Etusivu\",\"item\":\"https:\\\/\\\/jchelsinki.fi\\\/sv\\\/\"},{\"@type\":\"ListItem\",\"position\":2,\"name\":\"Kontakt\"}]},{\"@type\":\"WebSite\",\"@id\":\"https:\\\/\\\/jchelsinki.fi\\\/sv\\\/#website\",\"url\":\"https:\\\/\\\/jchelsinki.fi\\\/sv\\\/\",\"name\":\"Judiska F\u00f6rsamlingen i Helsingfors\",\"description\":\"Olet Suomen aktiivisimman juutalaisen yhteis\u00f6n sivustolla.\",\"potentialAction\":[{\"@type\":\"SearchAction\",\"target\":{\"@type\":\"EntryPoint\",\"urlTemplate\":\"https:\\\/\\\/jchelsinki.fi\\\/sv\\\/?s={search_term_string}\"},\"query-input\":{\"@type\":\"PropertyValueSpecification\",\"valueRequired\":true,\"valueName\":\"search_term_string\"}}],\"inLanguage\":\"sv-SE\"}]}<\/script>\n<!-- \/ Yoast SEO plugin. -->","yoast_head_json":{"title":"Kontakt - Judiska F\u00f6rsamlingen i Helsingfors","description":"Du kan kontakta kansliet forts\u00e4ttningsvis per telefon och per epost m\u00e5-to kl 11-16.","robots":{"index":"index","follow":"follow","max-snippet":"max-snippet:-1","max-image-preview":"max-image-preview:large","max-video-preview":"max-video-preview:-1"},"canonical":"https:\/\/jchelsinki.fi\/sv\/kontakt\/","og_locale":"sv_SE","og_type":"article","og_title":"Kontakt - Judiska F\u00f6rsamlingen i Helsingfors","og_description":"Du kan kontakta kansliet forts\u00e4ttningsvis per telefon och per epost m\u00e5-to kl 11-16.","og_url":"https:\/\/jchelsinki.fi\/sv\/kontakt\/","og_site_name":"Judiska F\u00f6rsamlingen i Helsingfors","article_modified_time":"2025-11-24T11:24:52+00:00","twitter_card":"summary_large_image","twitter_misc":{"Ber\u00e4knad l\u00e4stid":"2 minuter"},"schema":{"@context":"https:\/\/schema.org","@graph":[{"@type":"WebPage","@id":"https:\/\/jchelsinki.fi\/sv\/kontakt\/","url":"https:\/\/jchelsinki.fi\/sv\/kontakt\/","name":"Kontakt - Judiska F\u00f6rsamlingen i Helsingfors","isPartOf":{"@id":"https:\/\/jchelsinki.fi\/sv\/#website"},"datePublished":"2021-08-27T09:32:12+00:00","dateModified":"2025-11-24T11:24:52+00:00","description":"Du kan kontakta kansliet forts\u00e4ttningsvis per telefon och per epost m\u00e5-to kl 11-16.","breadcrumb":{"@id":"https:\/\/jchelsinki.fi\/sv\/kontakt\/#breadcrumb"},"inLanguage":"sv-SE","potentialAction":[{"@type":"ReadAction","target":["https:\/\/jchelsinki.fi\/sv\/kontakt\/"]}]},{"@type":"BreadcrumbList","@id":"https:\/\/jchelsinki.fi\/sv\/kontakt\/#breadcrumb","itemListElement":[{"@type":"ListItem","position":1,"name":"Etusivu","item":"https:\/\/jchelsinki.fi\/sv\/"},{"@type":"ListItem","position":2,"name":"Kontakt"}]},{"@type":"WebSite","@id":"https:\/\/jchelsinki.fi\/sv\/#website","url":"https:\/\/jchelsinki.fi\/sv\/","name":"Judiska F\u00f6rsamlingen i Helsingfors","description":"Olet Suomen aktiivisimman juutalaisen yhteis\u00f6n sivustolla.","potentialAction":[{"@type":"SearchAction","target":{"@type":"EntryPoint","urlTemplate":"https:\/\/jchelsinki.fi\/sv\/?s={search_term_string}"},"query-input":{"@type":"PropertyValueSpecification","valueRequired":true,"valueName":"search_term_string"}}],"inLanguage":"sv-SE"}]}},"taxonomy_info":[],"featured_image_src_large":false,"author_info":{"display_name":"jch_admin","author_link":"https:\/\/jchelsinki.fi\/sv\/uutiset\/author\/jch_admin\/"},"comment_info":0,"_links":{"self":[{"href":"https:\/\/jchelsinki.fi\/sv\/wp-json\/wp\/v2\/pages\/620","targetHints":{"allow":["GET"]}}],"collection":[{"href":"https:\/\/jchelsinki.fi\/sv\/wp-json\/wp\/v2\/pages"}],"about":[{"href":"https:\/\/jchelsinki.fi\/sv\/wp-json\/wp\/v2\/types\/page"}],"author":[{"embeddable":true,"href":"https:\/\/jchelsinki.fi\/sv\/wp-json\/wp\/v2\/users\/1"}],"replies":[{"embeddable":true,"href":"https:\/\/jchelsinki.fi\/sv\/wp-json\/wp\/v2\/comments?post=620"}],"version-history":[{"count":12,"href":"https:\/\/jchelsinki.fi\/sv\/wp-json\/wp\/v2\/pages\/620\/revisions"}],"predecessor-version":[{"id":1420,"href":"https:\/\/jchelsinki.fi\/sv\/wp-json\/wp\/v2\/pages\/620\/revisions\/1420"}],"wp:attachment":[{"href":"https:\/\/jchelsinki.fi\/sv\/wp-json\/wp\/v2\/media?parent=620"}],"curies":[{"name":"wp","href":"https:\/\/api.w.org\/{rel}","templated":true}]}}