{"id":611,"date":"2021-08-26T15:35:05","date_gmt":"2021-08-26T12:35:05","guid":{"rendered":"http:\/\/jchelsinki.fi\/tietoa-meista\/"},"modified":"2021-12-15T12:10:49","modified_gmt":"2021-12-15T10:10:49","slug":"om-oss","status":"publish","type":"page","link":"https:\/\/jchelsinki.fi\/sv\/om-oss\/","title":{"rendered":"Om oss"},"content":{"rendered":"\n<p class=\"has-medium-font-size\" style=\"line-height:1.4\">V\u00e5r aktiva f\u00f6rsamling \u00e4r en av de nordligaste i v\u00e4rlden. F\u00f6rsamlingen ligger i Kampens omr\u00e5de i centrala Helsingfors. Synagogan byggdes 1906 och centret intill 1961. Vi bedriver en aktiv verksamhet f\u00f6r v\u00e5ra ca 1100 medlemmar med m\u00e5nga tj\u00e4nster och aktiviteter f\u00f6r gamla och unga.<\/p>\n\n\n\n<p>Judisk undervisning har en central roll inom f\u00f6rsamlingen. I f\u00f6rsamlingcentret finns&nbsp;daghemmet&nbsp;<a href=\"http:\/\/ganjeladim.fi\/\">Gan Jeladim<\/a>&nbsp;och&nbsp;<a href=\"http:\/\/hjyk.fi\/\">Helsingfors Judiska Samskola<\/a>&nbsp;som motsvarar en grundskola med nio klasser.&nbsp;Skolans undervisning f\u00f6ljer de statliga riktlinjerna men l\u00e4gger speciell vikt vid&nbsp;judiska studier, s\u00e5som&nbsp;hebreiska, judisk religion och judisk historia.<\/p>\n\n\n\n<p>F\u00f6rsamlingscentret har en festsal och klubblokaler f\u00f6r f\u00f6rsamlingen tillst\u00e4llningar och privata fester. Dessa lokaler anv\u00e4nds\u00a0ocks\u00e5 av daghemmet, skolan och de inom f\u00f6rsamlingen verksamma f\u00f6reningarna f\u00f6r deras\u00a0egna aktiviteter. <\/p>\n\n\n\n<p>Vi l\u00e4gger grunden f\u00f6r en ny judisk seniorgemenskap i Hermanni. Vi erbjuder flera alternativ f\u00f6r dig sj\u00e4lv eller f\u00f6r dina n\u00e4ra och k\u00e4ra. F\u00f6r mer information kontakta f\u00f6rsamlingens kurator tel. 09 586 0310.<\/p>\n\n\n\n<p><\/p>\n\n\n\n<p><\/p>\n","protected":false},"excerpt":{"rendered":"<p>V\u00e5r aktiva f\u00f6rsamling \u00e4r en av de nordligaste i v\u00e4rlden. F\u00f6rsamlingen ligger i Kampens omr\u00e5de i centrala Helsingfors. Synagogan byggdes 1906 och centret intill 1961. Vi bedriver en aktiv verksamhet f\u00f6r v\u00e5ra ca 1100 medlemmar med m\u00e5nga tj\u00e4nster och aktiviteter f\u00f6r gamla och unga. Judisk undervisning har en central roll inom f\u00f6rsamlingen. I f\u00f6rsamlingcentret finns&nbsp;daghemmet&nbsp;Gan&#8230;<\/p>\n","protected":false},"author":1,"featured_media":0,"parent":0,"menu_order":0,"comment_status":"closed","ping_status":"closed","template":"","meta":{"inline_featured_image":false,"_kad_blocks_custom_css":"","_kad_blocks_head_custom_js":"","_kad_blocks_body_custom_js":"","_kad_blocks_footer_custom_js":"","_kad_post_transparent":"","_kad_post_title":"","_kad_post_layout":"","_kad_post_sidebar_id":"","_kad_post_content_style":"","_kad_post_vertical_padding":"","_kad_post_feature":"","_kad_post_feature_position":"","_kad_post_header":false,"_kad_post_footer":false,"_kad_post_classname":"","footnotes":""},"class_list":["post-611","page","type-page","status-publish","hentry"],"yoast_head":"<!-- This site is optimized with the Yoast SEO plugin v27.3 - https:\/\/yoast.com\/product\/yoast-seo-wordpress\/ -->\n<title>Om oss - Judiska F\u00f6rsamlingen i Helsingfors<\/title>\n<meta name=\"description\" content=\"V\u00e5r aktiva f\u00f6rsamling \u00e4r en av de nordligaste i v\u00e4rlden. F\u00f6rsamlingen ligger i Kampens omr\u00e5de i centrala Helsingfors.\" \/>\n<meta name=\"robots\" content=\"index, follow, max-snippet:-1, max-image-preview:large, max-video-preview:-1\" \/>\n<link rel=\"canonical\" href=\"https:\/\/jchelsinki.fi\/sv\/om-oss\/\" \/>\n<meta property=\"og:locale\" content=\"sv_SE\" \/>\n<meta property=\"og:type\" content=\"article\" \/>\n<meta property=\"og:title\" content=\"Om oss - Judiska F\u00f6rsamlingen i Helsingfors\" \/>\n<meta property=\"og:description\" content=\"V\u00e5r aktiva f\u00f6rsamling \u00e4r en av de nordligaste i v\u00e4rlden. F\u00f6rsamlingen ligger i Kampens omr\u00e5de i centrala Helsingfors.\" \/>\n<meta property=\"og:url\" content=\"https:\/\/jchelsinki.fi\/sv\/om-oss\/\" \/>\n<meta property=\"og:site_name\" content=\"Judiska F\u00f6rsamlingen i Helsingfors\" \/>\n<meta property=\"article:modified_time\" content=\"2021-12-15T10:10:49+00:00\" \/>\n<meta name=\"twitter:card\" content=\"summary_large_image\" \/>\n<meta name=\"twitter:label1\" content=\"Ber\u00e4knad l\u00e4stid\" \/>\n\t<meta name=\"twitter:data1\" content=\"1 minut\" \/>\n<script type=\"application\/ld+json\" class=\"yoast-schema-graph\">{\"@context\":\"https:\\\/\\\/schema.org\",\"@graph\":[{\"@type\":\"WebPage\",\"@id\":\"https:\\\/\\\/jchelsinki.fi\\\/sv\\\/om-oss\\\/\",\"url\":\"https:\\\/\\\/jchelsinki.fi\\\/sv\\\/om-oss\\\/\",\"name\":\"Om oss - Judiska F\u00f6rsamlingen i Helsingfors\",\"isPartOf\":{\"@id\":\"https:\\\/\\\/jchelsinki.fi\\\/sv\\\/#website\"},\"datePublished\":\"2021-08-26T12:35:05+00:00\",\"dateModified\":\"2021-12-15T10:10:49+00:00\",\"description\":\"V\u00e5r aktiva f\u00f6rsamling \u00e4r en av de nordligaste i v\u00e4rlden. F\u00f6rsamlingen ligger i Kampens omr\u00e5de i centrala Helsingfors.\",\"breadcrumb\":{\"@id\":\"https:\\\/\\\/jchelsinki.fi\\\/sv\\\/om-oss\\\/#breadcrumb\"},\"inLanguage\":\"sv-SE\",\"potentialAction\":[{\"@type\":\"ReadAction\",\"target\":[\"https:\\\/\\\/jchelsinki.fi\\\/sv\\\/om-oss\\\/\"]}]},{\"@type\":\"BreadcrumbList\",\"@id\":\"https:\\\/\\\/jchelsinki.fi\\\/sv\\\/om-oss\\\/#breadcrumb\",\"itemListElement\":[{\"@type\":\"ListItem\",\"position\":1,\"name\":\"Etusivu\",\"item\":\"https:\\\/\\\/jchelsinki.fi\\\/sv\\\/\"},{\"@type\":\"ListItem\",\"position\":2,\"name\":\"Om oss\"}]},{\"@type\":\"WebSite\",\"@id\":\"https:\\\/\\\/jchelsinki.fi\\\/sv\\\/#website\",\"url\":\"https:\\\/\\\/jchelsinki.fi\\\/sv\\\/\",\"name\":\"Judiska F\u00f6rsamlingen i Helsingfors\",\"description\":\"Olet Suomen aktiivisimman juutalaisen yhteis\u00f6n sivustolla.\",\"potentialAction\":[{\"@type\":\"SearchAction\",\"target\":{\"@type\":\"EntryPoint\",\"urlTemplate\":\"https:\\\/\\\/jchelsinki.fi\\\/sv\\\/?s={search_term_string}\"},\"query-input\":{\"@type\":\"PropertyValueSpecification\",\"valueRequired\":true,\"valueName\":\"search_term_string\"}}],\"inLanguage\":\"sv-SE\"}]}<\/script>\n<!-- \/ Yoast SEO plugin. -->","yoast_head_json":{"title":"Om oss - Judiska F\u00f6rsamlingen i Helsingfors","description":"V\u00e5r aktiva f\u00f6rsamling \u00e4r en av de nordligaste i v\u00e4rlden. F\u00f6rsamlingen ligger i Kampens omr\u00e5de i centrala Helsingfors.","robots":{"index":"index","follow":"follow","max-snippet":"max-snippet:-1","max-image-preview":"max-image-preview:large","max-video-preview":"max-video-preview:-1"},"canonical":"https:\/\/jchelsinki.fi\/sv\/om-oss\/","og_locale":"sv_SE","og_type":"article","og_title":"Om oss - Judiska F\u00f6rsamlingen i Helsingfors","og_description":"V\u00e5r aktiva f\u00f6rsamling \u00e4r en av de nordligaste i v\u00e4rlden. F\u00f6rsamlingen ligger i Kampens omr\u00e5de i centrala Helsingfors.","og_url":"https:\/\/jchelsinki.fi\/sv\/om-oss\/","og_site_name":"Judiska F\u00f6rsamlingen i Helsingfors","article_modified_time":"2021-12-15T10:10:49+00:00","twitter_card":"summary_large_image","twitter_misc":{"Ber\u00e4knad l\u00e4stid":"1 minut"},"schema":{"@context":"https:\/\/schema.org","@graph":[{"@type":"WebPage","@id":"https:\/\/jchelsinki.fi\/sv\/om-oss\/","url":"https:\/\/jchelsinki.fi\/sv\/om-oss\/","name":"Om oss - Judiska F\u00f6rsamlingen i Helsingfors","isPartOf":{"@id":"https:\/\/jchelsinki.fi\/sv\/#website"},"datePublished":"2021-08-26T12:35:05+00:00","dateModified":"2021-12-15T10:10:49+00:00","description":"V\u00e5r aktiva f\u00f6rsamling \u00e4r en av de nordligaste i v\u00e4rlden. F\u00f6rsamlingen ligger i Kampens omr\u00e5de i centrala Helsingfors.","breadcrumb":{"@id":"https:\/\/jchelsinki.fi\/sv\/om-oss\/#breadcrumb"},"inLanguage":"sv-SE","potentialAction":[{"@type":"ReadAction","target":["https:\/\/jchelsinki.fi\/sv\/om-oss\/"]}]},{"@type":"BreadcrumbList","@id":"https:\/\/jchelsinki.fi\/sv\/om-oss\/#breadcrumb","itemListElement":[{"@type":"ListItem","position":1,"name":"Etusivu","item":"https:\/\/jchelsinki.fi\/sv\/"},{"@type":"ListItem","position":2,"name":"Om oss"}]},{"@type":"WebSite","@id":"https:\/\/jchelsinki.fi\/sv\/#website","url":"https:\/\/jchelsinki.fi\/sv\/","name":"Judiska F\u00f6rsamlingen i Helsingfors","description":"Olet Suomen aktiivisimman juutalaisen yhteis\u00f6n sivustolla.","potentialAction":[{"@type":"SearchAction","target":{"@type":"EntryPoint","urlTemplate":"https:\/\/jchelsinki.fi\/sv\/?s={search_term_string}"},"query-input":{"@type":"PropertyValueSpecification","valueRequired":true,"valueName":"search_term_string"}}],"inLanguage":"sv-SE"}]}},"taxonomy_info":[],"featured_image_src_large":false,"author_info":{"display_name":"jch_admin","author_link":"https:\/\/jchelsinki.fi\/sv\/uutiset\/author\/jch_admin\/"},"comment_info":0,"_links":{"self":[{"href":"https:\/\/jchelsinki.fi\/sv\/wp-json\/wp\/v2\/pages\/611","targetHints":{"allow":["GET"]}}],"collection":[{"href":"https:\/\/jchelsinki.fi\/sv\/wp-json\/wp\/v2\/pages"}],"about":[{"href":"https:\/\/jchelsinki.fi\/sv\/wp-json\/wp\/v2\/types\/page"}],"author":[{"embeddable":true,"href":"https:\/\/jchelsinki.fi\/sv\/wp-json\/wp\/v2\/users\/1"}],"replies":[{"embeddable":true,"href":"https:\/\/jchelsinki.fi\/sv\/wp-json\/wp\/v2\/comments?post=611"}],"version-history":[{"count":3,"href":"https:\/\/jchelsinki.fi\/sv\/wp-json\/wp\/v2\/pages\/611\/revisions"}],"predecessor-version":[{"id":943,"href":"https:\/\/jchelsinki.fi\/sv\/wp-json\/wp\/v2\/pages\/611\/revisions\/943"}],"wp:attachment":[{"href":"https:\/\/jchelsinki.fi\/sv\/wp-json\/wp\/v2\/media?parent=611"}],"curies":[{"name":"wp","href":"https:\/\/api.w.org\/{rel}","templated":true}]}}